{"id":111576,"date":"2026-03-13T00:00:00","date_gmt":"2026-03-12T23:00:00","guid":{"rendered":"http:\/\/gpl-love.com\/fr\/produit\/the-events-calendar-pro\/"},"modified":"2026-04-10T18:42:15","modified_gmt":"2026-04-10T16:42:15","slug":"the-events-calendar-pro","status":"publish","type":"product","link":"https:\/\/gpl-love.com\/fr\/produit\/the-events-calendar-pro\/","title":{"rendered":"The Events Calendar Pro 7.7.14"},"content":{"rendered":"<h3>The Events Calendar Pro Traits<\/h3>\n<p>Le Calendar Pro Events est un plugin \u00e9tendu et puissant qui vous accorde la capacit\u00e9 d&rsquo;administrer et de pr\u00e9senter sans effort vos \u00e9v\u00e9nements sur votre site Web WordPress. Avec son interface conviviale, vous avez la commodit\u00e9 de g\u00e9n\u00e9rer et de g\u00e9rer sans effort des \u00e9v\u00e9nements, englobant des \u00e9v\u00e9nements r\u00e9currents, des ventes de billets et des RSVP. De plus, vous avez la possibilit\u00e9 de personnaliser votre calendrier pour vous harmoniser avec l&rsquo;esth\u00e9tique et l&rsquo;ambiance de votre site Web et pr\u00e9sentent vos \u00e9v\u00e9nements dans divers formats, englobant des calendriers, des listes et des cartes. De plus, le plugin comprend des fonctionnalit\u00e9s avanc\u00e9es comme les champs personnalis\u00e9s, le filtrage et l&rsquo;int\u00e9gration avec d&rsquo;autres plugins et services comme Google Maps, WooCommerce et Facebook. Les \u00e9v\u00e9nements Calendar Pro sert de r\u00e9solution id\u00e9ale pour les personnes cherchant \u00e0 optimiser leur gestion des \u00e9v\u00e9nements et \u00e0 augmenter l&rsquo;engagement avec leur public.<\/p>\n<ul>\n<li>Un outil puissant pour cr\u00e9er et g\u00e9rer des \u00e9v\u00e9nements sur votre site WordPress.<\/li>\n<li>Personnalisez votre calendrier pour correspondre \u00e0 votre marque avec diverses options de conception et dispositions.<\/li>\n<li>Ajouter facilement les \u00e9v\u00e9nements et d\u00e9finir les d\u00e9tails de l&rsquo;\u00e9v\u00e9nement tels que les dates, les heures, l&#8217;emplacement et les informations sur les billets.<\/li>\n<li>Affichez vos \u00e9v\u00e9nements dans diverses vues, y compris le mois, la semaine, la journ\u00e9e et la vue de liste.<\/li>\n<li>D\u00e9finissez r\u00e9guli\u00e8rement des options de r\u00e9cidive pour les \u00e9v\u00e9nements qui se r\u00e9p\u00e8tent r\u00e9guli\u00e8rement, comme hebdomadaire ou mensuel.<\/li>\n<li>Permettez aux utilisateurs de soumettre des \u00e9v\u00e9nements directement \u00e0 votre site Web avec la fonction de soumissions frontales.<\/li>\n<li>Vendez des billets et collectez les paiements pour les \u00e9v\u00e9nements avec plusieurs options de billets et les prix.<\/li>\n<li>Int\u00e9grez \u00e0 d&rsquo;autres plugins WordPress populaires tels que WooCommerce, Google Maps, etc.<\/li>\n<li>Obtenez le soutien d&rsquo;une \u00e9quipe d&rsquo;experts qui peuvent aider \u00e0 r\u00e9soudre les probl\u00e8mes que vous pourriez rencontrer.<\/li>\n<li>Gardez vos \u00e9v\u00e9nements organis\u00e9s et accessibles avec un syst\u00e8me complet de gestion backend.<\/li>\n<\/ul>\n","protected":false},"excerpt":{"rendered":"<p>Les \u00e9v\u00e9nements Calendar Pro, \u00e9tant l&rsquo;outil de gestion des \u00e9v\u00e9nements ultime pour les entreprises, les organisations et les individus qui ont pour l&rsquo;organisation d&rsquo;\u00e9v\u00e9nements, poss\u00e8de une vaste gamme de fonctionnalit\u00e9s puissantes qui permettent \u00e0 ses utilisateurs de cr\u00e9er et de g\u00e9rer sans effort leurs \u00e9v\u00e9nements. Des fonctionnalit\u00e9s de planification et de billetterie efficaces au suivi m\u00e9ticuleux des RSVP et \u00e0 l&rsquo;int\u00e9gration transparente avec les plateformes de m\u00e9dias sociaux, le Calendar Pro offre une exp\u00e9rience de planification et d&rsquo;ex\u00e9cution d&rsquo;\u00e9v\u00e9nements sans faille. En plus de son interface personnalisable conviviale, qui permet d&rsquo;adapter le calendrier pour r\u00e9pondre \u00e0 ses besoins et pr\u00e9f\u00e9rences sp\u00e9cifiques, cet outil remarquable poss\u00e8de \u00e9galement des fonctionnalit\u00e9s avanc\u00e9es telles que le suivi de la pr\u00e9sence, les notifications de rappel automatis\u00e9es et la capacit\u00e9 pratique \u00e0 accepter les paiements. Que l&rsquo;on organise un petit rassemblement intime ou une conf\u00e9rence \u00e0 grande \u00e9chelle, le Calendar Pro des \u00e9v\u00e9nements se distingue comme l&rsquo;outil de choix in\u00e9gal\u00e9 pour simplifier et affiner sans effort le processus de planification des \u00e9v\u00e9nements.<\/p>\n","protected":false},"featured_media":145467,"comment_status":"open","ping_status":"open","template":"","meta":[],"product_brand":[2671],"product_cat":[1189,1181,1186],"product_tag":[1532],"class_list":{"0":"post-111576","1":"product","2":"type-product","3":"status-publish","4":"has-post-thumbnail","6":"product_brand-the-events-calendar","7":"product_cat-personnalisation","8":"product_cat-plugins","9":"product_cat-wordpress-plugins","10":"product_tag-the-events-calendar","11":"member-discount","12":"discount-restricted","14":"first","15":"instock","16":"sale","17":"downloadable","18":"virtual","19":"sold-individually","20":"purchasable","21":"product-type-simple"},"_links":{"self":[{"href":"https:\/\/gpl-love.com\/fr\/wp-json\/wp\/v2\/product\/111576","targetHints":{"allow":["GET"]}}],"collection":[{"href":"https:\/\/gpl-love.com\/fr\/wp-json\/wp\/v2\/product"}],"about":[{"href":"https:\/\/gpl-love.com\/fr\/wp-json\/wp\/v2\/types\/product"}],"replies":[{"embeddable":true,"href":"https:\/\/gpl-love.com\/fr\/wp-json\/wp\/v2\/comments?post=111576"}],"wp:featuredmedia":[{"embeddable":true,"href":"https:\/\/gpl-love.com\/fr\/wp-json\/wp\/v2\/media\/145467"}],"wp:attachment":[{"href":"https:\/\/gpl-love.com\/fr\/wp-json\/wp\/v2\/media?parent=111576"}],"wp:term":[{"taxonomy":"product_brand","embeddable":true,"href":"https:\/\/gpl-love.com\/fr\/wp-json\/wp\/v2\/product_brand?post=111576"},{"taxonomy":"product_cat","embeddable":true,"href":"https:\/\/gpl-love.com\/fr\/wp-json\/wp\/v2\/product_cat?post=111576"},{"taxonomy":"product_tag","embeddable":true,"href":"https:\/\/gpl-love.com\/fr\/wp-json\/wp\/v2\/product_tag?post=111576"}],"curies":[{"name":"wp","href":"https:\/\/api.w.org\/{rel}","templated":true}]}}