{"id":111573,"date":"2021-02-09T00:00:00","date_gmt":"2021-02-08T23:00:00","guid":{"rendered":"http:\/\/gpl-love.com\/fr\/produit\/suave-multipurpose-woocommerce-theme\/"},"modified":"2026-04-10T18:41:22","modified_gmt":"2026-04-10T16:41:22","slug":"suave-multipurpose-woocommerce-theme","status":"publish","type":"product","link":"https:\/\/gpl-love.com\/fr\/produit\/suave-multipurpose-woocommerce-theme\/","title":{"rendered":"Suave MultiPurpose WooCommerce Theme 1.9.9"},"content":{"rendered":"<h3>Suave MultiPurpose WooCommerce Theme Traits<\/h3>\n<p>Le th\u00e8me WooCommerce suave polyvalent, un th\u00e8me de commerce \u00e9lectronique tr\u00e8s polyvalent et enti\u00e8rement personnalisable, a \u00e9t\u00e9 m\u00e9ticuleusement con\u00e7u pour r\u00e9pondre aux entreprises de toutes tailles. Ce th\u00e8me poss\u00e8de une incroyable gamme de fonctionnalit\u00e9s et d&rsquo;outils qui facilitent sans effort la cr\u00e9ation d&rsquo;une boutique en ligne \u00e9l\u00e9gante et professionnelle. Offrant une vaste palette d&rsquo;options de couleurs illimit\u00e9es, la possibilit\u00e9 de personnaliser les arri\u00e8re-plans et la commodit\u00e9 d&rsquo;un constructeur de pages de glisser-d\u00e9poser des utilisateurs, le th\u00e8me suave permet vraiment aux utilisateurs de donner vie \u00e0 leur vision cr\u00e9ative. De plus, sa conception r\u00e9active garantit que le th\u00e8me suave maintient son allure esth\u00e9tique et ses fonctionnalit\u00e9s transparentes sur tous les appareils, des ordinateurs de bureau traditionnels aux smartphones de pointe. En outre, ce th\u00e8me exceptionnel est \u00e9quip\u00e9 d&rsquo;une g\u00e9n\u00e9reuse s\u00e9lection de mod\u00e8les et de pages de d\u00e9monstration pr\u00e9-con\u00e7us, acc\u00e9l\u00e9rant le processus de configuration initial et fournissant une base solide sur laquelle construire. Pour ceux qui recherchent le plus grand contr\u00f4le sur la conception et les fonctionnalit\u00e9s de leur magasin, le th\u00e8me suave propose un panneau de th\u00e8me robuste qui offre des options de personnalisation in\u00e9gal\u00e9es. Que votre entreprise tourne autour des produits tangibles ou des t\u00e9l\u00e9chargements num\u00e9riques, le th\u00e8me suave polyvalent WooCommerce est incontestablement un choix impeccable, destin\u00e9 \u00e0 autonomiser les entreprises de commerce \u00e9lectronique pour \u00e9tablir une pr\u00e9sence en ligne influente.<\/p>\n<ul>\n<li>Th\u00e8me WooCommerce enti\u00e8rement personnalisable avec design \u00e9l\u00e9gant et moderne<\/li>\n<li>Optimis\u00e9 par le mobile avec une conception r\u00e9active<\/li>\n<li>Livr\u00e9 avec 12+ mises en page uniques de page d&rsquo;accueil et un g\u00e9n\u00e9rateur de page de glisser-d\u00e9poser facile \u00e0 utiliser<\/li>\n<li>Options de couleurs illimit\u00e9es et int\u00e9gration des polices Google<\/li>\n<li>S\u00e9o-adapt\u00e9 et optimis\u00e9 pour une vitesse de chargement rapide<\/li>\n<li>Support de menu Mega int\u00e9gr\u00e9<\/li>\n<li>Compatible avec des plugins populaires comme WooCommerce, Contact Form 7 et WPML<\/li>\n<li>Comprend la prise en charge de la vue rapide du produit et du filtrage des produits AJAX<\/li>\n<li>Documentation compl\u00e8te et \u00e9quipe de support client d\u00e9di\u00e9e disponible<\/li>\n<\/ul>\n","protected":false},"excerpt":{"rendered":"<p>Le th\u00e8me de WooCommerce suave polyvalent est une solution de commerce \u00e9lectronique incroyablement flexible et contemporaine qui m\u00e9lange sans effort des \u00e9l\u00e9ments de conception \u00e0 couper le souffle avec des fonctionnalit\u00e9s robustes. Il a \u00e9t\u00e9 sp\u00e9cifiquement con\u00e7u pour s&rsquo;int\u00e9grer de mani\u00e8re transparente \u00e0 la plate-forme WooCommerce, garantissant une exp\u00e9rience utilisateur transparente et coh\u00e9rente. Suave est \u00e9quip\u00e9 d&rsquo;un vaste r\u00e9pertoire d&rsquo;outils et de fonctionnalit\u00e9s indispensables pour la cr\u00e9ation et la maintenance d&rsquo;une boutique en ligne prosp\u00e8re. Il s&rsquo;agit notamment d&rsquo;une gamme de filtres de produit int\u00e9gr\u00e9s, de capacit\u00e9s de zoom d&rsquo;image et d&rsquo;options de recherche avanc\u00e9es, qui contribuent toutes \u00e0 une exp\u00e9rience de navigation am\u00e9lior\u00e9e. En outre, Suave poss\u00e8de une disposition enti\u00e8rement personnalisable et un constructeur de pages glisser-d\u00e9poser des utilisateurs, ce qui rend d\u00e9licieusement sans effort pour fa\u00e7onner une boutique en ligne vraiment unique en son genre qui rayonne le professionnalisme et captive l&rsquo;attention. Que votre entreprise se concentre sur les marchandises tangibles ou intangibles, le th\u00e8me suave polyvalent polyvalent est sans aucun doute le choix par excellence pour toute entreprise en ligne qui cherche \u00e0 maximiser les ventes et \u00e0 \u00e9tendre sa port\u00e9e de march\u00e9 \u00e0 des hauteurs impressionnantes.<\/p>\n","protected":false},"featured_media":145395,"comment_status":"open","ping_status":"open","template":"","meta":[],"product_brand":[2433],"product_cat":[1214,1212,1213],"product_tag":[1366],"class_list":{"0":"post-111573","1":"product","2":"type-product","3":"status-publish","4":"has-post-thumbnail","6":"product_brand-themeforest","7":"product_cat-polyvalent","8":"product_cat-themes","9":"product_cat-wordpress-themes","10":"product_tag-themeforest","11":"member-discount","12":"discount-restricted","14":"first","15":"instock","16":"sale","17":"downloadable","18":"virtual","19":"sold-individually","20":"purchasable","21":"product-type-simple"},"_links":{"self":[{"href":"https:\/\/gpl-love.com\/fr\/wp-json\/wp\/v2\/product\/111573","targetHints":{"allow":["GET"]}}],"collection":[{"href":"https:\/\/gpl-love.com\/fr\/wp-json\/wp\/v2\/product"}],"about":[{"href":"https:\/\/gpl-love.com\/fr\/wp-json\/wp\/v2\/types\/product"}],"replies":[{"embeddable":true,"href":"https:\/\/gpl-love.com\/fr\/wp-json\/wp\/v2\/comments?post=111573"}],"wp:featuredmedia":[{"embeddable":true,"href":"https:\/\/gpl-love.com\/fr\/wp-json\/wp\/v2\/media\/145395"}],"wp:attachment":[{"href":"https:\/\/gpl-love.com\/fr\/wp-json\/wp\/v2\/media?parent=111573"}],"wp:term":[{"taxonomy":"product_brand","embeddable":true,"href":"https:\/\/gpl-love.com\/fr\/wp-json\/wp\/v2\/product_brand?post=111573"},{"taxonomy":"product_cat","embeddable":true,"href":"https:\/\/gpl-love.com\/fr\/wp-json\/wp\/v2\/product_cat?post=111573"},{"taxonomy":"product_tag","embeddable":true,"href":"https:\/\/gpl-love.com\/fr\/wp-json\/wp\/v2\/product_tag?post=111573"}],"curies":[{"name":"wp","href":"https:\/\/api.w.org\/{rel}","templated":true}]}}