{"id":111571,"date":"2025-06-02T00:00:00","date_gmt":"2025-06-01T22:00:00","guid":{"rendered":"http:\/\/gpl-love.com\/fr\/produit\/squaretype-modern-blog-wordpress-theme\/"},"modified":"2026-04-10T18:40:25","modified_gmt":"2026-04-10T16:40:25","slug":"squaretype-modern-blog-wordpress-theme","status":"publish","type":"product","link":"https:\/\/gpl-love.com\/fr\/produit\/squaretype-modern-blog-wordpress-theme\/","title":{"rendered":"Squaretype Modern Blog WordPress Theme 3.1.1"},"content":{"rendered":"<h3>Squaretype Modern Blog WordPress Theme Traits<\/h3>\n<p>Le th\u00e8me WordPress du blog moderne SquareType se pr\u00e9sente comme une alternative de conception esth\u00e9tique et bien organis\u00e9e pour les blogueurs qui cherchent \u00e0 montrer leur contenu de mani\u00e8re s\u00e9duisante. B\u00e9n\u00e9ficiant d&rsquo;une apparence \u00e9l\u00e9gante et \u00e9l\u00e9gante, ce th\u00e8me se r\u00e9v\u00e8le \u00eatre une option id\u00e9ale pour les individus aspirant \u00e0 une esth\u00e9tique vierge et contemporaine pour leur blog. De plus, le th\u00e8me englobe un \u00e9ventail de fonctionnalit\u00e9s personnalisables, allant de divers sch\u00e9mas de couleurs aux s\u00e9lections de polices, facilitant ainsi la cr\u00e9ation d&rsquo;une ambiance distinctive et personnalis\u00e9e qui refl\u00e8te avec pr\u00e9cision le go\u00fbt et la pr\u00e9f\u00e9rence individuels. En outre, il est \u00e0 noter que ce th\u00e8me est non seulement optimis\u00e9 par le moteur de recherche, mais aussi r\u00e9actif, garantissant que votre blog maintient son exquisit\u00e9 visuelle sur tous les appareils. Pour r\u00e9sumer, le th\u00e8me WordPress du blog moderne SquareType r\u00e9pond efficacement aux besoins des blogueurs qui aspirent \u00e0 cultiver une pr\u00e9sence en ligne professionnelle et visuellement captivante.<\/p>\n<ul>\n<li>Un design \u00e9l\u00e9gant et \u00e9l\u00e9gant pour un blog moderne<\/li>\n<li>Compatible avec WordPress, un syst\u00e8me de gestion de contenu largement utilis\u00e9<\/li>\n<li>Enti\u00e8rement r\u00e9actif et adapt\u00e9 aux mobiles, parfait pour les lecteurs en d\u00e9placement<\/li>\n<li>Plusieurs options de mise en page pour les pages et les publications<\/li>\n<li>Int\u00e9gration int\u00e9gr\u00e9e des m\u00e9dias sociaux pour partager facilement le contenu et se connecter avec les lecteurs<\/li>\n<li>Couleurs, polices et autres param\u00e8tres personnalisables pour correspondre \u00e0 votre marque<\/li>\n<li>Fonctionnalit\u00e9 de recherche int\u00e9gr\u00e9e pour une navigation facile<\/li>\n<li>Builateur de pages convivial pour une personnalisation facile sans connaissances de codage<\/li>\n<li>SEO optimis\u00e9 pour un meilleur classement des moteurs de recherche<\/li>\n<li>Mises \u00e0 jour r\u00e9guli\u00e8res et soutien \u00e0 l&rsquo;am\u00e9lioration continue et au d\u00e9pannage<\/li>\n<\/ul>\n","protected":false},"excerpt":{"rendered":"<p>Le th\u00e8me WordPress du blog moderne SquareType, avec son design \u00e9l\u00e9gant et \u00e9l\u00e9gant, est un excellent choix pour les blogueurs qui souhaitent une apparence contemporaine pour leur site Web. Sa disposition enti\u00e8rement r\u00e9active, qui est optimis\u00e9e pour l&rsquo;utilisation sur les appareils mobiles, assure une exp\u00e9rience utilisateur transparente sur toutes les plateformes. En outre, ce th\u00e8me propose une multitude d&rsquo;options personnalisables, y compris diverses options de mise en page, des widgets personnalis\u00e9s et un panneau d&rsquo;options de th\u00e8me robuste. De plus, il poss\u00e8de une fonctionnalit\u00e9 de partage social int\u00e9gr\u00e9, permettant aux blogueurs de diffuser sans effort leur contenu sur diverses plateformes de m\u00e9dias sociaux. Que vous vous sp\u00e9cialisiez dans la mode, la nourriture ou les voyages, le th\u00e8me WordPress du blog moderne SquareType est une option exceptionnelle pour montrer votre contenu de mani\u00e8re \u00e9l\u00e9gante et professionnelle.<\/p>\n","protected":false},"featured_media":145317,"comment_status":"open","ping_status":"open","template":"","meta":[],"product_brand":[2433],"product_cat":[1220,1212,1213],"product_tag":[1366],"class_list":{"0":"post-111571","1":"product","2":"type-product","3":"status-publish","4":"has-post-thumbnail","6":"product_brand-themeforest","7":"product_cat-blog-magazine","8":"product_cat-themes","9":"product_cat-wordpress-themes","10":"product_tag-themeforest","11":"member-discount","12":"discount-restricted","14":"first","15":"instock","16":"sale","17":"downloadable","18":"virtual","19":"sold-individually","20":"purchasable","21":"product-type-simple"},"_links":{"self":[{"href":"https:\/\/gpl-love.com\/fr\/wp-json\/wp\/v2\/product\/111571","targetHints":{"allow":["GET"]}}],"collection":[{"href":"https:\/\/gpl-love.com\/fr\/wp-json\/wp\/v2\/product"}],"about":[{"href":"https:\/\/gpl-love.com\/fr\/wp-json\/wp\/v2\/types\/product"}],"replies":[{"embeddable":true,"href":"https:\/\/gpl-love.com\/fr\/wp-json\/wp\/v2\/comments?post=111571"}],"wp:featuredmedia":[{"embeddable":true,"href":"https:\/\/gpl-love.com\/fr\/wp-json\/wp\/v2\/media\/145317"}],"wp:attachment":[{"href":"https:\/\/gpl-love.com\/fr\/wp-json\/wp\/v2\/media?parent=111571"}],"wp:term":[{"taxonomy":"product_brand","embeddable":true,"href":"https:\/\/gpl-love.com\/fr\/wp-json\/wp\/v2\/product_brand?post=111571"},{"taxonomy":"product_cat","embeddable":true,"href":"https:\/\/gpl-love.com\/fr\/wp-json\/wp\/v2\/product_cat?post=111571"},{"taxonomy":"product_tag","embeddable":true,"href":"https:\/\/gpl-love.com\/fr\/wp-json\/wp\/v2\/product_tag?post=111571"}],"curies":[{"name":"wp","href":"https:\/\/api.w.org\/{rel}","templated":true}]}}