{"id":111569,"date":"2026-03-16T00:00:00","date_gmt":"2026-03-15T23:00:00","guid":{"rendered":"http:\/\/gpl-love.com\/fr\/produit\/bridge-creative-multipurpose-wordpress-theme\/"},"modified":"2026-03-20T22:57:27","modified_gmt":"2026-03-20T21:57:27","slug":"bridge-creative-multipurpose-wordpress-theme","status":"publish","type":"product","link":"https:\/\/gpl-love.com\/fr\/produit\/bridge-creative-multipurpose-wordpress-theme\/","title":{"rendered":"Bridge Creative Multipurpose WordPress Theme 30.8.8.7"},"content":{"rendered":"<h3>Bridge Creative Multipurpose WordPress Theme Traits<\/h3>\n<p>Le th\u00e8me WordPress multipurpose Bridge Creative se distingue par sa nature innovante et sa polyvalence, ce qui le rend adapt\u00e9 \u00e0 un large \u00e9ventail de fins. Il poss\u00e8de un design \u00e9l\u00e9gant et moderne, qui peut \u00eatre facilement adapt\u00e9 \u00e0 vos besoins de marque. Ce th\u00e8me est \u00e9quip\u00e9 d&rsquo;une pl\u00e9thore de fonctionnalit\u00e9s et d&rsquo;outils puissants, tels qu&rsquo;un constructeur de page de glisser-d\u00e9poser pratique, de nombreuses d\u00e9mos pr\u00e9d\u00e9finies parmi lesquelles choisir, une vaste s\u00e9lection d&rsquo;options de polices et de couleurs, et une interface utilisateur con\u00e7ue intuitivement. Notamment, Bridge est enti\u00e8rement optimis\u00e9 pour le r\u00e9f\u00e9rencement et assure une exp\u00e9rience utilisateur transparente sur tous les appareils, car il est enti\u00e8rement r\u00e9actif. Que vous soyez un blogueur, un propri\u00e9taire d&rsquo;entreprise ou une agence cr\u00e9ative, le th\u00e8me WordPress multipurpose Bridge Creative se pr\u00e9sente comme une option exceptionnelle pour fabriquer un site Web visuellement frappant et hautement fonctionnel.<\/p>\n<ul>\n<li>Design enti\u00e8rement r\u00e9actif et convivial<\/li>\n<li>Importation de d\u00e9monstration en un clic pour une configuration de site Web facile<\/li>\n<li>Panneau d&rsquo;options de th\u00e8me avanc\u00e9 pour la personnalisation<\/li>\n<li>Multipliers et dispositions de pied de page<\/li>\n<li>Typographie et options de personnalisation exceptionnelles<\/li>\n<li>Plus de 500 options de police avec l&rsquo;int\u00e9gration de polices Google<\/li>\n<li>Compatibilit\u00e9 WooCommerce pour une cr\u00e9ation de boutiques en ligne facile<\/li>\n<li>Options de mise en page de blog multiples<\/li>\n<li>Formats de poste avanc\u00e9s pour les types de contenu vari\u00e9s<\/li>\n<li>Mod\u00e8les pr\u00e9d\u00e9finis pour environ, services, portefeuille et pages de contact<\/li>\n<li>SEO optimis\u00e9 pour les classements de moteur de recherche plus \u00e9lev\u00e9s<\/li>\n<li>Int\u00e9gration des m\u00e9dias sociaux avec les boutons de partage et de suivi<\/li>\n<li>Support rapide et fiable de d\u00e9veloppeurs exp\u00e9riment\u00e9s<\/li>\n<li>Mises \u00e0 jour de th\u00e8me r\u00e9guli\u00e8res avec de nouvelles fonctionnalit\u00e9s et corrections de bogues.<\/li>\n<\/ul>\n","protected":false},"excerpt":{"rendered":"<p>Pr\u00e9sentation du th\u00e8me WordPress polyvalent cr\u00e9atif Bridge Creative, la solution parfaite pour tous les besoins de votre site Web. Ce th\u00e8me polyvalent et convivial est livr\u00e9 avec une vaste gamme de fonctionnalit\u00e9s personnalisables, id\u00e9ale pour les d\u00e9butants et les concepteurs Web exp\u00e9riment\u00e9s.<\/p>\n<p>Que vous soyez un artiste cr\u00e9atif, une entreprise d&rsquo;entreprise ou un magasin de commerce \u00e9lectronique, le th\u00e8me Bridge propose une gamme de mod\u00e8les et de dispositions pour r\u00e9pondre \u00e0 tous les styles et exigences. Sa conception fluide et r\u00e9active assure une exp\u00e9rience transparente sur tous les appareils, offrant une apparence professionnelle et polie \u00e0 votre site.<\/p>\n<p>Craft de beaux sites Web uniques avec le compositeur visuel facile \u00e0 utiliser et mettez en valeur votre travail avec de superbes options de portefeuille. Le th\u00e8me du pont prend en charge l&rsquo;int\u00e9gration WooCommerce pour les magasins en ligne et comprend des options de typographie avanc\u00e9es pour la personnalisation de l&rsquo;image de marque ultime.<\/p>\n<p>Avec une structure conviviale de r\u00e9f\u00e9rencement, votre site se classera plus haut dans les moteurs de recherche, garantissant une visibilit\u00e9 maximale. B\u00e9n\u00e9ficiez des mises \u00e0 jour r\u00e9guli\u00e8res pour maintenir votre site Web avec optimiste. Choisissez le th\u00e8me WordPress polyvalent cr\u00e9atif Bridge pour une solution de conception Web compl\u00e8te de qualit\u00e9 sup\u00e9rieure.<\/p>\n","protected":false},"featured_media":143318,"comment_status":"open","ping_status":"open","template":"","meta":[],"product_brand":[2433],"product_cat":[1214,1212,1213],"product_tag":[1366],"class_list":{"0":"post-111569","1":"product","2":"type-product","3":"status-publish","4":"has-post-thumbnail","6":"product_brand-themeforest","7":"product_cat-polyvalent","8":"product_cat-themes","9":"product_cat-wordpress-themes","10":"product_tag-themeforest","11":"member-discount","12":"discount-restricted","14":"first","15":"instock","16":"sale","17":"downloadable","18":"virtual","19":"sold-individually","20":"purchasable","21":"product-type-simple"},"_links":{"self":[{"href":"https:\/\/gpl-love.com\/fr\/wp-json\/wp\/v2\/product\/111569","targetHints":{"allow":["GET"]}}],"collection":[{"href":"https:\/\/gpl-love.com\/fr\/wp-json\/wp\/v2\/product"}],"about":[{"href":"https:\/\/gpl-love.com\/fr\/wp-json\/wp\/v2\/types\/product"}],"replies":[{"embeddable":true,"href":"https:\/\/gpl-love.com\/fr\/wp-json\/wp\/v2\/comments?post=111569"}],"wp:featuredmedia":[{"embeddable":true,"href":"https:\/\/gpl-love.com\/fr\/wp-json\/wp\/v2\/media\/143318"}],"wp:attachment":[{"href":"https:\/\/gpl-love.com\/fr\/wp-json\/wp\/v2\/media?parent=111569"}],"wp:term":[{"taxonomy":"product_brand","embeddable":true,"href":"https:\/\/gpl-love.com\/fr\/wp-json\/wp\/v2\/product_brand?post=111569"},{"taxonomy":"product_cat","embeddable":true,"href":"https:\/\/gpl-love.com\/fr\/wp-json\/wp\/v2\/product_cat?post=111569"},{"taxonomy":"product_tag","embeddable":true,"href":"https:\/\/gpl-love.com\/fr\/wp-json\/wp\/v2\/product_tag?post=111569"}],"curies":[{"name":"wp","href":"https:\/\/api.w.org\/{rel}","templated":true}]}}