{"id":111566,"date":"2025-09-12T00:00:00","date_gmt":"2025-09-11T22:00:00","guid":{"rendered":"http:\/\/gpl-love.com\/fr\/produit\/gravity-forms-user-registration-addon\/"},"modified":"2026-03-20T23:18:16","modified_gmt":"2026-03-20T22:18:16","slug":"gravity-forms-user-registration-addon","status":"publish","type":"product","link":"https:\/\/gpl-love.com\/fr\/produit\/gravity-forms-user-registration-addon\/","title":{"rendered":"Gravity Forms User Registration Addon 5.4.1"},"content":{"rendered":"<h3>Gravity Forms User Registration Addon Traits<\/h3>\n<p>L&rsquo;addon d&rsquo;enregistrement des utilisateurs des formulaires Gravity sert d&rsquo;outil indispensable aux personnes qui poss\u00e8dent des sites Web et cherchent \u00e0 am\u00e9liorer l&rsquo;efficacit\u00e9 de leur processus d&rsquo;enregistrement. En utilisant cet addon, les utilisateurs peuvent g\u00e9n\u00e9rer sans effort des formulaires d&rsquo;enregistrement personnalis\u00e9s capables de collecter et de stocker des donn\u00e9es utilisateur. L&rsquo;int\u00e9gration de cet addon avec des formulaires de gravit\u00e9 garantit que les utilisateurs ont acc\u00e8s \u00e0 la gamme approfondie de fonctionnalit\u00e9s puissantes qui sont inh\u00e9rentes au plugin Gravity Forms. Que l&rsquo;objectif soit d&rsquo;\u00e9tablir un formulaire d&rsquo;enregistrement simple ou un formulaire multiforme avec plusieurs \u00e9tapes, l&rsquo;adaptabilit\u00e9 d&rsquo;enregistrement utilisateur des formulaires de gravit\u00e9 offre une adaptabilit\u00e9 in\u00e9gal\u00e9e. B\u00e9n\u00e9ficiant d&rsquo;une interface conviviale et de param\u00e8tres instinctifs, cet addon repr\u00e9sente la solution id\u00e9ale pour les personnes cherchant \u00e0 optimiser leur processus d&rsquo;enregistrement. En substance, cet addon est un atout imp\u00e9ratif pour tout propri\u00e9taire de site Web qui souhaite maximiser l&rsquo;exp\u00e9rience globale de leurs utilisateurs.<\/p>\n<ul>\n<li>Cr\u00e9er des formulaires d&rsquo;enregistrement des utilisateurs personnalis\u00e9s avec des formulaires de gravit\u00e9<\/li>\n<li>Int\u00e9grer l&rsquo;inscription des utilisateurs avec des plateformes de marketing par e-mail populaires comme MailChimp et un contact constant<\/li>\n<li>Permettez aux utilisateurs de choisir leur propre mot de passe pendant l&rsquo;inscription<\/li>\n<li>Configurer des messages de confirmation personnalis\u00e9s et des redirections apr\u00e8s l&rsquo;enregistrement<\/li>\n<li>Collectez les m\u00e9ta-donn\u00e9es des utilisateurs personnalis\u00e9s lors de l&rsquo;enregistrement<\/li>\n<li>Affecter les utilisateurs \u00e0 des r\u00f4les ou des groupes utilisateur sp\u00e9cifiques lors de l&rsquo;enregistrement<\/li>\n<li>Activer l&rsquo;approbation de l&rsquo;administration ou la notification par e-mail pour les nouvelles inscriptions des utilisateurs<\/li>\n<li>Personnaliser les mod\u00e8les d&rsquo;e-mail de notification pour les nouvelles inscriptions<\/li>\n<\/ul>\n","protected":false},"excerpt":{"rendered":"<p>L&rsquo;addition d&rsquo;enregistrement de l&rsquo;utilisateur Forms Gravity, qui est un outil indispensable pour les propri\u00e9taires de sites Web WordPress visant \u00e0 rationaliser le processus d&rsquo;enregistrement des utilisateurs, permet aux utilisateurs de s&rsquo;inscrire sans effort sur leurs sites Web en remplissant un formulaire simple. De plus, cet addon permet aux propri\u00e9taires de sites Web de recueillir automatiquement des donn\u00e9es importantes sur leurs utilisateurs, facilitant la collecte d&rsquo;informations pr\u00e9cieuses. De plus, l&rsquo;addon offre la possibilit\u00e9 de livrer des messages de bienvenue sur mesure, de rediriger les utilisateurs vers des pages d\u00e9sign\u00e9es et de s&rsquo;int\u00e9grer de mani\u00e8re transparente avec des plateformes de marketing par e-mail bien connues. En raison de sa nature conviviale et de ses vastes options de personnalisation, cet addon est fortement recommand\u00e9 pour les personnes cherchant \u00e0 am\u00e9liorer l&rsquo;exp\u00e9rience utilisateur sur leurs sites Web.<\/p>\n","protected":false},"featured_media":144099,"comment_status":"open","ping_status":"open","template":"","meta":[],"product_brand":[2565],"product_cat":[1191,1181,1186],"product_tag":[1275],"class_list":{"0":"post-111566","1":"product","2":"type-product","3":"status-publish","4":"has-post-thumbnail","6":"product_brand-gravityforms","7":"product_cat-formes","8":"product_cat-plugins","9":"product_cat-wordpress-plugins","10":"product_tag-gravityforms","11":"member-discount","12":"discount-restricted","14":"first","15":"instock","16":"sale","17":"downloadable","18":"virtual","19":"sold-individually","20":"purchasable","21":"product-type-simple"},"_links":{"self":[{"href":"https:\/\/gpl-love.com\/fr\/wp-json\/wp\/v2\/product\/111566","targetHints":{"allow":["GET"]}}],"collection":[{"href":"https:\/\/gpl-love.com\/fr\/wp-json\/wp\/v2\/product"}],"about":[{"href":"https:\/\/gpl-love.com\/fr\/wp-json\/wp\/v2\/types\/product"}],"replies":[{"embeddable":true,"href":"https:\/\/gpl-love.com\/fr\/wp-json\/wp\/v2\/comments?post=111566"}],"wp:featuredmedia":[{"embeddable":true,"href":"https:\/\/gpl-love.com\/fr\/wp-json\/wp\/v2\/media\/144099"}],"wp:attachment":[{"href":"https:\/\/gpl-love.com\/fr\/wp-json\/wp\/v2\/media?parent=111566"}],"wp:term":[{"taxonomy":"product_brand","embeddable":true,"href":"https:\/\/gpl-love.com\/fr\/wp-json\/wp\/v2\/product_brand?post=111566"},{"taxonomy":"product_cat","embeddable":true,"href":"https:\/\/gpl-love.com\/fr\/wp-json\/wp\/v2\/product_cat?post=111566"},{"taxonomy":"product_tag","embeddable":true,"href":"https:\/\/gpl-love.com\/fr\/wp-json\/wp\/v2\/product_tag?post=111566"}],"curies":[{"name":"wp","href":"https:\/\/api.w.org\/{rel}","templated":true}]}}