{"id":111564,"date":"2021-02-14T00:00:00","date_gmt":"2021-02-13T23:00:00","guid":{"rendered":"http:\/\/gpl-love.com\/fr\/produit\/gravity-forms-authorize-net-addon\/"},"modified":"2026-03-20T23:17:35","modified_gmt":"2026-03-20T22:17:35","slug":"gravity-forms-authorize-net-addon","status":"publish","type":"product","link":"https:\/\/gpl-love.com\/fr\/produit\/gravity-forms-authorize-net-addon\/","title":{"rendered":"Gravity Forms Authorize.net Addon 2.9.2"},"content":{"rendered":"<h3>Gravity Forms Authorize.net Addon Traits<\/h3>\n<p>L&rsquo;utilisation des formulaires de gravit\u00e9 Authorize.net Addon s&rsquo;av\u00e8re \u00eatre un outil indispensable dans le domaine de la gestion des transactions de paiement effectu\u00e9es via votre site Web. En int\u00e9grant de mani\u00e8re transparente la passerelle de paiement estim\u00e9e, Autorize.net, avec le plugin de formulaires de gravit\u00e9 robuste, cet addon garantit l&rsquo;ex\u00e9cution des transactions de paiement s\u00fbres et s\u00e9curis\u00e9es. Il vous donne la possibilit\u00e9 d&rsquo;engendrer sans effort des formulaires de paiement, d&rsquo;autoriser et de capturer les paiements, ainsi que de gouverner les remboursements et les annulations, le tout dans l&rsquo;interface conviviale des formulaires de gravit\u00e9. Essentiellement, cet addon rationalise l&rsquo;int\u00e9gralit\u00e9 du processus de paiement, donnant ainsi \u00e0 vous et \u00e0 vos clients une exp\u00e9rience sans tracas. Rassurez-vous, avec l&#8217;emploi des formulaires de gravit\u00e9 Autoriser.<\/p>\n<ul>\n<li>Int\u00e8gre les formulaires de gravit\u00e9 avec la passerelle de paiement Authorize.net<\/li>\n<li>Permet aux utilisateurs de traiter en toute s\u00e9curit\u00e9 les paiements par carte de cr\u00e9dit directement sur votre site Web<\/li>\n<li>Facile \u00e0 configurer et \u00e0 configurer, avec des param\u00e8tres et des options intuitifs<\/li>\n<li>Prend en charge plusieurs types de paiement, y compris les paiements uniques, r\u00e9currents et d&rsquo;abonnement<\/li>\n<li>Fournit des donn\u00e9es de paiement et de transaction personnalis\u00e9es qui peuvent \u00eatre int\u00e9gr\u00e9es \u00e0 des outils tiers<\/li>\n<li>Aide \u00e0 rationaliser le traitement des paiements et \u00e0 r\u00e9duire les erreurs de paiement<\/li>\n<li>Stockage en toute s\u00e9curit\u00e9 les informations de paiement client pour les achats futurs<\/li>\n<li>Compatible avec les modules compl\u00e9mentaires populaires de gravit\u00e9.<\/li>\n<li>Livr\u00e9 avec une documentation et un soutien r\u00e9guli\u00e8rement mis \u00e0 jour et utiles.<\/li>\n<\/ul>\n","protected":false},"excerpt":{"rendered":"<p>L&rsquo;addition de gravit\u00e9 Authorize.net est un outil tr\u00e8s robuste et efficace qui pr\u00e9sente aux utilisateurs la capacit\u00e9 exceptionnelle d&rsquo;int\u00e9grer parfaitement et en toute s\u00e9curit\u00e9 le traitement de paiement Authorize.net dans leurs formulaires de gravit\u00e9. Ce plugin remarquablement convivial poss\u00e8de un processus de configuration transparente et offre une vaste gamme d&rsquo;options avanc\u00e9es, englobant la fourniture de paiements r\u00e9currents transparents, la possibilit\u00e9 de personnaliser les descriptions de transactions et la prise en charge compl\u00e8te de plusieurs comptes Authorize.net. En vertu de cet addon exemplaire, les utilisateurs sont autoris\u00e9s \u00e0 concevoir habilement des formulaires personnalis\u00e9s et \u00e0 ex\u00e9cuter sans effort des paiements s\u00e9curis\u00e9s via leur site Web, ce qui en fait un outil indispensable pour r\u00e9pondre aux exigences de traitement des paiements en ligne de toute entreprise.<\/p>\n","protected":false},"featured_media":144054,"comment_status":"open","ping_status":"open","template":"","meta":[],"product_brand":[2565],"product_cat":[1253,1181,1186],"product_tag":[1275],"class_list":{"0":"post-111564","1":"product","2":"type-product","3":"status-publish","4":"has-post-thumbnail","6":"product_brand-gravityforms","7":"product_cat-paiement","8":"product_cat-plugins","9":"product_cat-wordpress-plugins","10":"product_tag-gravityforms","11":"member-discount","12":"discount-restricted","14":"first","15":"instock","16":"sale","17":"downloadable","18":"virtual","19":"sold-individually","20":"purchasable","21":"product-type-simple"},"_links":{"self":[{"href":"https:\/\/gpl-love.com\/fr\/wp-json\/wp\/v2\/product\/111564","targetHints":{"allow":["GET"]}}],"collection":[{"href":"https:\/\/gpl-love.com\/fr\/wp-json\/wp\/v2\/product"}],"about":[{"href":"https:\/\/gpl-love.com\/fr\/wp-json\/wp\/v2\/types\/product"}],"replies":[{"embeddable":true,"href":"https:\/\/gpl-love.com\/fr\/wp-json\/wp\/v2\/comments?post=111564"}],"wp:featuredmedia":[{"embeddable":true,"href":"https:\/\/gpl-love.com\/fr\/wp-json\/wp\/v2\/media\/144054"}],"wp:attachment":[{"href":"https:\/\/gpl-love.com\/fr\/wp-json\/wp\/v2\/media?parent=111564"}],"wp:term":[{"taxonomy":"product_brand","embeddable":true,"href":"https:\/\/gpl-love.com\/fr\/wp-json\/wp\/v2\/product_brand?post=111564"},{"taxonomy":"product_cat","embeddable":true,"href":"https:\/\/gpl-love.com\/fr\/wp-json\/wp\/v2\/product_cat?post=111564"},{"taxonomy":"product_tag","embeddable":true,"href":"https:\/\/gpl-love.com\/fr\/wp-json\/wp\/v2\/product_tag?post=111564"}],"curies":[{"name":"wp","href":"https:\/\/api.w.org\/{rel}","templated":true}]}}