{"id":111563,"date":"2021-05-15T00:00:00","date_gmt":"2021-05-14T22:00:00","guid":{"rendered":"http:\/\/gpl-love.com\/fr\/produit\/bazar-shop-multipurpose-ecommerce-theme\/"},"modified":"2026-03-20T22:55:57","modified_gmt":"2026-03-20T21:55:57","slug":"bazar-shop-multipurpose-ecommerce-theme","status":"publish","type":"product","link":"https:\/\/gpl-love.com\/fr\/produit\/bazar-shop-multipurpose-ecommerce-theme\/","title":{"rendered":"Bazar Shop MultiPurpose eCommerce Theme 3.21.0"},"content":{"rendered":"<h3>Bazar Shop MultiPurpose eCommerce Theme Traits<\/h3>\n<p>Le th\u00e8me du commerce \u00e9lectronique polyvalent de la boutique Bazar, qui poss\u00e8de une myriade de fonctionnalit\u00e9s polyvalentes et personnalisables, sert d&rsquo;option impeccable pour les magasins en ligne et les march\u00e9s. Avec son design \u00e9l\u00e9gant et moderne, ce th\u00e8me offre aux utilisateurs une gamme diversifi\u00e9e de fonctionnalit\u00e9s, y compris plusieurs mises en page de page d&rsquo;accueil, des pages de produits personnalisables et une option de vue rapide de produit. De plus, il s&rsquo;int\u00e8gre parfaitement aux plugins de commerce \u00e9lectronique populaires tels que WooCommerce et WPML, rationalisant les processus de configuration et de gestion de votre magasin. De plus, le th\u00e8me du commerce \u00e9lectronique polyvalent de la boutique Bazar est enti\u00e8rement r\u00e9actif et optimis\u00e9 pour le r\u00e9f\u00e9rencement, garantissant que votre boutique en ligne d\u00e9gagera l&rsquo;excellence sur tous les appareils et garantit un classement louable sur les moteurs de recherche. Dans l&rsquo;ensemble, ce th\u00e8me sert de choix optimal pour les personnes \u00e0 la recherche d&rsquo;une exp\u00e9rience de cr\u00e9ation de boutiques en ligne professionnelle et efficace.<\/p>\n<ul>\n<li>Enti\u00e8rement personnalisable avec diverses options pour la disposition du site, les polices, les sch\u00e9mas de couleurs, et plus encore<\/li>\n<li>Compatible avec les plugins de commerce \u00e9lectronique populaires comme WooCommerce et Yith<\/li>\n<li>Comprend des mod\u00e8les pr\u00e9-con\u00e7us pour divers types de magasins en ligne, de la mode \u00e0 l&rsquo;\u00e9lectronique<\/li>\n<li>Fonctionnalit\u00e9 de blog int\u00e9gr\u00e9e pour le marketing de contenu et le r\u00e9f\u00e9rencement<\/li>\n<li>La conception sensible aux mobiles garantit une exp\u00e9rience de visualisation optimale sur tous les appareils<\/li>\n<li>Builder de page de glisser-d\u00e9poser facile \u00e0 utiliser pour une personnalisation plus approfondie<\/li>\n<li>Livr\u00e9 avec une vari\u00e9t\u00e9 de widgets utiles et de shortcodes pour am\u00e9liorer la fonctionnalit\u00e9 du site et l&rsquo;interactivit\u00e9<\/li>\n<li>Support et documentation robustes disponibles pour une assistance pour la configuration et la personnalisation<\/li>\n<\/ul>\n","protected":false},"excerpt":{"rendered":"<p>Lib\u00e9rez le plein potentiel de votre entreprise de commerce \u00e9lectronique avec le th\u00e8me du commerce \u00e9lectronique polyvalent de Bazar Shop. Ce th\u00e8me premium est con\u00e7u avec une interface moderne et conviviale et des fonctionnalit\u00e9s avanc\u00e9es pour offrir une exp\u00e9rience d&rsquo;achat en ligne transparente. Avec sa conception polyvalente, vous pouvez facilement le personnaliser et l&rsquo;adapter \u00e0 tout type d&rsquo;entreprise de commerce \u00e9lectronique, de la mode et de l&rsquo;\u00e9lectronique aux meubles et aux produits num\u00e9riques. Le th\u00e8me est tr\u00e8s r\u00e9actif, garantissant que votre boutique en ligne est magnifique et fonctionne en douceur sur n&rsquo;importe quel appareil ou taille d&rsquo;\u00e9cran. En outre, c&rsquo;est le r\u00e9f\u00e9rencement, aidant votre entreprise \u00e0 obtenir une meilleure visibilit\u00e9 sur les classements des moteurs de recherche. Avec Bazar Shop, profitez de la navigation facile, de la vitesse de chargement rapide et des transactions en ligne s\u00e9curis\u00e9es. Ce th\u00e8me est garanti pour attirer un large public et augmenter vos ventes en ligne. Am\u00e9liorez votre plateforme de commerce \u00e9lectronique avec le th\u00e8me du commerce \u00e9lectronique polyvalent Bazar Shop d\u00e8s aujourd&rsquo;hui!<\/p>\n","protected":false},"featured_media":143220,"comment_status":"open","ping_status":"open","template":"","meta":[],"product_brand":[2433],"product_cat":[1238,1851,1212],"product_tag":[1366],"class_list":{"0":"post-111563","1":"product","2":"type-product","3":"status-publish","4":"has-post-thumbnail","6":"product_brand-themeforest","7":"product_cat-commerce-electronique-themes","8":"product_cat-entreprise-commerce-electronique-themes","9":"product_cat-themes","10":"product_tag-themeforest","11":"member-discount","12":"discount-restricted","14":"first","15":"instock","16":"sale","17":"downloadable","18":"virtual","19":"sold-individually","20":"purchasable","21":"product-type-simple"},"_links":{"self":[{"href":"https:\/\/gpl-love.com\/fr\/wp-json\/wp\/v2\/product\/111563","targetHints":{"allow":["GET"]}}],"collection":[{"href":"https:\/\/gpl-love.com\/fr\/wp-json\/wp\/v2\/product"}],"about":[{"href":"https:\/\/gpl-love.com\/fr\/wp-json\/wp\/v2\/types\/product"}],"replies":[{"embeddable":true,"href":"https:\/\/gpl-love.com\/fr\/wp-json\/wp\/v2\/comments?post=111563"}],"wp:featuredmedia":[{"embeddable":true,"href":"https:\/\/gpl-love.com\/fr\/wp-json\/wp\/v2\/media\/143220"}],"wp:attachment":[{"href":"https:\/\/gpl-love.com\/fr\/wp-json\/wp\/v2\/media?parent=111563"}],"wp:term":[{"taxonomy":"product_brand","embeddable":true,"href":"https:\/\/gpl-love.com\/fr\/wp-json\/wp\/v2\/product_brand?post=111563"},{"taxonomy":"product_cat","embeddable":true,"href":"https:\/\/gpl-love.com\/fr\/wp-json\/wp\/v2\/product_cat?post=111563"},{"taxonomy":"product_tag","embeddable":true,"href":"https:\/\/gpl-love.com\/fr\/wp-json\/wp\/v2\/product_tag?post=111563"}],"curies":[{"name":"wp","href":"https:\/\/api.w.org\/{rel}","templated":true}]}}