{"id":111560,"date":"2026-03-13T00:00:00","date_gmt":"2026-03-12T23:00:00","guid":{"rendered":"http:\/\/gpl-love.com\/fr\/produit\/checkoutwc-checkout-for-woocommerce\/"},"modified":"2026-03-30T18:30:13","modified_gmt":"2026-03-30T16:30:13","slug":"checkoutwc-checkout-for-woocommerce","status":"publish","type":"product","link":"https:\/\/gpl-love.com\/fr\/produit\/checkoutwc-checkout-for-woocommerce\/","title":{"rendered":"CheckoutWC Pro 11.0.7"},"content":{"rendered":"<h3>CheckoutWC Pro Traits<\/h3>\n<p>Le plugin WC Pro cacher est notamment robuste, servant d&rsquo;outil remarquable pour simplifier le processus de paiement sur votre site Web WooCommerce. L&rsquo;utilisation des utilisateurs de ce plugin permet aux utilisateurs de personnaliser sans effort les champs de paiement, int\u00e9grant de nouveaux champs tout en supprimant simultan\u00e9ment des champs superflus, cultivant ainsi une exp\u00e9rience de paiement rationalis\u00e9e et optimis\u00e9e. Ce plugin puissant offre en outre aux clients la possibilit\u00e9 de parcourir facilement le contenu de leur panier, d&rsquo;appliquer de mani\u00e8re transparente les codes de coupon et de s\u00e9lectionner leurs m\u00e9thodes de paiement et d&rsquo;exp\u00e9dition pr\u00e9f\u00e9r\u00e9es. De plus, il englobe une gamme diversifi\u00e9e de passerelles de paiement et d&rsquo;options d&rsquo;exp\u00e9dition, s&rsquo;adaptant efficacement \u00e0 une multitude de pr\u00e9f\u00e9rences des clients. Le processus d&rsquo;installation et de configuration de ce plugin est remarquablement convivial, garantissant une exp\u00e9rience de paiement sans effort et sans fluides sur tous les appareils en raison de sa conception r\u00e9active. En utilisant la caisse WC Pro, votre entreprise peut anticiper en toute confiance une augmentation des ventes tout en am\u00e9liorant simultan\u00e9ment les niveaux de satisfaction des clients gr\u00e2ce \u00e0 la fourniture d&rsquo;un processus de paiement rapide et parfaitement sans tracas.<\/p>\n<ul>\n<li>Rationalisez votre processus de paiement avec une interface conviviale<\/li>\n<li>Acceptez les paiements par plusieurs passerelles, y compris PayPal et Stripe<\/li>\n<li>Personnalisez votre page de paiement avec le logo et les couleurs de votre marque<\/li>\n<li>R\u00e9duisez l&rsquo;abandon de la chariot avec des ventes ascendantes en un clic et des ventes post-achat post-achat<\/li>\n<li>Suivez et analysez vos donn\u00e9es de vente pour optimiser votre flux de paiement<\/li>\n<li>Augmenter la confiance et la s\u00e9curit\u00e9 des clients avec des mesures de pr\u00e9vention de la fraude int\u00e9gr\u00e9es<\/li>\n<li>Offrez des codes de r\u00e9duction et des coupons pour inciter les achats<\/li>\n<li>G\u00e9rez et affichez facilement vos commandes et vos statuts d&rsquo;exp\u00e9dition \u00e0 partir d&rsquo;un tableau de bord<\/li>\n<li>Acc\u00e9dez au support client et \u00e0 la documentation de premier ordre.<\/li>\n<\/ul>\n","protected":false},"excerpt":{"rendered":"<p>CheckoutWC Pro est un outil puissant et efficace con\u00e7u pour am\u00e9liorer le processus de paiement de votre entreprise. Avec son interface conviviale et ses fonctionnalit\u00e9s de pointe, il transforme l&rsquo;exp\u00e9rience de paiement souvent compliqu\u00e9e en une exp\u00e9rience simple et sans effort. Ce plugin optimise vos pages de paiement WooCommerce, am\u00e9liorant consid\u00e9rablement l&rsquo;exp\u00e9rience client et r\u00e9duisant l&rsquo;abandon de CART, augmentant ainsi vos ventes en ligne. De plus, il est enti\u00e8rement personnalisable de r\u00e9pondre aux besoins de votre entreprise. Un point culminant cl\u00e9 de CheckoutWC Pro est sa compatibilit\u00e9 avec la plupart des th\u00e8mes et plugins WordPress, offrant une int\u00e9gration transparente pour un site de commerce \u00e9lectronique en douceur. Avec CheckoutWC Pro, vous pouvez facilement rationaliser votre processus de paiement et am\u00e9liorer vos performances de commerce \u00e9lectronique.<\/p>\n","protected":false},"featured_media":143380,"comment_status":"open","ping_status":"open","template":"","meta":[],"product_brand":[2492],"product_cat":[1182,1401,1181],"product_tag":[1525],"class_list":{"0":"post-111560","1":"product","2":"type-product","3":"status-publish","4":"has-post-thumbnail","6":"product_brand-checkoutwc","7":"product_cat-commerce-electronique-plugins","8":"product_cat-paiement-commerce-electronique-plugins","9":"product_cat-plugins","10":"product_tag-checkoutwc","11":"member-discount","12":"discount-restricted","14":"first","15":"instock","16":"sale","17":"downloadable","18":"virtual","19":"sold-individually","20":"purchasable","21":"product-type-simple"},"_links":{"self":[{"href":"https:\/\/gpl-love.com\/fr\/wp-json\/wp\/v2\/product\/111560","targetHints":{"allow":["GET"]}}],"collection":[{"href":"https:\/\/gpl-love.com\/fr\/wp-json\/wp\/v2\/product"}],"about":[{"href":"https:\/\/gpl-love.com\/fr\/wp-json\/wp\/v2\/types\/product"}],"replies":[{"embeddable":true,"href":"https:\/\/gpl-love.com\/fr\/wp-json\/wp\/v2\/comments?post=111560"}],"wp:featuredmedia":[{"embeddable":true,"href":"https:\/\/gpl-love.com\/fr\/wp-json\/wp\/v2\/media\/143380"}],"wp:attachment":[{"href":"https:\/\/gpl-love.com\/fr\/wp-json\/wp\/v2\/media?parent=111560"}],"wp:term":[{"taxonomy":"product_brand","embeddable":true,"href":"https:\/\/gpl-love.com\/fr\/wp-json\/wp\/v2\/product_brand?post=111560"},{"taxonomy":"product_cat","embeddable":true,"href":"https:\/\/gpl-love.com\/fr\/wp-json\/wp\/v2\/product_cat?post=111560"},{"taxonomy":"product_tag","embeddable":true,"href":"https:\/\/gpl-love.com\/fr\/wp-json\/wp\/v2\/product_tag?post=111560"}],"curies":[{"name":"wp","href":"https:\/\/api.w.org\/{rel}","templated":true}]}}