{"id":111556,"date":"2026-01-04T00:00:00","date_gmt":"2026-01-03T23:00:00","guid":{"rendered":"http:\/\/gpl-love.com\/fr\/produit\/sumo-affiliates-pro\/"},"modified":"2026-04-10T18:41:24","modified_gmt":"2026-04-10T16:41:24","slug":"sumo-affiliates-pro","status":"publish","type":"product","link":"https:\/\/gpl-love.com\/fr\/produit\/sumo-affiliates-pro\/","title":{"rendered":"Sumo Affiliates Pro 11.3.0"},"content":{"rendered":"<h3>Sumo Affiliates Pro Traits<\/h3>\n<p>Les affili\u00e9s SUMO se pr\u00e9sentent comme un outil de marketing d&rsquo;affiliation Adept qui a le potentiel d&rsquo;am\u00e9liorer consid\u00e9rablement les sources de revenus des entreprises en exploitant efficacement les capacit\u00e9s des affili\u00e9s. Ce logiciel robuste facilite la gestion facile des programmes d&rsquo;affiliation, le suivi m\u00e9ticuleux des ventes et des commissions et \u00e9quipe les affili\u00e9s des outils et ressources essentiels requis pour le triomphe. Son interface conviviale et sa conception intuitive garantissent que les entreprises de toutes \u00e9chelles peuvent se lancer de mani\u00e8re transparente dans leur parcours de marketing d&rsquo;affiliation. En outre, SUMO Affiliates Pro propose une vaste gamme de fonctionnalit\u00e9s qui permettent aux entreprises d&rsquo;optimiser leurs programmes d&rsquo;affiliation, tels que la fourniture de structures de commission sur mesure, les rapports et l&rsquo;analyse complets et l&rsquo;int\u00e9gration avec des passerelles de paiement pro\u00e9minentes. Dans son int\u00e9gralit\u00e9, les affili\u00e9s Sumo Pro apparaissent comme une solution globale et tr\u00e8s efficace pour les entreprises cherchant \u00e0 catapulter leurs ventes et \u00e0 augmenter leurs sources de revenus \u00e0 travers le domaine du marketing d&rsquo;affiliation.<\/p>\n<ul>\n<li>Aide les utilisateurs \u00e0 cr\u00e9er et \u00e0 g\u00e9rer leurs propres programmes d&rsquo;affiliation<\/li>\n<li>Fournit une interface conviviale et personnalisable<\/li>\n<li>Prend une vari\u00e9t\u00e9 de structures de commission et de m\u00e9thodes de paiement<\/li>\n<li>Comprend des fonctionnalit\u00e9s de suivi et d&rsquo;analyse avanc\u00e9es<\/li>\n<li>S&rsquo;int\u00e8gre aux plateformes de commerce \u00e9lectronique populaires et aux passerelles de paiement<\/li>\n<li>Offre une gamme d&rsquo;outils promotionnels pour attirer et retenir les affili\u00e9s<\/li>\n<li>Rationalise la communication et la collaboration avec les affili\u00e9s<\/li>\n<li>Fournit des rapports et des informations compl\u00e8tes pour optimiser les performances<\/li>\n<li>Offre des ressources de soutien et de formation d\u00e9di\u00e9es<\/li>\n<\/ul>\n","protected":false},"excerpt":{"rendered":"<p>SUMO Affiliates Pro pr\u00e9sente un package complet et int\u00e9gr\u00e9 qui g\u00e8re efficacement les subtilit\u00e9s de votre programme d&rsquo;affiliation. Cette solution vous permet de mani\u00e8re transparente d&rsquo;\u00e9tablir et d&rsquo;administrer des campagnes d&rsquo;affiliation, de surveiller m\u00e9ticuleusement les commissions et de payer, de communiquer efficacement avec vos affili\u00e9s et d&rsquo;effectuer une multitude d&rsquo;autres t\u00e2ches essentielles. En exploitant la puissance des affili\u00e9s SUMO Pro, vous pouvez propulser votre programme d&rsquo;affiliation \u00e0 des sommets in\u00e9gal\u00e9s, amplifiant ainsi vos chiffres de vente et de revenus. Sans aucun doute, cette solution impeccable sert de r\u00e9ponse quintessentielle \u00e0 toute entreprise qui aspire \u00e0 augmenter et \u00e0 optimiser leur strat\u00e9gie de marketing d&rsquo;affiliation.<\/p>\n","protected":false},"featured_media":145398,"comment_status":"open","ping_status":"open","template":"","meta":[],"product_brand":[2435],"product_cat":[1182,1200,1181],"product_tag":[1231],"class_list":{"0":"post-111556","1":"product","2":"type-product","3":"status-publish","4":"has-post-thumbnail","6":"product_brand-codecanyon","7":"product_cat-commerce-electronique-plugins","8":"product_cat-commercialisation","9":"product_cat-plugins","10":"product_tag-codecanyon","11":"member-discount","12":"discount-restricted","14":"first","15":"instock","16":"sale","17":"downloadable","18":"virtual","19":"sold-individually","20":"purchasable","21":"product-type-simple"},"_links":{"self":[{"href":"https:\/\/gpl-love.com\/fr\/wp-json\/wp\/v2\/product\/111556","targetHints":{"allow":["GET"]}}],"collection":[{"href":"https:\/\/gpl-love.com\/fr\/wp-json\/wp\/v2\/product"}],"about":[{"href":"https:\/\/gpl-love.com\/fr\/wp-json\/wp\/v2\/types\/product"}],"replies":[{"embeddable":true,"href":"https:\/\/gpl-love.com\/fr\/wp-json\/wp\/v2\/comments?post=111556"}],"wp:featuredmedia":[{"embeddable":true,"href":"https:\/\/gpl-love.com\/fr\/wp-json\/wp\/v2\/media\/145398"}],"wp:attachment":[{"href":"https:\/\/gpl-love.com\/fr\/wp-json\/wp\/v2\/media?parent=111556"}],"wp:term":[{"taxonomy":"product_brand","embeddable":true,"href":"https:\/\/gpl-love.com\/fr\/wp-json\/wp\/v2\/product_brand?post=111556"},{"taxonomy":"product_cat","embeddable":true,"href":"https:\/\/gpl-love.com\/fr\/wp-json\/wp\/v2\/product_cat?post=111556"},{"taxonomy":"product_tag","embeddable":true,"href":"https:\/\/gpl-love.com\/fr\/wp-json\/wp\/v2\/product_tag?post=111556"}],"curies":[{"name":"wp","href":"https:\/\/api.w.org\/{rel}","templated":true}]}}