{"id":111554,"date":"2025-11-02T00:00:00","date_gmt":"2025-11-01T23:00:00","guid":{"rendered":"http:\/\/gpl-love.com\/fr\/produit\/asset-cleanup-pro-performance-wordpress-plugin\/"},"modified":"2026-03-20T22:55:08","modified_gmt":"2026-03-20T21:55:08","slug":"asset-cleanup-pro-performance-wordpress-plugin","status":"publish","type":"product","link":"https:\/\/gpl-love.com\/fr\/produit\/asset-cleanup-pro-performance-wordpress-plugin\/","title":{"rendered":"Asset CleanUp Pro Performance WordPress Plugin 1.2.7.0"},"content":{"rendered":"<h3>Asset CleanUp Pro Performance WordPress Plugin Traits<\/h3>\n<p>Asset Cleanup Pro est un plugin WordPress tr\u00e8s robuste et dynamique qui a \u00e9t\u00e9 ing\u00e9nieusement con\u00e7u pour optimiser les performances de site Web de mani\u00e8re experte en r\u00e9duisant efficacement les nombreuses demandes et tailles de fichiers HTTP. Ce plugin extraordinaire pr\u00e9sente une interface intuitivement conviviale, permettant aux utilisateurs de d\u00e9tecter et de d\u00e9charger rapidement des scripts et des styles superflus qui peuvent malheureusement entraver la vitesse optimale de leur site Web estim\u00e9. En outre, ce plugin remarquable poss\u00e8de \u00e9galement une pl\u00e9thore de caract\u00e9ristiques avanc\u00e9es, y compris la capacit\u00e9 remarquable de d\u00e9charger des actifs particuliers sur une base m\u00e9ticuleusement par page, ainsi que de reporter ing\u00e9nieusement le chargement d&rsquo;actifs sp\u00e9cifiques jusqu&rsquo;\u00e0 ce qu&rsquo;ils soient vraiment n\u00e9cessaires. Par cons\u00e9quent, il devient extr\u00eamement \u00e9vident que le plugin Asset Cleanup Pro est une solution extr\u00eamement fiable et tr\u00e8s louable qui garantit la meilleure optimisation de la vitesse du site Web, am\u00e9liorant ainsi l&rsquo;exp\u00e9rience utilisateur globale \u00e0 de nouveaux sommets sans pr\u00e9c\u00e9dent.<\/p>\n<ul>\n<li>Asset Cleanup Pro est un puissant plugin WordPress qui aide \u00e0 am\u00e9liorer les performances du site Web en optimisant le chargement des fichiers CSS et JavaScript.<\/li>\n<li>En d\u00e9sactivant s\u00e9lectivement les scripts et styles inutiles, ce plugin r\u00e9duit le nombre de demandes HTTP et la taille globale de votre page, ce qui entra\u00eene des temps de chargement plus rapides.<\/li>\n<li>Asset Cleanup Pro propose \u00e9galement des fonctionnalit\u00e9s avanc\u00e9es telles que la possibilit\u00e9 de diff\u00e9rer l&rsquo;ex\u00e9cution JavaScript, de charger CSS de mani\u00e8re asynchrone et m\u00eame de supprimer certains scripts de pages sp\u00e9cifiques.<\/li>\n<li>Avec une interface conviviale et des param\u00e8tres flexibles, ce plugin convient \u00e0 la fois pour les d\u00e9butants et les utilisateurs avanc\u00e9s.<\/li>\n<li>Asset Cleanup Pro a \u00e9t\u00e9 test\u00e9 et optimis\u00e9 pour la compatibilit\u00e9 avec divers th\u00e8mes et plugins populaires, assurant une int\u00e9gration transparente avec votre site WordPress.<\/li>\n<li>En am\u00e9liorant les performances de votre site Web, Asset Cleanup Pro peut aider \u00e0 stimuler l&rsquo;engagement des utilisateurs, le classement des moteurs de recherche et, finalement, les r\u00e9sultats de votre entreprise.<\/li>\n<\/ul>\n","protected":false},"excerpt":{"rendered":"<p>Les performances sont essentielles lorsque la gestion d&rsquo;un site Web et des actifs Cleanup Pro est le plugin WordPress parfait pour vous assurer que votre site fonctionne bien. Cet outil de qualit\u00e9 professionnelle aide \u00e0 optimiser votre site Web en nettoyant les fichiers inutiles et en r\u00e9duisant les demandes HTTP. Les fonctionnalit\u00e9s du plugin incluent la gestion des fichiers CSS et JavaScript, ce qui aide \u00e0 acc\u00e9l\u00e9rer les temps de chargement de la page, \u00e0 am\u00e9liorer l&rsquo;exp\u00e9rience utilisateur et le classement SEO.<\/p>\n<p>Avec Asset Cleanup Pro, vous pouvez d\u00e9charger sans effort les scripts inutilis\u00e9s, emp\u00eacher les plugins de se charger sur les pages o\u00f9 ils ne sont pas n\u00e9cessaires et g\u00e9rer les fichiers CSS et JavaScript de votre site Web en un seul endroit. Ce plugin puissant vous permet \u00e9galement de d\u00e9sactiver les options WordPress qui ralentissent votre site, vous donnant un contr\u00f4le total sur les performances de votre site.<\/p>\n<p>D\u00e9couvrez les avantages d&rsquo;un site Web plus rapide, plus propre et plus efficace avec un plugin WordPress Performance Asset Cleanup Performance. C&rsquo;est un outil inestimable pour chaque propri\u00e9taire de site WordPress qui priorise les performances.<\/p>\n","protected":false},"featured_media":143163,"comment_status":"open","ping_status":"open","template":"","meta":[],"product_brand":[2461],"product_cat":[1203,1181,1186],"product_tag":[1271],"class_list":{"0":"post-111554","1":"product","2":"type-product","3":"status-publish","4":"has-post-thumbnail","6":"product_brand-gabelivan","7":"product_cat-performance","8":"product_cat-plugins","9":"product_cat-wordpress-plugins","10":"product_tag-gabelivan","11":"member-discount","12":"discount-restricted","14":"first","15":"instock","16":"sale","17":"downloadable","18":"virtual","19":"sold-individually","20":"purchasable","21":"product-type-simple"},"_links":{"self":[{"href":"https:\/\/gpl-love.com\/fr\/wp-json\/wp\/v2\/product\/111554","targetHints":{"allow":["GET"]}}],"collection":[{"href":"https:\/\/gpl-love.com\/fr\/wp-json\/wp\/v2\/product"}],"about":[{"href":"https:\/\/gpl-love.com\/fr\/wp-json\/wp\/v2\/types\/product"}],"replies":[{"embeddable":true,"href":"https:\/\/gpl-love.com\/fr\/wp-json\/wp\/v2\/comments?post=111554"}],"wp:featuredmedia":[{"embeddable":true,"href":"https:\/\/gpl-love.com\/fr\/wp-json\/wp\/v2\/media\/143163"}],"wp:attachment":[{"href":"https:\/\/gpl-love.com\/fr\/wp-json\/wp\/v2\/media?parent=111554"}],"wp:term":[{"taxonomy":"product_brand","embeddable":true,"href":"https:\/\/gpl-love.com\/fr\/wp-json\/wp\/v2\/product_brand?post=111554"},{"taxonomy":"product_cat","embeddable":true,"href":"https:\/\/gpl-love.com\/fr\/wp-json\/wp\/v2\/product_cat?post=111554"},{"taxonomy":"product_tag","embeddable":true,"href":"https:\/\/gpl-love.com\/fr\/wp-json\/wp\/v2\/product_tag?post=111554"}],"curies":[{"name":"wp","href":"https:\/\/api.w.org\/{rel}","templated":true}]}}