{"id":111552,"date":"2026-01-28T00:00:00","date_gmt":"2026-01-27T23:00:00","guid":{"rendered":"http:\/\/gpl-love.com\/fr\/produit\/brave-wordpress-growth-conversion-engine\/"},"modified":"2026-03-20T22:57:24","modified_gmt":"2026-03-20T21:57:24","slug":"brave-wordpress-growth-conversion-engine","status":"publish","type":"product","link":"https:\/\/gpl-love.com\/fr\/produit\/brave-wordpress-growth-conversion-engine\/","title":{"rendered":"Brave WordPress Growth et Conversion Engine 0.8.5"},"content":{"rendered":"<h3>Brave WordPress Growth et Conversion Engine Traits<\/h3>\n<p>Le courageux moteur de croissance et de conversion WordPress, un outil robuste et efficace, a \u00e9t\u00e9 con\u00e7u avec compr\u00e9hension pour \u00e9lever les performances globales de votre site Web WordPress. Ce moteur de pointe aide non seulement \u00e0 amplifier le trafic de votre site Web, mais excelle \u00e9galement \u00e0 attirer une gamme plus large de clients potentiels, les convertissant par la suite en consommateurs constants et d\u00e9vou\u00e9s. Avec un tableau de fonctionnalit\u00e9s avanc\u00e9es int\u00e9gr\u00e9es de mani\u00e8re transparente dans une interface conviviale, l&rsquo;optimisation de votre site Web pour les moteurs de recherche devient une entreprise sans tracas. De plus, l&rsquo;am\u00e9lioration de votre strat\u00e9gie de contenu et l&rsquo;automatisation de vos campagnes de marketing deviennent sans effort des objectifs r\u00e9alisables avec l&rsquo;utilisation de ce moteur innovant. En outre, le brave moteur de croissance et de conversion WordPress s&rsquo;accompagne d&rsquo;un assortiment d&rsquo;outils d&rsquo;analyse puissants qui vous offrent la possibilit\u00e9 de surveiller m\u00e9ticuleusement les performances de votre site Web et d&rsquo;identifier efficacement les domaines o\u00f9 des am\u00e9liorations peuvent \u00eatre apport\u00e9es. Peu importe que vous vous classiez comme un blogueur d\u00e9di\u00e9, un entrepreneur en herbe ou un marketing astucieux, le courageux moteur de croissance et de conversion WordPress sert de solution par excellence pour propulser votre entreprise en ligne \u00e0 des hauteurs in\u00e9branlables.<\/p>\n<ul>\n<li>Le brave moteur de croissance et de conversion WordPress est un outil puissant con\u00e7u pour aider les utilisateurs de WordPress \u00e0 augmenter le trafic et les taux de conversion de leur site.<\/li>\n<li>Ce plugin utilise des technologies de pointe et des techniques de r\u00e9f\u00e9rencement \u00e9prouv\u00e9es pour optimiser votre site pour les moteurs de recherche et am\u00e9liorer votre visibilit\u00e9 en ligne.<\/li>\n<li>Avec le brave moteur de croissance et de conversion WordPress, vous pouvez facilement suivre les performances de votre site et suivre vos progr\u00e8s au fil du temps en utilisant une vari\u00e9t\u00e9 d&rsquo;outils de rapports robustes.<\/li>\n<li>Les autres fonctionnalit\u00e9s de ce plugin incluent les outils d&rsquo;optimisation des taux de conversion, les capacit\u00e9s de suivi du plomb et les fonctionnalit\u00e9s de test A \/ B, qui vous permettent d&rsquo;exp\u00e9rimenter et d&rsquo;optimiser les conceptions de vos pages pour des r\u00e9sultats maximaux.<\/li>\n<li>Que vous soyez un utilisateur de WordPress chevronn\u00e9 ou que vous commenciez tout simplement, le brave moteur de croissance et de conversion WordPress est un outil essentiel pour toute entreprise qui cherche \u00e0 se d\u00e9velopper et \u00e0 r\u00e9ussir en ligne.<\/li>\n<\/ul>\n","protected":false},"excerpt":{"rendered":"<p>Pr\u00e9sentation de notre brave moteur de croissance et de conversion Brave WordPress, un outil puissant con\u00e7u pour faire monter en fl\u00e8che les taux de trafic, de croissance et de conversion de votre site Web. Ce moteur dynamique exploite les capacit\u00e9s de WordPress pour transformer votre site Web en une plate-forme hautement performante. Avec son interface facile \u00e0 utiliser, notre moteur WordPress vous permet d&rsquo;am\u00e9liorer de mani\u00e8re transparente la fonctionnalit\u00e9 de votre site Web. Il est con\u00e7u pour augmenter la croissance en stimulant plus de trafic vers votre site et en am\u00e9liorant les taux de conversion, tout en maintenant l&rsquo;exp\u00e9rience utilisateur de haute qualit\u00e9. Notre brave moteur de croissance et de conversion WordPress est la solution parfaite pour faire passer votre site Web au niveau sup\u00e9rieur, offrant un chemin clair vers le succ\u00e8s avec ses fonctionnalit\u00e9s et avantages avanc\u00e9s. Ne vous contentez pas de la moyenne, alimentez votre site Web avec notre courageux moteur de croissance et de conversion WordPress.<\/p>\n","protected":false},"featured_media":143314,"comment_status":"open","ping_status":"open","template":"","meta":[],"product_brand":[2479],"product_cat":[1207,1181,1186],"product_tag":[1674],"class_list":{"0":"post-111552","1":"product","2":"type-product","3":"status-publish","4":"has-post-thumbnail","6":"product_brand-brave","7":"product_cat-commercialisation-wordpress-plugins","8":"product_cat-plugins","9":"product_cat-wordpress-plugins","10":"product_tag-brave","11":"member-discount","12":"discount-restricted","14":"first","15":"instock","16":"sale","17":"downloadable","18":"virtual","19":"sold-individually","20":"purchasable","21":"product-type-simple"},"_links":{"self":[{"href":"https:\/\/gpl-love.com\/fr\/wp-json\/wp\/v2\/product\/111552","targetHints":{"allow":["GET"]}}],"collection":[{"href":"https:\/\/gpl-love.com\/fr\/wp-json\/wp\/v2\/product"}],"about":[{"href":"https:\/\/gpl-love.com\/fr\/wp-json\/wp\/v2\/types\/product"}],"replies":[{"embeddable":true,"href":"https:\/\/gpl-love.com\/fr\/wp-json\/wp\/v2\/comments?post=111552"}],"wp:featuredmedia":[{"embeddable":true,"href":"https:\/\/gpl-love.com\/fr\/wp-json\/wp\/v2\/media\/143314"}],"wp:attachment":[{"href":"https:\/\/gpl-love.com\/fr\/wp-json\/wp\/v2\/media?parent=111552"}],"wp:term":[{"taxonomy":"product_brand","embeddable":true,"href":"https:\/\/gpl-love.com\/fr\/wp-json\/wp\/v2\/product_brand?post=111552"},{"taxonomy":"product_cat","embeddable":true,"href":"https:\/\/gpl-love.com\/fr\/wp-json\/wp\/v2\/product_cat?post=111552"},{"taxonomy":"product_tag","embeddable":true,"href":"https:\/\/gpl-love.com\/fr\/wp-json\/wp\/v2\/product_tag?post=111552"}],"curies":[{"name":"wp","href":"https:\/\/api.w.org\/{rel}","templated":true}]}}