{"id":111550,"date":"2023-02-13T00:00:00","date_gmt":"2023-02-12T23:00:00","guid":{"rendered":"http:\/\/gpl-love.com\/fr\/produit\/uschema-ultimate-rich-data-schema-for-wordpress\/"},"modified":"2026-04-10T18:44:32","modified_gmt":"2026-04-10T16:44:32","slug":"uschema-ultimate-rich-data-schema-for-wordpress","status":"publish","type":"product","link":"https:\/\/gpl-love.com\/fr\/produit\/uschema-ultimate-rich-data-schema-for-wordpress\/","title":{"rendered":"uSchema Ultimate Rich Data Schema pour WordPress 3.1.1"},"content":{"rendered":"<h3>uSchema Ultimate Rich Data Schema pour WordPress Traits<\/h3>\n<p>Le sch\u00e9ma de donn\u00e9es USChema Ultimate Rich pour WordPress est une solution incroyablement puissante et globale qui sert \u00e0 aider les propri\u00e9taires de sites Web et les d\u00e9veloppeurs \u00e0 incorporer sans effort le balisage structur\u00e9 dans leurs sites Web WordPress. Cet outil extraordinaire a la capacit\u00e9 de g\u00e9n\u00e9rer sans effort des extraits riches et des sch\u00e9mas pour un vaste \u00e9ventail de types de contenu trouv\u00e9s sur votre site Web, allant des articles et vid\u00e9os aux recettes et \u00e9v\u00e9nements, entre autres. De plus, le sch\u00e9ma de donn\u00e9es Rich Ultimate Rich Ultimate pour WordPress permet \u00e9galement aux utilisateurs de les \u00e9quiper des moyens d&rsquo;optimiser l&rsquo;optimisation des moteurs de recherche de leur site Web (SEO) via la fourniture d&rsquo;informations pertinentes concernant le contenu de leur site Web vers les moteurs de recherche. L&rsquo;installation de ce plugin accorde aux propri\u00e9taires de sites Web la possibilit\u00e9 d&rsquo;attirer un plus grand afflux de trafic, de renforcer les taux de clics et d&rsquo;\u00e9lever l&rsquo;exp\u00e9rience utilisateur globale de leur site Web. De plus, ce plugin est fier de se vanter d&rsquo;une interface intuitivement con\u00e7ue et conviviale, offrant aux utilisateurs la commodit\u00e9 de g\u00e9rer et d&rsquo;ajuster les param\u00e8tres de balisage de sch\u00e9ma sans n\u00e9cessiter de codage pr\u00e9alable.<\/p>\n<ul>\n<li>Fournit une solution de balisage de sch\u00e9ma compl\u00e8te pour les sites Web WordPress<\/li>\n<li>Aide \u00e0 am\u00e9liorer la visibilit\u00e9 du site Web dans les pages de r\u00e9sultats des moteurs de recherche (SERP) avec des extraits riches et d&rsquo;autres fonctionnalit\u00e9s am\u00e9lior\u00e9es<\/li>\n<li>Am\u00e9liore la cr\u00e9dibilit\u00e9 et la confiance du site Web en affichant des informations pr\u00e9cieuses telles que les notes, les avis et les prix<\/li>\n<li>Offre une impl\u00e9mentation facile avec des options de personnalisation simples et flexibles<\/li>\n<li>Fournit un soutien \u00e0 plusieurs sch\u00e9mas, notamment l&rsquo;organisation, les affaires locales, la personne, les produits, les recettes, etc.<\/li>\n<li>Assure la compatibilit\u00e9 avec les principaux moteurs de recherche, notamment Google, Bing, Yahoo et Yandex<\/li>\n<li>Offre une navigation conviviale et des param\u00e8tres intuitifs pour une gestion sans tracas<\/li>\n<li>Comprend la g\u00e9n\u00e9ration automatique de sch\u00e9ma pour le contenu existant et l&rsquo;option pour ajouter manuellement de nouveaux sch\u00e9mas \u00e0 des publications et des pages sp\u00e9cifiques<\/li>\n<li>Fournit acc\u00e8s \u00e0 une documentation compl\u00e8te et \u00e0 une assistance d\u00e9di\u00e9e par e-mail et \u00e0 un forum d\u00e9di\u00e9.<\/li>\n<\/ul>\n","protected":false},"excerpt":{"rendered":"<p>Uschema, un plugin r\u00e9volutionnaire sp\u00e9cifiquement d\u00e9velopp\u00e9 pour WordPress, sert de solution ultime pour \u00e9tablir un sch\u00e9ma de donn\u00e9es complet et complexe. Son objectif principal tourne autour de l&rsquo;int\u00e9gration transparente du balisage des donn\u00e9es structur\u00e9es sur votre site Web, avec un processus sans effort et tr\u00e8s efficace. En optant pour Uschema, vous assisteriez sans aucun doute une am\u00e9lioration substantielle des performances du moteur de recherche de votre site Web, vous permettant de captiver un public plus large et d&rsquo;augmenter votre visibilit\u00e9 dans les r\u00e9sultats de recherche. Remarquablement, ce plugin extraordinaire \u00e9tend son soutien in\u00e9branlable \u00e0 tous les principaux types de sch\u00e9mas, englobant les entreprises, l&rsquo;organisation, l&rsquo;article, l&rsquo;article, le blog, le produit, la recette et une vaste gamme d&rsquo;autres. De plus, Uschema pr\u00e9sente fi\u00e8rement une myriade de fonctionnalit\u00e9s avanc\u00e9es qui sont li\u00e9es aux utilisateurs \u00e9tonnants, englobant la g\u00e9n\u00e9ration de sch\u00e9ma automatique, des champs personnalisables, ainsi qu&rsquo;une int\u00e9gration transparente avec la c\u00e9l\u00e8bre plate-forme WooCommerce. N&rsquo;h\u00e9sitez plus &#8211; saisissez l&rsquo;opportunit\u00e9 d&rsquo;acqu\u00e9rir Uschema aujourd&rsquo;hui et prenez le contr\u00f4le total de la majoration des donn\u00e9es structur\u00e9es de votre site Web, propulsant finalement votre classement de moteur de recherche \u00e0 des hauteurs sans pr\u00e9c\u00e9dent et conduisant efficacement un afflux de trafic organique vers votre site estim\u00e9.<\/p>\n","protected":false},"featured_media":145670,"comment_status":"open","ping_status":"open","template":"","meta":[],"product_brand":[2435],"product_cat":[1181,1335,1186],"product_tag":[1231],"class_list":{"0":"post-111550","1":"product","2":"type-product","3":"status-publish","4":"has-post-thumbnail","6":"product_brand-codecanyon","7":"product_cat-plugins","8":"product_cat-seo","9":"product_cat-wordpress-plugins","10":"product_tag-codecanyon","11":"member-discount","12":"discount-restricted","14":"first","15":"instock","16":"sale","17":"downloadable","18":"virtual","19":"sold-individually","20":"purchasable","21":"product-type-simple"},"_links":{"self":[{"href":"https:\/\/gpl-love.com\/fr\/wp-json\/wp\/v2\/product\/111550","targetHints":{"allow":["GET"]}}],"collection":[{"href":"https:\/\/gpl-love.com\/fr\/wp-json\/wp\/v2\/product"}],"about":[{"href":"https:\/\/gpl-love.com\/fr\/wp-json\/wp\/v2\/types\/product"}],"replies":[{"embeddable":true,"href":"https:\/\/gpl-love.com\/fr\/wp-json\/wp\/v2\/comments?post=111550"}],"wp:featuredmedia":[{"embeddable":true,"href":"https:\/\/gpl-love.com\/fr\/wp-json\/wp\/v2\/media\/145670"}],"wp:attachment":[{"href":"https:\/\/gpl-love.com\/fr\/wp-json\/wp\/v2\/media?parent=111550"}],"wp:term":[{"taxonomy":"product_brand","embeddable":true,"href":"https:\/\/gpl-love.com\/fr\/wp-json\/wp\/v2\/product_brand?post=111550"},{"taxonomy":"product_cat","embeddable":true,"href":"https:\/\/gpl-love.com\/fr\/wp-json\/wp\/v2\/product_cat?post=111550"},{"taxonomy":"product_tag","embeddable":true,"href":"https:\/\/gpl-love.com\/fr\/wp-json\/wp\/v2\/product_tag?post=111550"}],"curies":[{"name":"wp","href":"https:\/\/api.w.org\/{rel}","templated":true}]}}