{"id":111535,"date":"2021-02-09T00:00:00","date_gmt":"2021-02-08T23:00:00","guid":{"rendered":"http:\/\/gpl-love.com\/fr\/produit\/seomun-digital-marketing-agency-wordpress-theme\/"},"modified":"2026-04-10T18:39:18","modified_gmt":"2026-04-10T16:39:18","slug":"seomun-digital-marketing-agency-wordpress-theme","status":"publish","type":"product","link":"https:\/\/gpl-love.com\/fr\/produit\/seomun-digital-marketing-agency-wordpress-theme\/","title":{"rendered":"Seomun Digital Marketing Agency WordPress Theme 1.0.6"},"content":{"rendered":"<h3>Seomun Digital Marketing Agency WordPress Theme Traits<\/h3>\n<p>Le th\u00e8me WordPress de l&rsquo;agence de marketing num\u00e9rique de Seomun est un th\u00e8me incroyablement robuste et tr\u00e8s r\u00e9actif qui a \u00e9t\u00e9 m\u00e9ticuleusement con\u00e7u pour servir d&rsquo;outil efficace pour les agences de marketing num\u00e9rique dans leurs efforts pour pr\u00e9senter leur vaste gamme de services et, finalement, attirer des clients potentiels. Son impressionnante gamme de fonctionnalit\u00e9s, qui comprend un assortiment de widgets personnalis\u00e9s, des pages pr\u00e9d\u00e9finies et une fonctionnalit\u00e9 de cr\u00e9ation de pages de glisser-d\u00e9poser par des utilisateurs, rend le processus de cr\u00e9ation d&rsquo;un site Web sophistiqu\u00e9 et contemporain, m\u00eame pour les personnes d\u00e9pourvues d&rsquo;expertise de codage . En outre, ce th\u00e8me offre aux utilisateurs une large gamme d&rsquo;options de personnalisation, ce qui leur permet d&rsquo;adapter leur site \u00e0 leurs sp\u00e9cifications pr\u00e9cises et uniques, assurant une int\u00e9gration transparente avec leur identit\u00e9 globale de marque. \u00c0 la lumi\u00e8re de cela, il devient tout \u00e0 fait \u00e9vident que le th\u00e8me WordPress de l&rsquo;agence de marketing num\u00e9rique de Seomun appara\u00eet comme un choix id\u00e9al pour les agences de marketing num\u00e9rique, car elle facilite non seulement la cr\u00e9ation d&rsquo;une pr\u00e9sence en ligne command\u00e9e, mais sert \u00e9galement de moyen exceptionnel d&rsquo;attirer de nouveaux opportunit\u00e9s professionnelles.<\/p>\n<ul>\n<li>Design \u00e9l\u00e9gant et moderne parfait pour les agences de marketing num\u00e9rique<\/li>\n<li>Enti\u00e8rement personnalisable avec l&rsquo;utilisation du plugin Visual Composer et de nombreuses options de th\u00e8me<\/li>\n<li>12 variations de page d&rsquo;accueil diff\u00e9rentes au choix<\/li>\n<li>WooCommerce compatible pour une int\u00e9gration de commerce \u00e9lectronique facile<\/li>\n<li>Prend en charge plusieurs formats de publication, y compris la vid\u00e9o, la galerie et l&rsquo;audio<\/li>\n<li>Construit avec l&rsquo;optimisation des moteurs de recherche \u00e0 l&rsquo;esprit pour aider \u00e0 augmenter le trafic du site Web<\/li>\n<li>Conception r\u00e9active mobile pour une visualisation facile sur n&rsquo;importe quel appareil<\/li>\n<li>Comprend le plugin de curseur Revolution pour les diaporamas de page d&rsquo;accueil accrocheurs<\/li>\n<li>Option d&rsquo;importation de d\u00e9monstration en un clic pour la configuration rapide du site Web<\/li>\n<li>\u00c9quipe de support d\u00e9di\u00e9e disponible pour l&rsquo;aide et le d\u00e9pannage.<\/li>\n<\/ul>\n","protected":false},"excerpt":{"rendered":"<p>Le th\u00e8me WordPress de l&rsquo;agence de marketing num\u00e9rique de Seomun est un mod\u00e8le exceptionnellement \u00e9l\u00e9gant et moderne m\u00e9ticuleusement con\u00e7u dans le seul but de s&rsquo;adresser aux agences de marketing num\u00e9rique. Remarqu\u00e9e pour sa mise en page propre et minimaliste, ce th\u00e8me englobe une pl\u00e9thore de fonctionnalit\u00e9s personnalisables qui permettent une exp\u00e9rience utilisateur sur mesure. Essentiellement, ce th\u00e8me d\u00e9gage un sentiment de professionnalisme sans pr\u00e9c\u00e9dent, fournissant ainsi un attrait esth\u00e9tique remarquable pour toute entreprise. Un aspect frappant du th\u00e8me WordPress de l&rsquo;agence de marketing num\u00e9rique de Seomun est sa conception r\u00e9active, garantissant que votre site Web reste optimis\u00e9 et parfaitement fonctionnel sur un large \u00e9ventail d&rsquo;appareils. Cette adaptabilit\u00e9 inn\u00e9e sert de catalyseur, ce qui rend votre site Web accessible \u00e0 une vaste client\u00e8le. En outre, ce th\u00e8me int\u00e8gre une gamme diversifi\u00e9e de pages et de fonctionnalit\u00e9s pr\u00e9d\u00e9finies, englobant des composants essentiels tels que le blog, le portefeuille, les services et les sections de t\u00e9moignages. L&rsquo;inclusion de ces facettes facilite la pr\u00e9sentation sans effort de votre entreprise, captivant des clients potentiels et favorisant les relations durables. En r\u00e9sum\u00e9, le th\u00e8me WordPress de l&rsquo;agence de marketing num\u00e9rique Seomun est un choix impeccable pour toute agence cherchant \u00e0 \u00e9tablir une pr\u00e9sence en ligne commandante et \u00e0 \u00e9lever leur marque \u00e0 des sommets in\u00e9gal\u00e9s.<\/p>\n","protected":false},"featured_media":145222,"comment_status":"open","ping_status":"open","template":"","meta":[],"product_brand":[2433],"product_cat":[1516,1212,1213],"product_tag":[1366],"class_list":{"0":"post-111535","1":"product","2":"type-product","3":"status-publish","4":"has-post-thumbnail","6":"product_brand-themeforest","7":"product_cat-entreprise","8":"product_cat-themes","9":"product_cat-wordpress-themes","10":"product_tag-themeforest","11":"member-discount","12":"discount-restricted","14":"first","15":"instock","16":"sale","17":"downloadable","18":"virtual","19":"sold-individually","20":"purchasable","21":"product-type-simple"},"_links":{"self":[{"href":"https:\/\/gpl-love.com\/fr\/wp-json\/wp\/v2\/product\/111535","targetHints":{"allow":["GET"]}}],"collection":[{"href":"https:\/\/gpl-love.com\/fr\/wp-json\/wp\/v2\/product"}],"about":[{"href":"https:\/\/gpl-love.com\/fr\/wp-json\/wp\/v2\/types\/product"}],"replies":[{"embeddable":true,"href":"https:\/\/gpl-love.com\/fr\/wp-json\/wp\/v2\/comments?post=111535"}],"wp:featuredmedia":[{"embeddable":true,"href":"https:\/\/gpl-love.com\/fr\/wp-json\/wp\/v2\/media\/145222"}],"wp:attachment":[{"href":"https:\/\/gpl-love.com\/fr\/wp-json\/wp\/v2\/media?parent=111535"}],"wp:term":[{"taxonomy":"product_brand","embeddable":true,"href":"https:\/\/gpl-love.com\/fr\/wp-json\/wp\/v2\/product_brand?post=111535"},{"taxonomy":"product_cat","embeddable":true,"href":"https:\/\/gpl-love.com\/fr\/wp-json\/wp\/v2\/product_cat?post=111535"},{"taxonomy":"product_tag","embeddable":true,"href":"https:\/\/gpl-love.com\/fr\/wp-json\/wp\/v2\/product_tag?post=111535"}],"curies":[{"name":"wp","href":"https:\/\/api.w.org\/{rel}","templated":true}]}}