{"id":111533,"date":"2025-05-10T00:00:00","date_gmt":"2025-05-09T22:00:00","guid":{"rendered":"http:\/\/gpl-love.com\/fr\/produit\/restrict-content-pro-woocommerce-member-discounts-and-addons\/"},"modified":"2026-04-10T18:38:16","modified_gmt":"2026-04-10T16:38:16","slug":"restrict-content-pro-woocommerce-member-discounts-and-addons","status":"publish","type":"product","link":"https:\/\/gpl-love.com\/fr\/produit\/restrict-content-pro-woocommerce-member-discounts-and-addons\/","title":{"rendered":"Restrict Content Pro WooCommerce Member Discounts et Add-ons 1.0.7"},"content":{"rendered":"<h3>Restrict Content Pro WooCommerce Member Discounts et Add-ons Traits<\/h3>\n<p>Le restrict de contenu Pro WooCommerce Rais\u00e9 et compl\u00e9ments est un plugin exceptionnel qui poss\u00e8de une vaste gamme de fonctionnalit\u00e9s remarquables visant \u00e0 faciliter une gestion efficace des magasins en ligne par ses utilisateurs. Ce plugin a \u00e9t\u00e9 m\u00e9ticuleusement con\u00e7u pour fournir \u00e0 ses utilisateurs la capacit\u00e9 inestimable d&rsquo;imposer des restrictions \u00e0 l&rsquo;acc\u00e8s \u00e0 un contenu, des produits et des pages sp\u00e9cifiques dans leur domaine WooCommerce. En outre, il offre aux utilisateurs la possibilit\u00e9 d&rsquo;adapter les remises exclusives et les modules compl\u00e9mentaires uniquement destin\u00e9s aux membres, servant ainsi de fa\u00e7on splendide pour r\u00e9compenser les clients d\u00e9vou\u00e9s tout en augmentant simultan\u00e9ment les chiffres de vente. B\u00e9n\u00e9ficiant d&rsquo;un processus d&rsquo;installation transparente et d&rsquo;une interface de configuration facilement navigable, les utilisateurs peuvent rapidement \u00e9tablir leur emporium num\u00e9rique et tirer parti rapidement les myriad avantages offerts par ce plugin en termes de ventes et de promotion d&rsquo;une exp\u00e9rience client am\u00e9lior\u00e9e. En r\u00e9sum\u00e9, ce plugin sert d&rsquo;instrument inestimable pour les entreprises qui cherchent \u00e0 optimiser leurs proc\u00e9dures de boutique en ligne et \u00e0 amplifier les niveaux d&rsquo;interaction client.<\/p>\n<ul>\n<li>Permet de donner des r\u00e9ductions aux membres et d&rsquo;ajouter des personnalisations aux produits dans WooCommerce<\/li>\n<li>INTRESSE SEMBLABLEMENT AU RESTRICT CONTENT PRO, un puissant plugin d&rsquo;adh\u00e9sion pour WordPress<\/li>\n<li>Offre une flexibilit\u00e9 dans les niveaux de r\u00e9duction en fonction du niveau d&rsquo;adh\u00e9sion ou des produits sp\u00e9cifiques<\/li>\n<li>Permet la cr\u00e9ation de produits ou de contenu \u00ab\u00a0r\u00e9serv\u00e9s aux membres\u00a0\u00bb avec des remises exclusives<\/li>\n<li>Fournit une interface intuitive facile \u00e0 utiliser pour g\u00e9rer les remises et les modules compl\u00e9mentaires des membres<\/li>\n<li>Offre un processus de paiement rationalis\u00e9 pour les membres, garantissant que les remises sont automatiquement appliqu\u00e9es<\/li>\n<li>Am\u00e9liore la fid\u00e9lit\u00e9 et la r\u00e9tention des clients gr\u00e2ce \u00e0 des offres personnalis\u00e9es et des avantages sociaux<\/li>\n<li>Compatible avec une large gamme de passerelles de paiement, assurant des transactions s\u00fbres et s\u00e9curis\u00e9es.<\/li>\n<li>Parfait pour les magasins en ligne qui cherchent \u00e0 stimuler les ventes et l&rsquo;engagement avec leur base d&rsquo;adh\u00e9sion.<\/li>\n<\/ul>\n","protected":false},"excerpt":{"rendered":"<p>Le contenu restreint des remises et des modules compl\u00e9mentaires de membre de WooCommerce, qui se trouve \u00eatre un plugin WordPress incroyablement puissant, sert \u00e0 vous permettre de fournir sans effort des remises et des modules compl\u00e9mentaires exclusifs \u00e0 vos membres estim\u00e9s WooCommerce. En int\u00e9grant de mani\u00e8re transparente \u00e0 la fois avec le contenu Pro et WooCommerce, ce plugin exceptionnel vous accorde une autorit\u00e9 absolue sur les individus qui sont \u00e9ligibles pour acc\u00e9der \u00e0 ces remises et add-ons recherch\u00e9s. Equipped with a plethora of remarkable features such as highly customizable discount options, intricately designed member restriction settings, and a user-friendly interface for efficiently managing multiple add-ons, this plugin undoubtedly emerges as the ultimate solution for any WooCommerce store owner yearning to enhance Les taux de r\u00e9tention des membres et, \u00e0 leur tour, amplifient consid\u00e9rablement leurs chiffres globaux de vente. Par cons\u00e9quent, si vous aspirez \u00e0 extraire les avantages sociaux de votre programme d&rsquo;adh\u00e9sion, il devient absolument imp\u00e9ratif d&rsquo;exploiter le plein potentiel du restriction des remises et des modules compl\u00e9mentaires des membres du contenu restreint.<\/p>\n","protected":false},"featured_media":145128,"comment_status":"open","ping_status":"open","template":"","meta":[],"product_brand":[2644],"product_cat":[1300,1181,1186],"product_tag":[1488],"class_list":{"0":"post-111533","1":"product","2":"type-product","3":"status-publish","4":"has-post-thumbnail","6":"product_brand-restirct-content","7":"product_cat-adhesion","8":"product_cat-plugins","9":"product_cat-wordpress-plugins","10":"product_tag-restirct-content","11":"member-discount","12":"discount-restricted","14":"first","15":"instock","16":"sale","17":"downloadable","18":"virtual","19":"sold-individually","20":"purchasable","21":"product-type-simple"},"_links":{"self":[{"href":"https:\/\/gpl-love.com\/fr\/wp-json\/wp\/v2\/product\/111533","targetHints":{"allow":["GET"]}}],"collection":[{"href":"https:\/\/gpl-love.com\/fr\/wp-json\/wp\/v2\/product"}],"about":[{"href":"https:\/\/gpl-love.com\/fr\/wp-json\/wp\/v2\/types\/product"}],"replies":[{"embeddable":true,"href":"https:\/\/gpl-love.com\/fr\/wp-json\/wp\/v2\/comments?post=111533"}],"wp:featuredmedia":[{"embeddable":true,"href":"https:\/\/gpl-love.com\/fr\/wp-json\/wp\/v2\/media\/145128"}],"wp:attachment":[{"href":"https:\/\/gpl-love.com\/fr\/wp-json\/wp\/v2\/media?parent=111533"}],"wp:term":[{"taxonomy":"product_brand","embeddable":true,"href":"https:\/\/gpl-love.com\/fr\/wp-json\/wp\/v2\/product_brand?post=111533"},{"taxonomy":"product_cat","embeddable":true,"href":"https:\/\/gpl-love.com\/fr\/wp-json\/wp\/v2\/product_cat?post=111533"},{"taxonomy":"product_tag","embeddable":true,"href":"https:\/\/gpl-love.com\/fr\/wp-json\/wp\/v2\/product_tag?post=111533"}],"curies":[{"name":"wp","href":"https:\/\/api.w.org\/{rel}","templated":true}]}}