{"id":111527,"date":"2022-03-04T00:00:00","date_gmt":"2022-03-03T23:00:00","guid":{"rendered":"http:\/\/gpl-love.com\/fr\/produit\/gappointments-appointment-booking-addon-for-gravity-forms\/"},"modified":"2026-03-20T23:16:00","modified_gmt":"2026-03-20T22:16:00","slug":"gappointments-appointment-booking-addon-for-gravity-forms","status":"publish","type":"product","link":"https:\/\/gpl-love.com\/fr\/produit\/gappointments-appointment-booking-addon-for-gravity-forms\/","title":{"rendered":"gAppointments Appointment booking addon pour Gravity Forms 1.9.7"},"content":{"rendered":"<h3>gAppointments Appointment booking addon pour Gravity Forms Traits<\/h3>\n<p>GappOins, un ing\u00e9nieux rendez-vous de rendez-vous addon sp\u00e9cifiquement con\u00e7u pour les formulaires de gravit\u00e9, pr\u00e9sente une solution transparente pour les entreprises et les professionnels qui cherchent \u00e0 g\u00e9rer sans effort les rendez-vous et les r\u00e9servations sur leur site Web WordPress. Avec les capacit\u00e9s in\u00e9branlables des ganglions, les utilisateurs ont le pouvoir de concocter m\u00e9ticuleusement les formulaires sur mesure pour leurs services estim\u00e9s, d&rsquo;\u00e9tablir une disponibilit\u00e9 et une dur\u00e9e pr\u00e9cises de rendez-vous, et de synchroniser de mani\u00e8re transparente leur calendrier avec le calendrier Google omnipr\u00e9sent. De plus, cet addon ph\u00e9nom\u00e9nal poss\u00e8de un \u00e9ventail de fonctionnalit\u00e9s avanc\u00e9es, y compris, mais sans s&rsquo;y limiter, les notifications par e-mail, les rappels et la capacit\u00e9 de convertir sans effort des fuseaux horaires. En optimisant et en rationalisant le processus de r\u00e9servation de rendez-vous par ailleurs laborieux, les points de bord \u00e9mergent comme un outil puissant capable non seulement d&rsquo;\u00e9manciper un temps pr\u00e9cieux pour les entreprises, mais aussi d&rsquo;augmenter leur efficacit\u00e9 op\u00e9rationnelle globale, renfor\u00e7ant par cons\u00e9quent leur prosp\u00e9rit\u00e9 financi\u00e8re.<\/p>\n<ul>\n<li>Int\u00e9grez de mani\u00e8re transparente la r\u00e9servation de rendez-vous dans les formulaires de gravit\u00e9<\/li>\n<li>Personnalisez l&rsquo;apparence et la fonctionnalit\u00e9 de votre formulaire de r\u00e9servation de rendez-vous<\/li>\n<li>Cr\u00e9ez plusieurs types de rendez-vous avec leur propre disponibilit\u00e9 et tarification<\/li>\n<li>G\u00e9rer les rendez-vous via un tableau de bord intuitif<\/li>\n<li>Envoyer automatiquement les e-mails de confirmation et de rappel aux clients<\/li>\n<li>Synchroniser les rendez-vous avec Google Calendar ou Outlook<\/li>\n<li>Acceptez les paiements via PayPal ou Stripe<\/li>\n<li>Installation et configuration faciles sans codage requis<\/li>\n<li>Assistance client 24\/7 pour le d\u00e9pannage et l&rsquo;assistance<\/li>\n<\/ul>\n","protected":false},"excerpt":{"rendered":"<p>GappOins, un addon de r\u00e9servation de rendez-vous tr\u00e8s robuste et efficace sp\u00e9cialement cr\u00e9\u00e9 pour les formulaires de gravit\u00e9, permet aux entreprises en leur permettant d&rsquo;organiser sans effort des rendez-vous avec leurs pr\u00e9cieux clients. En utilisant des points verts, les clients ont la commodit\u00e9 de s\u00e9lectionner la date et l&rsquo;heure souhait\u00e9s, tandis que les entreprises peuvent g\u00e9rer efficacement et efficacement leurs horaires, tout en supprimant sans effort les e-mails de confirmation. En outre, l&rsquo;int\u00e9gration des points de courant avec des formes de gravit\u00e9 simplifie la personnalisation des formulaires de nomination, facilitant l&rsquo;ajout de nouveaux champs et l&rsquo;int\u00e9gration transparente avec une pl\u00e9thore de services tiers. Cet addon exceptionnel et sup\u00e9rieur a \u00e9t\u00e9 m\u00e9ticuleusement con\u00e7u pour les entreprises avant-gardistes cherchant \u00e0 optimiser et \u00e0 rationaliser leur processus de r\u00e9servation de rendez-vous, offrant ainsi une exp\u00e9rience client sans pr\u00e9c\u00e9dent et sans faille.<\/p>\n","protected":false},"featured_media":143952,"comment_status":"open","ping_status":"open","template":"","meta":[],"product_brand":[2435],"product_cat":[1191,1181,1186],"product_tag":[1231],"class_list":{"0":"post-111527","1":"product","2":"type-product","3":"status-publish","4":"has-post-thumbnail","6":"product_brand-codecanyon","7":"product_cat-formes","8":"product_cat-plugins","9":"product_cat-wordpress-plugins","10":"product_tag-codecanyon","11":"member-discount","12":"discount-restricted","14":"first","15":"instock","16":"sale","17":"downloadable","18":"virtual","19":"sold-individually","20":"purchasable","21":"product-type-simple"},"_links":{"self":[{"href":"https:\/\/gpl-love.com\/fr\/wp-json\/wp\/v2\/product\/111527","targetHints":{"allow":["GET"]}}],"collection":[{"href":"https:\/\/gpl-love.com\/fr\/wp-json\/wp\/v2\/product"}],"about":[{"href":"https:\/\/gpl-love.com\/fr\/wp-json\/wp\/v2\/types\/product"}],"replies":[{"embeddable":true,"href":"https:\/\/gpl-love.com\/fr\/wp-json\/wp\/v2\/comments?post=111527"}],"wp:featuredmedia":[{"embeddable":true,"href":"https:\/\/gpl-love.com\/fr\/wp-json\/wp\/v2\/media\/143952"}],"wp:attachment":[{"href":"https:\/\/gpl-love.com\/fr\/wp-json\/wp\/v2\/media?parent=111527"}],"wp:term":[{"taxonomy":"product_brand","embeddable":true,"href":"https:\/\/gpl-love.com\/fr\/wp-json\/wp\/v2\/product_brand?post=111527"},{"taxonomy":"product_cat","embeddable":true,"href":"https:\/\/gpl-love.com\/fr\/wp-json\/wp\/v2\/product_cat?post=111527"},{"taxonomy":"product_tag","embeddable":true,"href":"https:\/\/gpl-love.com\/fr\/wp-json\/wp\/v2\/product_tag?post=111527"}],"curies":[{"name":"wp","href":"https:\/\/api.w.org\/{rel}","templated":true}]}}