{"id":111485,"date":"2026-04-22T00:00:00","date_gmt":"2026-04-21T22:00:00","guid":{"rendered":"http:\/\/gpl-love.com\/fr\/produit\/x-the-theme-pro\/"},"modified":"2026-04-23T00:31:16","modified_gmt":"2026-04-22T22:31:16","slug":"x-the-theme-pro","status":"publish","type":"product","link":"https:\/\/gpl-love.com\/fr\/produit\/x-the-theme-pro\/","title":{"rendered":"X The Th\u00e8me Pro 10.8.6"},"content":{"rendered":"<h3>X The Th\u00e8me Pro Traits<\/h3>\n<p>X Le th\u00e8me Pro est un th\u00e8me WordPress incroyablement robuste et polyvalent qui a \u00e9t\u00e9 sp\u00e9cifiquement con\u00e7u pour les entreprises et les individus qui souhaitent d\u00e9velopper et maintenir sans effort des sites Web de qualit\u00e9 professionnelle sans la n\u00e9cessit\u00e9 d&rsquo;une connaissance approfondie de codage. En exploitant l&rsquo;interface de glisser-d\u00e9poser incroyablement intuitive offerte par X The Theme Pro, les utilisateurs sont en mesure de personnaliser de mani\u00e8re transparente leurs sites Web en utilisant une vaste gamme de dispositions, de modules et de fonctionnalit\u00e9s pr\u00e9d\u00e9finis. L&rsquo;\u00e9tendue de choix est stup\u00e9fiante, car x le th\u00e8me Pro fournit une s\u00e9lection de piles de conception bien plus captivantes visuellement, chacune impr\u00e9gn\u00e9e de son propre style distinctif et de ses capacit\u00e9s fonctionnelles, permettant aux utilisateurs d&rsquo;adapter minutieusement leur site Web pour r\u00e9pondre \u00e0 leurs exigences uniques. De plus, X La r\u00e9activit\u00e9 compl\u00e8te du th\u00e8me Pro garantit que votre site Web conservera son attrait visuel exceptionnel et ses fonctionnalit\u00e9s transparentes sur tous les appareils, tandis que son impl\u00e9mentation de l&rsquo;optimisation du r\u00e9f\u00e9rencement garantit que votre plate-forme en ligne sera facilement d\u00e9couverte par les moteurs de recherche. Que vous aspirez \u00e0 construire un portefeuille impressionnant, un blog captivant, une entreprise de commerce \u00e9lectronique anim\u00e9e ou toute autre forme de site Web imaginable, X Le th\u00e8me Pro poss\u00e8de sans aucun doute tous les \u00e9l\u00e9ments essentiels pour permettre la cr\u00e9ation d&rsquo;une pr\u00e9sence en ligne extraordinaire extraordinaire en ligne qui est s\u00fbr de captiver et d&rsquo;engager les visiteurs.<\/p>\n<ul>\n<li>Th\u00e8me WordPress polyvalent premium pour les professionnels cr\u00e9atifs, les entreprises et les sites de commerce \u00e9lectronique<\/li>\n<li>Con\u00e7u en mettant l&rsquo;accent sur la personnalisation, la flexibilit\u00e9 et la facilit\u00e9 d&rsquo;utilisation<\/li>\n<li>Comprend plus de 40 d\u00e9mos pr\u00e9-construites et plus de 200 mod\u00e8les pr\u00e9-con\u00e7us pour choisir parmi<\/li>\n<li>Enti\u00e8rement r\u00e9actif et optimis\u00e9 pour les vitesses de chargement rapide et le r\u00e9f\u00e9rencement<\/li>\n<li>Int\u00e9gre parfaitement les plugins et extensions populaires WordPress<\/li>\n<li>Styles d&rsquo;en-t\u00eate et de pied de page personnalisables, ainsi que plusieurs options de menu et de navigation<\/li>\n<li>Prise en charge int\u00e9gr\u00e9e pour WooCommerce et plusieurs passerelles de paiement<\/li>\n<li>Options de typographie avanc\u00e9e avec l&rsquo;int\u00e9gration de polices Google<\/li>\n<li>Page de page glisser-d\u00e9poser avec plus de 50 blocs de construction pr\u00e9-con\u00e7us<\/li>\n<li>Documentation compl\u00e8te et \u00e9quipe de support client d\u00e9di\u00e9e<\/li>\n<\/ul>\n","protected":false},"excerpt":{"rendered":"<p>X Le th\u00e8me Pro, un th\u00e8me WordPress tr\u00e8s polyvalent et personnalisable m\u00e9ticuleusement con\u00e7u pour les blogueurs, les entreprises et les cr\u00e9atifs, pr\u00e9sente une vaste gamme d&rsquo;options de mise en page, un constructeur de pages incroyablement puissant et une vaste s\u00e9lection de mod\u00e8les pr\u00e9-con\u00e7us, qui permettent tous tous, Vous pour fa\u00e7onner une pr\u00e9sence en ligne distinctive et in\u00e9gal\u00e9e. Int\u00e9grant de mani\u00e8re transparente avec WooCommerce et une myriade d&rsquo;autres plugins, x Le th\u00e8me Pro facilite sans effort la cr\u00e9ation d&rsquo;un site Web poli, sophistiqu\u00e9 et captivant. Peu importe que vous aspirez \u00e0 construire un portefeuille impressionnant, un emporium de commerce \u00e9lectronique anim\u00e9 ou un blog personnel intime, soyez assur\u00e9 que x le th\u00e8me pro comprend tous les composants essentiels n\u00e9cessaires pour vous assurer que votre site Web d\u00e9gage de brillance et capture sans effort l&rsquo;attention .<\/p>\n","protected":false},"featured_media":146325,"comment_status":"open","ping_status":"open","template":"","meta":[],"product_brand":[2433],"product_cat":[1242,1212,1213],"product_tag":[1366],"class_list":{"0":"post-111485","1":"product","2":"type-product","3":"status-publish","4":"has-post-thumbnail","6":"product_brand-themeforest","7":"product_cat-creatif","8":"product_cat-themes","9":"product_cat-wordpress-themes","10":"product_tag-themeforest","11":"member-discount","12":"discount-restricted","14":"first","15":"instock","16":"sale","17":"downloadable","18":"virtual","19":"sold-individually","20":"purchasable","21":"product-type-simple"},"_links":{"self":[{"href":"https:\/\/gpl-love.com\/fr\/wp-json\/wp\/v2\/product\/111485","targetHints":{"allow":["GET"]}}],"collection":[{"href":"https:\/\/gpl-love.com\/fr\/wp-json\/wp\/v2\/product"}],"about":[{"href":"https:\/\/gpl-love.com\/fr\/wp-json\/wp\/v2\/types\/product"}],"replies":[{"embeddable":true,"href":"https:\/\/gpl-love.com\/fr\/wp-json\/wp\/v2\/comments?post=111485"}],"wp:featuredmedia":[{"embeddable":true,"href":"https:\/\/gpl-love.com\/fr\/wp-json\/wp\/v2\/media\/146325"}],"wp:attachment":[{"href":"https:\/\/gpl-love.com\/fr\/wp-json\/wp\/v2\/media?parent=111485"}],"wp:term":[{"taxonomy":"product_brand","embeddable":true,"href":"https:\/\/gpl-love.com\/fr\/wp-json\/wp\/v2\/product_brand?post=111485"},{"taxonomy":"product_cat","embeddable":true,"href":"https:\/\/gpl-love.com\/fr\/wp-json\/wp\/v2\/product_cat?post=111485"},{"taxonomy":"product_tag","embeddable":true,"href":"https:\/\/gpl-love.com\/fr\/wp-json\/wp\/v2\/product_tag?post=111485"}],"curies":[{"name":"wp","href":"https:\/\/api.w.org\/{rel}","templated":true}]}}