{"id":111481,"date":"2022-03-17T00:00:00","date_gmt":"2022-03-16T23:00:00","guid":{"rendered":"http:\/\/gpl-love.com\/fr\/produit\/qube-responsive-multi-purpose-theme\/"},"modified":"2026-04-10T18:37:34","modified_gmt":"2026-04-10T16:37:34","slug":"qube-responsive-multi-purpose-theme","status":"publish","type":"product","link":"https:\/\/gpl-love.com\/fr\/produit\/qube-responsive-multi-purpose-theme\/","title":{"rendered":"Qube Responsive Multi-Purpose Theme 1.1.6"},"content":{"rendered":"<h3>Qube Responsive Multi-Purpose Theme Traits<\/h3>\n<p>Le th\u00e8me polyvalent r\u00e9actif de QuBE, un th\u00e8me WordPress tr\u00e8s adaptable et convivial, sert une multitude d&rsquo;objectifs. Avec sa disposition r\u00e9active qui s&rsquo;adapte de mani\u00e8re transparente \u00e0 n&rsquo;importe quel \u00e9cran de p\u00e9riph\u00e9rique, les utilisateurs ont une exp\u00e9rience optimale. En outre, le th\u00e8me propose un \u00e9ventail de dispositions pr\u00e9d\u00e9finies, d&rsquo;en-t\u00eates et de pieds de page personnalisables, d&rsquo;options de couleurs illimit\u00e9es et d&rsquo;options de th\u00e8me robustes, qui facilitent la personnalisation du site Web sans effort pour r\u00e9pondre aux exigences uniques des utilisateurs individuels. De plus, le th\u00e8me polyvalent r\u00e9actif de QuBE offre une compatibilit\u00e9 avec des plugins renomm\u00e9s tels que WooCommerce, Yoast SEO et le formulaire de contact 7. Cette compatibilit\u00e9 permet aux utilisateurs d&rsquo;int\u00e9grer sans effort les fonctionnalit\u00e9s de commerce \u00e9lectronique, d&rsquo;am\u00e9liorer l&rsquo;optimisation du moteur de recherche de leur site Web et de cr\u00e9er des contacts adapt\u00e9s \u00e0 l&rsquo;utilisateur formes. En cons\u00e9quence, le th\u00e8me polyvalent r\u00e9actif de QuBE appara\u00eet comme le choix ultime pour les entreprises, les blogueurs et les professionnels de la cr\u00e9ation aspirant \u00e0 \u00e9tablir des sites Web visuellement frappants et enti\u00e8rement fonctionnels.<\/p>\n<ul>\n<li>Conception enti\u00e8rement personnalisable et r\u00e9active pour une exp\u00e9rience utilisateur optimale sur tous les appareils<\/li>\n<li>Le th\u00e8me polyvalent peut \u00eatre utilis\u00e9 pour un large \u00e9ventail de sites Web tels que des portefeuilles, des blogs et des sites Web d&rsquo;entreprise<\/li>\n<li>Est \u00e9quip\u00e9 de plusieurs pages et mod\u00e8les pr\u00e9-con\u00e7us pour une personnalisation facile<\/li>\n<li>Construit en tenant compte de l&rsquo;optimisation du r\u00e9f\u00e9rencement pour am\u00e9liorer la visibilit\u00e9 du site Web et le classement des moteurs de recherche<\/li>\n<li>Facile \u00e0 utiliser Drag and Drop Page Builder pour cr\u00e9er des pages uniques et dynamiques sans aucune connaissance de codage<\/li>\n<li>S&rsquo;int\u00e8gre \u00e0 des plugins populaires tels que WooCommerce et Contact Form 7 pour ajouter des fonctionnalit\u00e9s<\/li>\n<li>Compatible avec tous les navigateurs modernes et r\u00e9guli\u00e8rement mis \u00e0 jour pour assurer des performances optimales<\/li>\n<li>\u00c9quipe d&rsquo;assistance d\u00e9di\u00e9e \u00e0 toute question ou pr\u00e9occupation<\/li>\n<li>Mises \u00e0 jour \u00e0 vie et acc\u00e8s \u00e0 toutes les nouvelles fonctionnalit\u00e9s pour un prix d&rsquo;achat unique.<\/li>\n<\/ul>\n","protected":false},"excerpt":{"rendered":"<p>Le th\u00e8me polyvalent r\u00e9actif QuBE appara\u00eet comme la r\u00e9solution par excellence pour toutes sortes de sites Web, englobant une vaste gamme de possibilit\u00e9s. Construit avec un design extr\u00eamement poli et contemporain, ce th\u00e8me poss\u00e8de l&rsquo;attribut remarquable d&rsquo;\u00eatre enti\u00e8rement personnalisable et r\u00e9glable pour r\u00e9pondre \u00e0 n&rsquo;importe quel objectif imaginable. Il pr\u00e9sente un vaste r\u00e9pertoire de fonctionnalit\u00e9s, y compris une pl\u00e9thore de dispositions de page d&rsquo;accueil, un assortiment impressionnant de s\u00e9lections typographiques qui d\u00e9gagent une \u00e9l\u00e9gance pure, ainsi qu&rsquo;une gamme in\u00e9puisable d&rsquo;options de couleurs qui offrent une libert\u00e9 de cr\u00e9ation sans limites. De plus, le th\u00e8me Qube poss\u00e8de une r\u00e9activit\u00e9 compl\u00e8te, assurant une accessibilit\u00e9 transparente sur n&rsquo;importe quel appareil ou plate-forme. En utilisant ce th\u00e8me exceptionnel, vous avez la capacit\u00e9 sans entraves \u00e0 cr\u00e9er un site Web vraiment distinctif et poliment poli professionnellement qui est garanti pour attirer l&rsquo;attention et laisser une impression ind\u00e9l\u00e9bile.<\/p>\n","protected":false},"featured_media":145061,"comment_status":"open","ping_status":"open","template":"","meta":[],"product_brand":[2433],"product_cat":[1214,1212,1213],"product_tag":[1366],"class_list":{"0":"post-111481","1":"product","2":"type-product","3":"status-publish","4":"has-post-thumbnail","6":"product_brand-themeforest","7":"product_cat-polyvalent","8":"product_cat-themes","9":"product_cat-wordpress-themes","10":"product_tag-themeforest","11":"member-discount","12":"discount-restricted","14":"first","15":"instock","16":"sale","17":"downloadable","18":"virtual","19":"sold-individually","20":"purchasable","21":"product-type-simple"},"_links":{"self":[{"href":"https:\/\/gpl-love.com\/fr\/wp-json\/wp\/v2\/product\/111481","targetHints":{"allow":["GET"]}}],"collection":[{"href":"https:\/\/gpl-love.com\/fr\/wp-json\/wp\/v2\/product"}],"about":[{"href":"https:\/\/gpl-love.com\/fr\/wp-json\/wp\/v2\/types\/product"}],"replies":[{"embeddable":true,"href":"https:\/\/gpl-love.com\/fr\/wp-json\/wp\/v2\/comments?post=111481"}],"wp:featuredmedia":[{"embeddable":true,"href":"https:\/\/gpl-love.com\/fr\/wp-json\/wp\/v2\/media\/145061"}],"wp:attachment":[{"href":"https:\/\/gpl-love.com\/fr\/wp-json\/wp\/v2\/media?parent=111481"}],"wp:term":[{"taxonomy":"product_brand","embeddable":true,"href":"https:\/\/gpl-love.com\/fr\/wp-json\/wp\/v2\/product_brand?post=111481"},{"taxonomy":"product_cat","embeddable":true,"href":"https:\/\/gpl-love.com\/fr\/wp-json\/wp\/v2\/product_cat?post=111481"},{"taxonomy":"product_tag","embeddable":true,"href":"https:\/\/gpl-love.com\/fr\/wp-json\/wp\/v2\/product_tag?post=111481"}],"curies":[{"name":"wp","href":"https:\/\/api.w.org\/{rel}","templated":true}]}}