{"id":111478,"date":"2026-03-16T00:00:00","date_gmt":"2026-03-15T23:00:00","guid":{"rendered":"http:\/\/gpl-love.com\/fr\/produit\/woo-import-export-2\/"},"modified":"2026-04-10T18:45:49","modified_gmt":"2026-04-10T16:45:49","slug":"woo-import-export-2","status":"publish","type":"product","link":"https:\/\/gpl-love.com\/fr\/produit\/woo-import-export-2\/","title":{"rendered":"Woo Import Export 6.0.11"},"content":{"rendered":"<h3>Woo Import Export Traits<\/h3>\n<p>Woo Import Export, un plugin hautement sophistiqu\u00e9 et efficace, a \u00e9t\u00e9 m\u00e9ticuleusement con\u00e7u pour rationaliser et acc\u00e9l\u00e9rer la t\u00e2che complexe d&rsquo;importation et d&rsquo;exportation de donn\u00e9es de WooCommerce. Ce plugin remarquable vous permet de transf\u00e9rer sans effort et de mani\u00e8re transparente un large \u00e9ventail de donn\u00e9es, allant des produits, des commandes, des clients et au-del\u00e0, entre divers magasins WooCommerce. Un attribut exemplaire de ce plugin r\u00e9side dans son interface conviviale, qui ne poss\u00e8de pas seulement une conception simpliste, mais vous permet \u00e9galement de cueillir et de s\u00e9lectionner m\u00e9ticuleusement les donn\u00e9es sp\u00e9cifiques que vous d\u00e9sirez importer ou exporter. En outre, il \u00e9tend sa fonctionnalit\u00e9 en pr\u00e9sentant des options avanc\u00e9es qui vous permettent d&rsquo;adapter et de personnaliser le processus de transfert \u00e0 vos sp\u00e9cifications uniques. Que vous vous trouviez au milieu de la mise \u00e0 niveau vers une nouvelle boutique WooCommerce de fess\u00e9e ou aspire \u00e0 simplement mettre \u00e0 jour et r\u00e9organiser votre magasin existant, l&rsquo;indispensabilit\u00e9 de Woo Import Export ne peut pas \u00eatre surestim\u00e9e. Exploitant ses prouesses sans pr\u00e9c\u00e9dent et ses caract\u00e9ristiques navigables sans effort, ce plugin \u00e9tonnant sert sans aucun doute la panac\u00e9e ultime pour g\u00e9rer et superviser efficacement l&rsquo;int\u00e9gralit\u00e9 de vos donn\u00e9es WooCommerce.<\/p>\n<ul>\n<li>Importent et exportent et exportent de mani\u00e8re transparente vers et depuis votre magasin WooCommerce<\/li>\n<li>\u00c9liminez le besoin de saisie manuelle de donn\u00e9es avec les capacit\u00e9s de traitement par lots<\/li>\n<li>Choisissez parmi une vari\u00e9t\u00e9 de formats de fichiers, y compris CSV, Excel et XML<\/li>\n<li>Carte les champs personnalis\u00e9s pour correspondre \u00e0 votre sch\u00e9ma de donn\u00e9es actuel<\/li>\n<li>Gagnez du temps et r\u00e9duisez les erreurs avec la mise en forme automatique et la validation<\/li>\n<li>Transf\u00e9rer facilement des produits entre diff\u00e9rents magasins WooCommerce<\/li>\n<li>G\u00e9rer et mettre \u00e0 jour les donn\u00e9es du produit en vrac<\/li>\n<li>Planifier et automatiser les importations et les exportations en fonction de vos besoins<\/li>\n<li>Obtenez des rapports d&rsquo;erreur complets pour r\u00e9soudre rapidement les probl\u00e8mes de transfert de donn\u00e9es<\/li>\n<li>Assurer la compatibilit\u00e9 avec les derni\u00e8res mises \u00e0 jour et extensions WooCommerce.<\/li>\n<\/ul>\n","protected":false},"excerpt":{"rendered":"<p>Woo Import Export est un plugin incroyablement robuste et efficace qui a \u00e9t\u00e9 m\u00e9ticuleusement con\u00e7u dans le but de rationaliser la t\u00e2che ardue d&rsquo;importer et d&rsquo;exporter des donn\u00e9es dans la plate-forme WooCommerce. Cet outil ing\u00e9nieux offre une facilit\u00e9 d&rsquo;utilisation in\u00e9gal\u00e9e, permettant aux utilisateurs d&rsquo;importer et d&rsquo;exporter sans effort un large \u00e9ventail de donn\u00e9es telles que les informations sur le produit, les d\u00e9tails du client et les enregistrements de commande, entre autres cat\u00e9gories de donn\u00e9es. La polyvalence de Woo Import Export est vraiment exceptionnelle, car elle s&rsquo;adresse \u00e0 une multitude de sc\u00e9narios, y compris le transfert transparent de donn\u00e9es entre des sites Web WooCommerce distincts, la pr\u00e9paration m\u00e9ticuleuse des donn\u00e9es pour l&rsquo;int\u00e9gration avec des solutions logicielles tierces, ainsi que la t\u00e2che essentielle de sauvegarder les donn\u00e9es cruciales du site Web. Les mesures d&rsquo;efficacit\u00e9 et de s\u00e9curit\u00e9 mises en \u0153uvre dans l&rsquo;exportation d&rsquo;importation WOO garantissent que ce processus est non seulement rapide mais aussi incroyablement sans tracas et s\u00e9curis\u00e9. L&rsquo;interface conviviale et intuitive de ce plugin am\u00e9liore encore son attrait, compl\u00e9tant son vaste tableau de fonctionnalit\u00e9s avanc\u00e9es, ce qui en fait un outil indispensable pour tout utilisateur d\u00e9vou\u00e9 de la plate-forme WooCommerce.<\/p>\n","protected":false},"featured_media":145779,"comment_status":"open","ping_status":"open","template":"","meta":[],"product_brand":[2435],"product_cat":[1187,1181,1186],"product_tag":[1231],"class_list":{"0":"post-111478","1":"product","2":"type-product","3":"status-publish","4":"has-post-thumbnail","6":"product_brand-codecanyon","7":"product_cat-administration-wordpress-plugins","8":"product_cat-plugins","9":"product_cat-wordpress-plugins","10":"product_tag-codecanyon","11":"member-discount","12":"discount-restricted","14":"first","15":"instock","16":"sale","17":"downloadable","18":"virtual","19":"sold-individually","20":"purchasable","21":"product-type-simple"},"_links":{"self":[{"href":"https:\/\/gpl-love.com\/fr\/wp-json\/wp\/v2\/product\/111478","targetHints":{"allow":["GET"]}}],"collection":[{"href":"https:\/\/gpl-love.com\/fr\/wp-json\/wp\/v2\/product"}],"about":[{"href":"https:\/\/gpl-love.com\/fr\/wp-json\/wp\/v2\/types\/product"}],"replies":[{"embeddable":true,"href":"https:\/\/gpl-love.com\/fr\/wp-json\/wp\/v2\/comments?post=111478"}],"wp:featuredmedia":[{"embeddable":true,"href":"https:\/\/gpl-love.com\/fr\/wp-json\/wp\/v2\/media\/145779"}],"wp:attachment":[{"href":"https:\/\/gpl-love.com\/fr\/wp-json\/wp\/v2\/media?parent=111478"}],"wp:term":[{"taxonomy":"product_brand","embeddable":true,"href":"https:\/\/gpl-love.com\/fr\/wp-json\/wp\/v2\/product_brand?post=111478"},{"taxonomy":"product_cat","embeddable":true,"href":"https:\/\/gpl-love.com\/fr\/wp-json\/wp\/v2\/product_cat?post=111478"},{"taxonomy":"product_tag","embeddable":true,"href":"https:\/\/gpl-love.com\/fr\/wp-json\/wp\/v2\/product_tag?post=111478"}],"curies":[{"name":"wp","href":"https:\/\/api.w.org\/{rel}","templated":true}]}}