{"id":111476,"date":"2022-06-21T00:00:00","date_gmt":"2022-06-20T22:00:00","guid":{"rendered":"http:\/\/gpl-love.com\/fr\/produit\/wp-import-export\/"},"modified":"2026-03-20T23:49:54","modified_gmt":"2026-03-20T22:49:54","slug":"wp-import-export","status":"publish","type":"product","link":"https:\/\/gpl-love.com\/fr\/produit\/wp-import-export\/","title":{"rendered":"WP Import Export 3.9.22"},"content":{"rendered":"<h3>WP Import Export Traits<\/h3>\n<p>WP Import Export est un outil tr\u00e8s robuste et formidable sp\u00e9cialement con\u00e7u pour faciliter la gestion transparente des donn\u00e9es pour les propri\u00e9taires de sites Web WordPress. Ce plugin exceptionnel permet aux utilisateurs la capacit\u00e9 sans effort d&rsquo;importer et d&rsquo;exporter une vaste gamme de donn\u00e9es de leur site WordPress, englobant des \u00e9l\u00e9ments pivots tels que les publications, les pages, les cat\u00e9gories, les \u00e9tiquettes, les champs personnalis\u00e9s et divers autres composants. WP Import Export propose une interface intuitivement con\u00e7ue qui rend le processus d&rsquo;exportation de donn\u00e9es dans divers formats, y compris CSV, XML et JSON, une brise absolue. En outre, ce plugin permet l&rsquo;importation ult\u00e9rieure desdites donn\u00e9es dans WordPress, garantissant ainsi une exp\u00e9rience compl\u00e8te et coh\u00e9rente de gestion des donn\u00e9es. Que l&rsquo;on cherche \u00e0 transf\u00e9rer des donn\u00e9es d&rsquo;un site WordPress \u00e0 un autre ou cherche simplement \u00e0 g\u00e9n\u00e9rer des sauvegardes fiables des donn\u00e9es de leur site Web, WP Import Export s&rsquo;av\u00e8re \u00eatre un atout indispensable. En rationalisant de mani\u00e8re transparente le processus de gestion des donn\u00e9es, ce plugin exceptionnel \u00e9merge sans \u00e9quivoque comme un outil tr\u00e8s pr\u00e9cieux pour tout propri\u00e9taire de site Web WordPress exigeant.<\/p>\n<ul>\n<li>Importer et exporter les donn\u00e9es WordPress avec facilit\u00e9<\/li>\n<li>Prise en charge int\u00e9gr\u00e9e pour les plugins WordPress populaires<\/li>\n<li>Possibilit\u00e9 de planifier des importations et des exportations automatis\u00e9es<\/li>\n<li>Migration sans probl\u00e8me d&rsquo;un site WordPress vers un autre<\/li>\n<li>Interface conviviale avec une navigation intuitive<\/li>\n<li>Fournit des journaux d\u00e9taill\u00e9s pour le suivi des importations et des exportations<\/li>\n<li>Options de filtrage avanc\u00e9 pour personnaliser les importations et les exportations<\/li>\n<li>Compatible avec divers formats de fichiers tels que CSV, XML et JSON<\/li>\n<li>Restauration rapide des sauvegardes ou du contenu supprim\u00e9<\/li>\n<li>\u00c9quipe de support d\u00e9di\u00e9e pour une r\u00e9solution rapide des probl\u00e8mes.<\/li>\n<\/ul>\n","protected":false},"excerpt":{"rendered":"<p>WP Import Export est un plugin hautement fonctionnel et convivial con\u00e7u sp\u00e9cialement pour les sites Web WordPress. Il sert d&rsquo;outil pr\u00e9cieux pour les utilisateurs qui cherchent \u00e0 importer et \u00e0 exporter sans effort le contenu. Gr\u00e2ce \u00e0 l&rsquo;utilisation de ce plugin innovant, les individus peuvent transf\u00e9rer de mani\u00e8re transparente diff\u00e9rents types de contenu, y compris des publications, des pages et des types de publication personnalis\u00e9s, entre autres, non seulement entre diff\u00e9rents sites WordPress mais \u00e9galement entre diff\u00e9rents comptes sur le m\u00eame site Web. En plus de sa polyvalence remarquable, le plugin poss\u00e8de la capacit\u00e9 d&rsquo;importer et d&rsquo;exporter des fichiers CSV et XML, ce qui le rend particuli\u00e8rement bien adapt\u00e9 \u00e0 ceux qui n\u00e9cessitent une migration acc\u00e9l\u00e9r\u00e9e et rationalis\u00e9e de volumes substantiels de donn\u00e9es. Si l&rsquo;on est un blogueur d\u00e9di\u00e9, un propri\u00e9taire d&rsquo;entreprise visionnaire ou un d\u00e9veloppeur comp\u00e9tent, le plugin d&rsquo;exportation d&rsquo;importation WP sert de ressource indispensable, facilitant efficacement la gestion efficace du contenu WordPress.<\/p>\n","protected":false},"featured_media":146155,"comment_status":"open","ping_status":"open","template":"","meta":[],"product_brand":[2435],"product_cat":[1187,1181,1186],"product_tag":[1231],"class_list":{"0":"post-111476","1":"product","2":"type-product","3":"status-publish","4":"has-post-thumbnail","6":"product_brand-codecanyon","7":"product_cat-administration-wordpress-plugins","8":"product_cat-plugins","9":"product_cat-wordpress-plugins","10":"product_tag-codecanyon","11":"member-discount","12":"discount-restricted","14":"first","15":"instock","16":"sale","17":"downloadable","18":"virtual","19":"sold-individually","20":"purchasable","21":"product-type-simple"},"_links":{"self":[{"href":"https:\/\/gpl-love.com\/fr\/wp-json\/wp\/v2\/product\/111476","targetHints":{"allow":["GET"]}}],"collection":[{"href":"https:\/\/gpl-love.com\/fr\/wp-json\/wp\/v2\/product"}],"about":[{"href":"https:\/\/gpl-love.com\/fr\/wp-json\/wp\/v2\/types\/product"}],"replies":[{"embeddable":true,"href":"https:\/\/gpl-love.com\/fr\/wp-json\/wp\/v2\/comments?post=111476"}],"wp:featuredmedia":[{"embeddable":true,"href":"https:\/\/gpl-love.com\/fr\/wp-json\/wp\/v2\/media\/146155"}],"wp:attachment":[{"href":"https:\/\/gpl-love.com\/fr\/wp-json\/wp\/v2\/media?parent=111476"}],"wp:term":[{"taxonomy":"product_brand","embeddable":true,"href":"https:\/\/gpl-love.com\/fr\/wp-json\/wp\/v2\/product_brand?post=111476"},{"taxonomy":"product_cat","embeddable":true,"href":"https:\/\/gpl-love.com\/fr\/wp-json\/wp\/v2\/product_cat?post=111476"},{"taxonomy":"product_tag","embeddable":true,"href":"https:\/\/gpl-love.com\/fr\/wp-json\/wp\/v2\/product_tag?post=111476"}],"curies":[{"name":"wp","href":"https:\/\/api.w.org\/{rel}","templated":true}]}}