{"id":111449,"date":"2026-03-27T00:00:00","date_gmt":"2026-03-26T23:00:00","guid":{"rendered":"http:\/\/gpl-love.com\/fr\/produit\/thrive-theme-builder\/"},"modified":"2026-04-10T18:43:22","modified_gmt":"2026-04-10T16:43:22","slug":"thrive-theme-builder","status":"publish","type":"product","link":"https:\/\/gpl-love.com\/fr\/produit\/thrive-theme-builder\/","title":{"rendered":"Thrive Th\u00e8me Builder 10.8.9.1"},"content":{"rendered":"<h3>Thrive Th\u00e8me Builder Traits<\/h3>\n<p>Thrive Theme Builder est un outil incroyablement robuste et polyvalent qui permet aux utilisateurs de concevoir et de personnaliser sans effort leurs th\u00e8mes WordPress au d\u00e9sir de leur c\u0153ur. Avec son interface de glisser-d\u00e9poser, m\u00eame conviviale et intuitive, m\u00eame les individus d\u00e9pourvus d&rsquo;expertise de codage peuvent facilement fabriquer des sites Web visuellement \u00e9poustouflants et polis par des professionnels. De plus, ce logiciel poss\u00e8de une vaste s\u00e9lection de mod\u00e8les pr\u00e9-con\u00e7us qui peuvent \u00eatre enti\u00e8rement personnalis\u00e9s pour r\u00e9pondre aux pr\u00e9f\u00e9rences individuelles et aux sp\u00e9cifications de l&rsquo;image de marque. En plus de ses capacit\u00e9s de personnalisation impressionnantes, Thrive Theme Builder fournit \u00e9galement une gamme de fonctionnalit\u00e9s inestimables visant \u00e0 optimiser les performances du site, telles que l&rsquo;optimisation de la vitesse du site de premier ordre, de puissants outils de r\u00e9f\u00e9rencement et une int\u00e9gration transparente avec des services tiers largement utilis\u00e9s. Avec Thrive Theme Builder \u00e0 votre disposition, que vous soyez un concepteur de sites Web et un d\u00e9veloppeur chevronn\u00e9, vous \u00eates oblig\u00e9 de cr\u00e9er rapidement et sans effort sans effort si des sites Web enti\u00e8rement r\u00e9actifs qui captivent et enchantent les visiteurs.<\/p>\n<ul>\n<li>-Les th\u00e8mes th\u00e8me Thrive sont un puissant constructeur de th\u00e8mes WordPress qui vous permet de cr\u00e9er des th\u00e8mes personnalis\u00e9s sans aucune connaissance de codage.<\/li>\n<li>-Il offre des fonctionnalit\u00e9s de glisser-d\u00e9poser pour concevoir facilement votre site Web.<\/li>\n<li>-L&rsquo;\u00e9diteur visuel intuitif facilite la cr\u00e9ation et la personnalisation du th\u00e8me de votre site Web.<\/li>\n<li>-Il est livr\u00e9 avec des mod\u00e8les et des blocs pr\u00e9-con\u00e7us pour faciliter le processus de conception.<\/li>\n<li>-Vous pouvez gagner du temps \u00e0 cr\u00e9er des dispositions et des conceptions de sites Web avec le flux de travail efficace de Thrive Theme Builder.<\/li>\n<li>-Il offre une int\u00e9gration transparente avec Thrive Architect pour encore plus d&rsquo;options de conception.<\/li>\n<li>-Ce produit offre un contr\u00f4le complet sur votre site Web et votre conception, afin que vous puissiez cr\u00e9er une pr\u00e9sence en ligne unique.<\/li>\n<li>-Vous pouvez facilement cr\u00e9er n&rsquo;importe quelle conception de site Web, y compris les pages de destination, les blogs et les magasins en ligne.<\/li>\n<li>-Les th\u00e8mes th\u00e8me th\u00e8me propose une interface conviviale qui simplifie le processus de conception du site Web.<\/li>\n<li>-Il est con\u00e7u pour aider \u00e0 am\u00e9liorer les performances du site Web avec des temps de chargement rapides et un r\u00e9f\u00e9rencement optimal.<\/li>\n<\/ul>\n","protected":false},"excerpt":{"rendered":"<p>The Thrive Theme Builder, un outil tr\u00e8s robuste et puissant, sert d&rsquo;une excellente aide \u00e0 la construction de th\u00e8mes WordPress personnalis\u00e9s sans effort. Son interface conviviale, remplie d&rsquo;une fonctionnalit\u00e9 de glisser-d\u00e9poser, permet une exp\u00e9rience transparente et intuitive. En outre, l&rsquo;outil dispose d&rsquo;une vaste gamme d&rsquo;options de conception et de capacit\u00e9s de personnalisation flexibles, garantissant que les utilisateurs ont un contr\u00f4le complet sur l&rsquo;apparence et la fonctionnalit\u00e9 de leurs sites Web. En exploitant le pouvoir de Thrive Theme Builder, les individus peuvent cr\u00e9er et publier des sites Web exceptionnellement polis et professionnels qui transmettent avec pr\u00e9cision leur identit\u00e9 de marque et s&rsquo;alignent avec leurs objectifs commerciaux. Notamment, l&rsquo;outil s&rsquo;int\u00e8gre parfaitement \u00e0 la suite Thrive, une suite compl\u00e8te d&rsquo;outils de marketing num\u00e9rique, optimisant la cr\u00e9ation de pages ax\u00e9es sur la conversion, la g\u00e9n\u00e9ration de leads et la croissance des entreprises en ligne. Que l&rsquo;on s&rsquo;identifie comme un blogueur, un marketing ou un propri\u00e9taire d&rsquo;entreprise, Thrive Theme Builder se distingue comme la solution ultime, ce qui permet aux individus de d\u00e9velopper des sites WordPress visuellement captivants, r\u00e9actifs et performants.<\/p>\n","protected":false},"featured_media":145574,"comment_status":"open","ping_status":"closed","template":"","meta":[],"product_brand":[2675],"product_cat":[1242,1212,1213],"product_tag":[1382],"class_list":{"0":"post-111449","1":"product","2":"type-product","3":"status-publish","4":"has-post-thumbnail","6":"product_brand-thrive-themes","7":"product_cat-creatif","8":"product_cat-themes","9":"product_cat-wordpress-themes","10":"product_tag-thrive-themes","11":"member-discount","12":"discount-restricted","14":"first","15":"instock","16":"sale","17":"downloadable","18":"virtual","19":"sold-individually","20":"purchasable","21":"product-type-simple"},"_links":{"self":[{"href":"https:\/\/gpl-love.com\/fr\/wp-json\/wp\/v2\/product\/111449","targetHints":{"allow":["GET"]}}],"collection":[{"href":"https:\/\/gpl-love.com\/fr\/wp-json\/wp\/v2\/product"}],"about":[{"href":"https:\/\/gpl-love.com\/fr\/wp-json\/wp\/v2\/types\/product"}],"replies":[{"embeddable":true,"href":"https:\/\/gpl-love.com\/fr\/wp-json\/wp\/v2\/comments?post=111449"}],"wp:featuredmedia":[{"embeddable":true,"href":"https:\/\/gpl-love.com\/fr\/wp-json\/wp\/v2\/media\/145574"}],"wp:attachment":[{"href":"https:\/\/gpl-love.com\/fr\/wp-json\/wp\/v2\/media?parent=111449"}],"wp:term":[{"taxonomy":"product_brand","embeddable":true,"href":"https:\/\/gpl-love.com\/fr\/wp-json\/wp\/v2\/product_brand?post=111449"},{"taxonomy":"product_cat","embeddable":true,"href":"https:\/\/gpl-love.com\/fr\/wp-json\/wp\/v2\/product_cat?post=111449"},{"taxonomy":"product_tag","embeddable":true,"href":"https:\/\/gpl-love.com\/fr\/wp-json\/wp\/v2\/product_tag?post=111449"}],"curies":[{"name":"wp","href":"https:\/\/api.w.org\/{rel}","templated":true}]}}