{"id":111447,"date":"2026-02-05T00:00:00","date_gmt":"2026-02-04T23:00:00","guid":{"rendered":"http:\/\/gpl-love.com\/fr\/produit\/soledad-multi-concept-blog-magazine-amp-wordpress-theme\/"},"modified":"2026-04-10T18:40:08","modified_gmt":"2026-04-10T16:40:08","slug":"soledad-multi-concept-blog-magazine-amp-wordpress-theme","status":"publish","type":"product","link":"https:\/\/gpl-love.com\/fr\/produit\/soledad-multi-concept-blog-magazine-amp-wordpress-theme\/","title":{"rendered":"Soledad Multi-Concept Blog Magazine AMP WordPress Theme 8.7.2"},"content":{"rendered":"<h3>Soledad Multi-Concept Blog Magazine AMP WordPress Theme Traits<\/h3>\n<p>Le th\u00e8me WordPress du magazine Blog Multi-Concept Soledad se pr\u00e9sente comme une alternative formidable et multiforme pour les personnes \u00e0 la recherche d&rsquo;un site Web \u00e0 la fois robuste et capable de personnalisation. Avec sa vaste collection de plus de 250 dispositions de d\u00e9monstration, ce th\u00e8me offre un \u00e9ventail d&rsquo;options qui r\u00e9pondent aux besoins des blogueurs, des magazines, des sites d&rsquo;information, etc. Il met fortement l&rsquo;accent sur la vitesse et les performances, comme en t\u00e9moignent son optimisation de l&rsquo;AMP qui garantit des temps de chargement rapides. De plus, l&rsquo;inclusion d&rsquo;un g\u00e9n\u00e9rateur de pages glisser-d\u00e9poser, ainsi que des widgets personnalis\u00e9s et diverses options de publication, am\u00e9liore encore la polyvalence du th\u00e8me. Que votre pr\u00e9f\u00e9rence r\u00e9side dans une conception minimaliste ou une disposition visuellement frappante et dynamique, le th\u00e8me AMP de blog Multi-Concept Multi-Concept Soledad offre tout. De plus, avec ses mises \u00e0 jour r\u00e9guli\u00e8res et son support client exceptionnel, Soledad est le choix id\u00e9al pour tous ceux qui cherchent \u00e0 am\u00e9liorer leur pr\u00e9sence en ligne.<\/p>\n<ul>\n<li>Th\u00e8me multi-concept adapt\u00e9 aux blogs et aux magazines en ligne<\/li>\n<li>AMP optimis\u00e9 pour les temps de chargement rapide sur les appareils mobiles<\/li>\n<li>Conception enti\u00e8rement r\u00e9active pour toutes les tailles d&rsquo;\u00e9cran<\/li>\n<li>Comprend 7 d\u00e9mos de page d&rsquo;accueil pr\u00e9-construites parmi lesquelles<\/li>\n<li>Options de mise en page personnalisables avec un g\u00e9n\u00e9rateur de glisser-d\u00e9poser facile \u00e0 utiliser<\/li>\n<li>Options de couleurs illimit\u00e9es pour correspondre aux pr\u00e9f\u00e9rences de marque et de style<\/li>\n<li>Compatibilit\u00e9 WooCommerce pour une int\u00e9gration facile du commerce \u00e9lectronique<\/li>\n<li>SEO optimis\u00e9 pour une meilleure visibilit\u00e9 et un meilleur classement des moteurs de recherche<\/li>\n<li>Comprend des plugins premium tels que Revolution Slider et WPBakery Page Builder<\/li>\n<li>Support 24\/7 des d\u00e9veloppeurs de th\u00e8mes pour toute question ou pr\u00e9occupation.<\/li>\n<\/ul>\n","protected":false},"excerpt":{"rendered":"<p>Soledad, un th\u00e8me WordPress tr\u00e8s polyvalent et multi-concept, est exceptionnellement bien adapt\u00e9 aux blogueurs et aux sites Web de style magazine. Tirant parti de la technologie AMP avanc\u00e9e, il facilite les vitesses de chargement rapides et assure une r\u00e9activit\u00e9 transparente sur tous les appareils pour une exp\u00e9rience de vision optimale. La gamme \u00e9tendue de plus de 5000 options personnalisables vous permet de cr\u00e9er un look vraiment unique et personnalis\u00e9 pour votre site Web. De plus, Soledad pr\u00e9sente un tableau de d\u00e9mos pr\u00e9-con\u00e7ues, simplifiant ainsi le processus de mise en marche de votre site Web. Son design \u00e9l\u00e9gant et moderne, compl\u00e9t\u00e9 par ses fonctionnalit\u00e9s robustes telles que l&rsquo;int\u00e9gration des m\u00e9dias sociaux sans couture et l&rsquo;optimisation de r\u00e9f\u00e9rencement de premier ordre, rendent Soledad un choix absolument id\u00e9al pour tout propri\u00e9taire de blogueur ou de site Web de style magazine.<\/p>\n","protected":false},"featured_media":145290,"comment_status":"open","ping_status":"closed","template":"","meta":[],"product_brand":[2433],"product_cat":[1214,1212,1213],"product_tag":[1366],"class_list":{"0":"post-111447","1":"product","2":"type-product","3":"status-publish","4":"has-post-thumbnail","6":"product_brand-themeforest","7":"product_cat-polyvalent","8":"product_cat-themes","9":"product_cat-wordpress-themes","10":"product_tag-themeforest","11":"member-discount","12":"discount-restricted","14":"first","15":"instock","16":"sale","17":"downloadable","18":"virtual","19":"sold-individually","20":"purchasable","21":"product-type-simple"},"_links":{"self":[{"href":"https:\/\/gpl-love.com\/fr\/wp-json\/wp\/v2\/product\/111447","targetHints":{"allow":["GET"]}}],"collection":[{"href":"https:\/\/gpl-love.com\/fr\/wp-json\/wp\/v2\/product"}],"about":[{"href":"https:\/\/gpl-love.com\/fr\/wp-json\/wp\/v2\/types\/product"}],"replies":[{"embeddable":true,"href":"https:\/\/gpl-love.com\/fr\/wp-json\/wp\/v2\/comments?post=111447"}],"wp:featuredmedia":[{"embeddable":true,"href":"https:\/\/gpl-love.com\/fr\/wp-json\/wp\/v2\/media\/145290"}],"wp:attachment":[{"href":"https:\/\/gpl-love.com\/fr\/wp-json\/wp\/v2\/media?parent=111447"}],"wp:term":[{"taxonomy":"product_brand","embeddable":true,"href":"https:\/\/gpl-love.com\/fr\/wp-json\/wp\/v2\/product_brand?post=111447"},{"taxonomy":"product_cat","embeddable":true,"href":"https:\/\/gpl-love.com\/fr\/wp-json\/wp\/v2\/product_cat?post=111447"},{"taxonomy":"product_tag","embeddable":true,"href":"https:\/\/gpl-love.com\/fr\/wp-json\/wp\/v2\/product_tag?post=111447"}],"curies":[{"name":"wp","href":"https:\/\/api.w.org\/{rel}","templated":true}]}}