{"id":111445,"date":"2025-09-16T00:00:00","date_gmt":"2025-09-15T22:00:00","guid":{"rendered":"http:\/\/gpl-love.com\/fr\/produit\/social-auto-poster\/"},"modified":"2026-04-10T18:40:03","modified_gmt":"2026-04-10T16:40:03","slug":"social-auto-poster","status":"publish","type":"product","link":"https:\/\/gpl-love.com\/fr\/produit\/social-auto-poster\/","title":{"rendered":"Social Auto Poster 5.5.3"},"content":{"rendered":"<h3>Social Auto Poster Traits<\/h3>\n<p>Social Auto Poster, un outil tr\u00e8s efficace et robuste, permet aux utilisateurs de g\u00e9rer efficacement leurs divers comptes de m\u00e9dias sociaux en automatisant le processus de publication laborieux et qui prend du temps. En tirant parti des capacit\u00e9s de l&rsquo;affiche automatique sociale, les utilisateurs re\u00e7oivent la capacit\u00e9 remarquable de planifier facilement leurs messages sur plusieurs plateformes de m\u00e9dias sociaux populaires, y compris, mais sans s&rsquo;y limiter, Facebook omnipr\u00e9sent, le Twitter succinct, le LinkedIn professionnel et bien d&rsquo;autres. En outre, les utilisateurs ont la libert\u00e9 d&rsquo;adapter leurs messages en fonction de leurs pr\u00e9f\u00e9rences en incorporant des images captivantes, des balises pertinentes et des hashtags tendance, garantissant ainsi une visibilit\u00e9 et un engagement maximum. De plus, les utilisateurs ont la flexibilit\u00e9 de s\u00e9lectionner m\u00e9ticuleusement le temps et la fr\u00e9quence pr\u00e9cis \u00e0 laquelle leurs publications sont diffus\u00e9es, leur permettant d&rsquo;\u00e9tablir une pr\u00e9sence active et engageante sur les r\u00e9seaux sociaux sans compromettre un temps et une \u00e9nergie pr\u00e9cieux. Qu&rsquo;il s&rsquo;agisse d&rsquo;un individu ou d&rsquo;une entit\u00e9 commerciale, l&rsquo;affiche automatique sociale appara\u00eet comme un outil indispensable pour ceux qui aspirent \u00e0 optimiser leur productivit\u00e9 et leur efficacit\u00e9 dans le domaine du marketing des m\u00e9dias sociaux. Son interface utilisateur intuitive coupl\u00e9e \u00e0 ses fonctionnalit\u00e9s avanc\u00e9es et de pointe fait sans aucun doute une affiche automatique sociale un atout inestimable pour tous les sp\u00e9cialistes du marketing de m\u00e9dias sociaux.<\/p>\n<ul>\n<li>Social Auto Poster est un outil puissant qui vous aide \u00e0 partager facilement et automatiquement votre contenu sur diverses plateformes de m\u00e9dias sociaux.<\/li>\n<li>\u00c9conomisez du temps et des efforts en planifiant vos messages \u00e0 l&rsquo;avance et en laissant le logiciel faire le travail pour vous.<\/li>\n<li>Prend en charge toutes les plateformes de m\u00e9dias sociaux populaires telles que Facebook, Twitter, LinkedIn, YouTube, Instagram, etc.<\/li>\n<li>Partage automatiquement vos articles de blog, images, vid\u00e9os et autres contenus sur vos r\u00e9seaux de m\u00e9dias sociaux pr\u00e9f\u00e9r\u00e9s.<\/li>\n<li>Choisissez parmi une vari\u00e9t\u00e9 d&rsquo;options de planification, y compris la publication imm\u00e9diatement, \u00e0 un moment pr\u00e9cis ou \u00e0 intervalles r\u00e9guliers.<\/li>\n<li>Personnalisez vos messages avec plusieurs hashtags, titres et descriptions pour plaire \u00e0 votre public cible.<\/li>\n<li>Tableau de bord d&rsquo;analyse complet qui suit vos performances sur les r\u00e9seaux sociaux et vous permet d&rsquo;optimiser votre future strat\u00e9gie de m\u00e9dias sociaux.<\/li>\n<li>Compatible avec WordPress et d&rsquo;autres plates-formes CMS populaires.<\/li>\n<li>Interface facile \u00e0 utiliser qui permet m\u00eame \u00e0 ceux qui ont une capacit\u00e9 technique limit\u00e9e d&rsquo;utiliser le logiciel au maximum.<\/li>\n<li>Mises \u00e0 jour r\u00e9guli\u00e8res et support client complet fourni par l&rsquo;\u00e9quipe de l&rsquo;affiche Social Auto.<\/li>\n<\/ul>\n","protected":false},"excerpt":{"rendered":"<p>Social Auto Poster est un outil exceptionnellement robuste et efficace qui vous accorde la possibilit\u00e9 d&rsquo;automatiser facilement et sans effort tous vos publications sur les r\u00e9seaux sociaux. Cet outil vous permet non seulement de planifier et de publier sans effort vos messages sur une multitude de plateformes de m\u00e9dias sociaux diverses, y compris, mais sans s&rsquo;y limiter est uniquement adapt\u00e9 pour r\u00e9pondre aux besoins et aux exigences sp\u00e9cifiques de votre marque et de votre entreprise. En mettant en \u0153uvre les capacit\u00e9s d&rsquo;automatisation de l&rsquo;affiche automatique sociale, vous pourrez \u00e9conomiser consid\u00e9rablement sur un temps pr\u00e9cieux qui peut ensuite \u00eatre redirig\u00e9 vers l&rsquo;accomplissement d&rsquo;autres t\u00e2ches commerciales cruciales et urgentes. Il est important de souligner le fait que l&rsquo;affiche automatique sociale sert \u00e0 am\u00e9liorer remarquablement votre pr\u00e9sence sur les r\u00e9seaux sociaux, \u00e0 faciliter l&rsquo;engagement actif avec votre public cible et \u00e0 contribuer finalement \u00e0 la croissance et \u00e0 l&rsquo;expansion substantielles de votre entreprise estim\u00e9e.<\/p>\n","protected":false},"featured_media":145283,"comment_status":"open","ping_status":"closed","template":"","meta":[],"product_brand":[2435],"product_cat":[1207,1181,1186],"product_tag":[1231],"class_list":{"0":"post-111445","1":"product","2":"type-product","3":"status-publish","4":"has-post-thumbnail","6":"product_brand-codecanyon","7":"product_cat-commercialisation-wordpress-plugins","8":"product_cat-plugins","9":"product_cat-wordpress-plugins","10":"product_tag-codecanyon","11":"member-discount","12":"discount-restricted","14":"first","15":"instock","16":"sale","17":"downloadable","18":"virtual","19":"sold-individually","20":"purchasable","21":"product-type-simple"},"_links":{"self":[{"href":"https:\/\/gpl-love.com\/fr\/wp-json\/wp\/v2\/product\/111445","targetHints":{"allow":["GET"]}}],"collection":[{"href":"https:\/\/gpl-love.com\/fr\/wp-json\/wp\/v2\/product"}],"about":[{"href":"https:\/\/gpl-love.com\/fr\/wp-json\/wp\/v2\/types\/product"}],"replies":[{"embeddable":true,"href":"https:\/\/gpl-love.com\/fr\/wp-json\/wp\/v2\/comments?post=111445"}],"wp:featuredmedia":[{"embeddable":true,"href":"https:\/\/gpl-love.com\/fr\/wp-json\/wp\/v2\/media\/145283"}],"wp:attachment":[{"href":"https:\/\/gpl-love.com\/fr\/wp-json\/wp\/v2\/media?parent=111445"}],"wp:term":[{"taxonomy":"product_brand","embeddable":true,"href":"https:\/\/gpl-love.com\/fr\/wp-json\/wp\/v2\/product_brand?post=111445"},{"taxonomy":"product_cat","embeddable":true,"href":"https:\/\/gpl-love.com\/fr\/wp-json\/wp\/v2\/product_cat?post=111445"},{"taxonomy":"product_tag","embeddable":true,"href":"https:\/\/gpl-love.com\/fr\/wp-json\/wp\/v2\/product_tag?post=111445"}],"curies":[{"name":"wp","href":"https:\/\/api.w.org\/{rel}","templated":true}]}}