{"id":111443,"date":"2026-04-29T00:00:00","date_gmt":"2026-04-28T22:00:00","guid":{"rendered":"http:\/\/gpl-love.com\/fr\/produit\/jet-appointment-for-elementor\/"},"modified":"2026-04-29T12:30:26","modified_gmt":"2026-04-29T10:30:26","slug":"jet-appointment-for-elementor","status":"publish","type":"product","link":"https:\/\/gpl-love.com\/fr\/produit\/jet-appointment-for-elementor\/","title":{"rendered":"Jet Appointment 2.4.2"},"content":{"rendered":"<h3>Jet Appointment Traits<\/h3>\n<p>La nomination \u00e0 Jet pour Elementor est un plugin incroyablement robuste qui a \u00e9t\u00e9 sp\u00e9cifiquement con\u00e7u pour fournir aux entreprises et aux particuliers un moyen sans effort de g\u00e9rer des rendez-vous et des r\u00e9servations directement sur leur site Web. En tirant parti de la puissance de ce plugin, les utilisateurs peuvent g\u00e9n\u00e9rer sans effort des formulaires de rendez-vous personnalis\u00e9s et les int\u00e9grer de mani\u00e8re transparente dans leur site Web ax\u00e9 sur l&rsquo;\u00e9l\u00e9mentor. Ce qui distingue la nomination de jet de ses concurrents, c&rsquo;est sa vaste gamme de fonctionnalit\u00e9s, qui comprend la possibilit\u00e9 d&rsquo;\u00e9tablir des options de planification et de disponibilit\u00e9 flexibles, la personnalisation des champs et des \u00e9tiquettes, l&rsquo;envoi automatique des notifications par e-mail et l&rsquo;int\u00e9gration avec diverses passerelles de paiement populaires. Que vous soyez le propri\u00e9taire d&rsquo;un salon, d&rsquo;une pratique m\u00e9dicale ou de tout autre type d&rsquo;entreprise qui n\u00e9cessite l&rsquo;utilisation de la planification de rendez-vous, la nomination \u00e0 jet pour Elementor se pr\u00e9sente sans \u00e9quivoque comme la solution id\u00e9ale pour optimiser et affiner votre processus de r\u00e9servation tout en augmentant simultan\u00e9ment en augmentant simultan\u00e9 Niveaux de satisfaction du client.<\/p>\n<ul>\n<li>Permet une planification facile des rendez-vous via votre site Web propuls\u00e9 par Elementor<\/li>\n<li>Livr\u00e9 avec une interface conviviale qui est facile \u00e0 naviguer<\/li>\n<li>Offre une gamme d&rsquo;options de personnalisation pour vous aider \u00e0 int\u00e9grer la fonction de planification de rendez-vous de mani\u00e8re transparente dans votre site Web<\/li>\n<li>Prend en charge plusieurs types de rendez-vous et cat\u00e9gories pour vous aider \u00e0 g\u00e9rer diff\u00e9rents types de r\u00e9servations<\/li>\n<li>S&rsquo;int\u00e8gre au calendrier Google, en offrant un acc\u00e8s facile \u00e0 votre horaire et en am\u00e9liorant l&rsquo;accessibilit\u00e9 du syst\u00e8me de planification pour vos clients<\/li>\n<li>Permet le traitement des paiements directs pour les rendez-vous, ce qui en fait un outil pratique pour mon\u00e9tiser vos services<\/li>\n<li>Propose des notifications par e-mail pour les rendez-vous, donc vos clients sont toujours \u00e0 jour sur leurs rendez-vous<\/li>\n<li>Livr\u00e9 avec une documentation approfondie pour vous aider \u00e0 d\u00e9marrer rapidement, m\u00eame si vous n&rsquo;\u00eates pas familier avec Elementor.<\/li>\n<\/ul>\n","protected":false},"excerpt":{"rendered":"<p>La nomination \u00e0 jet pour Elementor est un plugin WordPress extr\u00eamement robuste et incroyablement convivial qui vous accorde la possibilit\u00e9 de g\u00e9n\u00e9rer sans effort des formulaires de r\u00e9servation de rendez-vous sur votre site Web. Cet outil exceptionnellement pratique vous permet d&rsquo;adapter l&rsquo;apparence et la fonctionnalit\u00e9 de vos formulaires de rendez-vous pour vous aligner parfaitement avec votre image de marque et r\u00e9pondre \u00e0 vos exigences distinctes. Alignement de mani\u00e8re transparente avec Elementor, ce plugin d\u00e9passe les attentes avec une pl\u00e9thore de fonctionnalit\u00e9s avanc\u00e9es, telles que les notifications par e-mail, la possibilit\u00e9 de personnaliser les cr\u00e9neaux horaires, l&rsquo;int\u00e9gration sans effort avec le calendrier Google et une myriade d&rsquo;autres attents remarquables. Peu importe que vous op\u00e9rez une petite entreprise, que vous travailliez en tant que pigiste ou que vous repr\u00e9sentez une grande entreprise, un rendez-vous \u00e0 r\u00e9action pour Elementor est sans \u00e9quivoque la ressource ultime pour rationaliser votre processus de r\u00e9servation de rendez-vous et am\u00e9liorer l&rsquo;exp\u00e9rience client globale.<\/p>\n","protected":false},"featured_media":144259,"comment_status":"open","ping_status":"closed","template":"","meta":[],"product_brand":[2576],"product_cat":[1189,1181,1186],"product_tag":[2329],"class_list":{"0":"post-111443","1":"product","2":"type-product","3":"status-publish","4":"has-post-thumbnail","6":"product_brand-crocoblock","7":"product_cat-personnalisation","8":"product_cat-plugins","9":"product_cat-wordpress-plugins","10":"product_tag-crocoblock","11":"member-discount","12":"discount-restricted","14":"first","15":"instock","16":"sale","17":"downloadable","18":"virtual","19":"sold-individually","20":"purchasable","21":"product-type-simple"},"_links":{"self":[{"href":"https:\/\/gpl-love.com\/fr\/wp-json\/wp\/v2\/product\/111443","targetHints":{"allow":["GET"]}}],"collection":[{"href":"https:\/\/gpl-love.com\/fr\/wp-json\/wp\/v2\/product"}],"about":[{"href":"https:\/\/gpl-love.com\/fr\/wp-json\/wp\/v2\/types\/product"}],"replies":[{"embeddable":true,"href":"https:\/\/gpl-love.com\/fr\/wp-json\/wp\/v2\/comments?post=111443"}],"wp:featuredmedia":[{"embeddable":true,"href":"https:\/\/gpl-love.com\/fr\/wp-json\/wp\/v2\/media\/144259"}],"wp:attachment":[{"href":"https:\/\/gpl-love.com\/fr\/wp-json\/wp\/v2\/media?parent=111443"}],"wp:term":[{"taxonomy":"product_brand","embeddable":true,"href":"https:\/\/gpl-love.com\/fr\/wp-json\/wp\/v2\/product_brand?post=111443"},{"taxonomy":"product_cat","embeddable":true,"href":"https:\/\/gpl-love.com\/fr\/wp-json\/wp\/v2\/product_cat?post=111443"},{"taxonomy":"product_tag","embeddable":true,"href":"https:\/\/gpl-love.com\/fr\/wp-json\/wp\/v2\/product_tag?post=111443"}],"curies":[{"name":"wp","href":"https:\/\/api.w.org\/{rel}","templated":true}]}}