{"id":111439,"date":"2026-03-02T00:00:00","date_gmt":"2026-03-01T23:00:00","guid":{"rendered":"http:\/\/gpl-love.com\/fr\/produit\/bookly-appointment-booking-and-scheduling-software-system-pro-addon\/"},"modified":"2026-03-20T22:56:59","modified_gmt":"2026-03-20T21:56:59","slug":"bookly-appointment-booking-and-scheduling-software-system-pro-addon","status":"publish","type":"product","link":"https:\/\/gpl-love.com\/fr\/produit\/bookly-appointment-booking-and-scheduling-software-system-pro-addon\/","title":{"rendered":"Bookly Pro Appointment Booking et Scheduling Software System 9.8"},"content":{"rendered":"<h3>Bookly Pro Appointment Booking et Scheduling Software System Traits<\/h3>\n<p>Le syst\u00e8me logiciel de r\u00e9servation et de planification de rendez-vous Bookly Pro pr\u00e9sente une solution compl\u00e8te et globale qui vise \u00e0 rationaliser et \u00e0 optimiser vos processus de r\u00e9servation et de planification de rendez-vous. Ce syst\u00e8me logiciel remarquablement robuste vous permet de g\u00e9rer sans effort et efficacement vos rendez-vous et services, tout en vous permettant d&rsquo;\u00e9tablir et de coordonner les horaires du personnel avec la plus grande facilit\u00e9. De plus, Bookly Pro facilite l&rsquo;automatisation des notifications de rappel \u00e0 vos pr\u00e9cieux clients, en veillant \u00e0 ce qu&rsquo;ils restent inform\u00e9s et \u00e0 jour. B\u00e9n\u00e9ficiant d&rsquo;une interface conviviale et d&rsquo;un \u00e9ventail d&rsquo;options personnalisables, \u00e0 Bookly Pro permet efficacement la cr\u00e9ation d&rsquo;une exp\u00e9rience de r\u00e9servation coh\u00e9sive parfaitement pour vos clients estim\u00e9s. De plus, le syst\u00e8me logiciel s&rsquo;int\u00e8gre sans effort \u00e0 votre site Web pr\u00e9existant ou \u00e0 divers r\u00e9seaux sociaux, amplifiant ainsi votre accessibilit\u00e9 et votre flexibilit\u00e9 \u00e0 des niveaux sans pr\u00e9c\u00e9dent. Que vous soyez le surveillant d&rsquo;une entreprise \u00e0 petite \u00e9chelle ou d&rsquo;une entreprise tentaculaire, Bookly Pro appara\u00eet comme la solution par excellence qui simplifie et am\u00e9liore efficacement vos besoins de r\u00e9servation et de planification de rendez-vous.<\/p>\n<ul>\n<li>Processus de r\u00e9servation de rendez-vous rationalis\u00e9 pour les entreprises<\/li>\n<li>Formulaire de r\u00e9servation personnalisable pour les clients<\/li>\n<li>Capacit\u00e9 \u00e0 synchroniser les rendez-vous avec Google Calendar et Ical<\/li>\n<li>Option pour les clients pour r\u00e9server des rendez-vous r\u00e9currents<\/li>\n<li>Email automatis\u00e9 et rappels SMS pour les rendez-vous<\/li>\n<li>Option pour accepter les paiements en ligne pour les rendez-vous<\/li>\n<li>Prend en charge plusieurs employ\u00e9s et emplacements pour les entreprises<\/li>\n<li>Rapports d\u00e9taill\u00e9s et analyses sur les donn\u00e9es de rendez-vous<\/li>\n<li>Conforme au RGPD pour la confidentialit\u00e9 des donn\u00e9es du client<\/li>\n<li>Int\u00e9gration avec WooCommerce et MailChimp pour les fonctionnalit\u00e9s \u00e9largies.<\/li>\n<\/ul>\n","protected":false},"excerpt":{"rendered":"<p>Exp\u00e9rience de l&rsquo;efficacit\u00e9 et de la flexibilit\u00e9 \u00e0 son meilleur avec le syst\u00e8me logiciel de r\u00e9servation et de planification de rendez-vous Bookly Pro. Cet outil est con\u00e7u pour rationaliser vos op\u00e9rations commerciales avec sa fonction de planification automatis\u00e9e, r\u00e9duire le travail manuel et vous gagner du temps pr\u00e9cieux. Ne manquez plus jamais un rendez-vous car il propose un syst\u00e8me de r\u00e9servation fiable, permettant \u00e0 vos clients de planifier des rendez-vous directement \u00e0 partir de votre site Web. Le logiciel est convivial et personnalisable, vous permettant de l&rsquo;aligner avec votre image de marque de mani\u00e8re transparente. De plus, avec ses fonctionnalit\u00e9s de rapports et d&rsquo;analyse robustes, vous pouvez suivre et optimiser vos op\u00e9rations pour une productivit\u00e9 maximale. Le syst\u00e8me Bookly Pro prend \u00e9galement en charge plusieurs langues et devises, ce qui le rend parfait pour les entreprises mondiales. Am\u00e9liorez vos op\u00e9rations commerciales d\u00e8s aujourd&rsquo;hui avec le syst\u00e8me logiciel de r\u00e9servation et de planification de rendez-vous Bookly Pro.<\/p>\n","protected":false},"featured_media":143288,"comment_status":"open","ping_status":"closed","template":"","meta":[],"product_brand":[2435],"product_cat":[1189,1181,1186],"product_tag":[1231],"class_list":{"0":"post-111439","1":"product","2":"type-product","3":"status-publish","4":"has-post-thumbnail","6":"product_brand-codecanyon","7":"product_cat-personnalisation","8":"product_cat-plugins","9":"product_cat-wordpress-plugins","10":"product_tag-codecanyon","11":"member-discount","12":"discount-restricted","14":"first","15":"instock","16":"sale","17":"downloadable","18":"virtual","19":"sold-individually","20":"purchasable","21":"product-type-simple"},"_links":{"self":[{"href":"https:\/\/gpl-love.com\/fr\/wp-json\/wp\/v2\/product\/111439","targetHints":{"allow":["GET"]}}],"collection":[{"href":"https:\/\/gpl-love.com\/fr\/wp-json\/wp\/v2\/product"}],"about":[{"href":"https:\/\/gpl-love.com\/fr\/wp-json\/wp\/v2\/types\/product"}],"replies":[{"embeddable":true,"href":"https:\/\/gpl-love.com\/fr\/wp-json\/wp\/v2\/comments?post=111439"}],"wp:featuredmedia":[{"embeddable":true,"href":"https:\/\/gpl-love.com\/fr\/wp-json\/wp\/v2\/media\/143288"}],"wp:attachment":[{"href":"https:\/\/gpl-love.com\/fr\/wp-json\/wp\/v2\/media?parent=111439"}],"wp:term":[{"taxonomy":"product_brand","embeddable":true,"href":"https:\/\/gpl-love.com\/fr\/wp-json\/wp\/v2\/product_brand?post=111439"},{"taxonomy":"product_cat","embeddable":true,"href":"https:\/\/gpl-love.com\/fr\/wp-json\/wp\/v2\/product_cat?post=111439"},{"taxonomy":"product_tag","embeddable":true,"href":"https:\/\/gpl-love.com\/fr\/wp-json\/wp\/v2\/product_tag?post=111439"}],"curies":[{"name":"wp","href":"https:\/\/api.w.org\/{rel}","templated":true}]}}