{"id":111416,"date":"2026-03-18T00:00:00","date_gmt":"2026-03-17T23:00:00","guid":{"rendered":"http:\/\/gpl-love.com\/fr\/produit\/wp-project-manager-pro\/"},"modified":"2026-03-20T23:50:24","modified_gmt":"2026-03-20T22:50:24","slug":"wp-project-manager-pro","status":"publish","type":"product","link":"https:\/\/gpl-love.com\/fr\/produit\/wp-project-manager-pro\/","title":{"rendered":"WP Project Manager Pro 3.0.2"},"content":{"rendered":"<h3>WP Project Manager Pro Traits<\/h3>\n<p>WP Project Manager Pro est un outil de gestion de projet tr\u00e8s complet avec un \u00e9ventail de fonctionnalit\u00e9s qui facilitent une gestion efficace de projet et am\u00e9liorent l&rsquo;optimisation du flux de travail au sein des entreprises. Sp\u00e9cialement con\u00e7ue comme un plugin pour WordPress, cet outil remarquable poss\u00e8de une interface conviviale qui facilite sans effort la collaboration et la communication transparentes entre les \u00e9quipes. La gestion des t\u00e2ches, le suivi du temps et le partage de fichiers ne sont que quelques-unes des fonctionnalit\u00e9s impressionnantes offertes par WP Project Manager Pro, permettant aux \u00e9quipes de maintenir un haut niveau d&rsquo;organisation et de rester sur la bonne voie tout au long du cycle de vie du projet. De plus, cet outil puissant offre des options de personnalisation telles que l&rsquo;inclusion de champs personnalis\u00e9s et de listes de t\u00e2ches, qui peuvent \u00eatre adapt\u00e9es pour r\u00e9pondre aux exigences sp\u00e9cifiques des entreprises individuelles. En outre, les capacit\u00e9s avanc\u00e9es de rapports et d&rsquo;analyses permettent aux entreprises de suivre \u00e9troitement les progr\u00e8s du projet et de rester syst\u00e9matiquement inform\u00e9s de l&rsquo;\u00e9tat actuel de chaque entreprise. Par cons\u00e9quent, WP Project Manager Pro appara\u00eet comme un actif indispensable pour les entreprises visant \u00e0 am\u00e9liorer les niveaux de productivit\u00e9 et finalement r\u00e9volutionner leurs pratiques de gestion de projet.<\/p>\n<ul>\n<li>Gestion de projet rationalis\u00e9e avec des fonctionnalit\u00e9s robustes pour une collaboration efficace<\/li>\n<li>Tableau de bord personnalisable pour une vue d&rsquo;ensemble et un suivi du projet facile<\/li>\n<li>Attribuez des t\u00e2ches, fixez des d\u00e9lais et collaborez avec les membres de l&rsquo;\u00e9quipe en temps r\u00e9el<\/li>\n<li>Vue du graphique Gantt pour la planification et la planification des projets visuels<\/li>\n<li>Time Tracker pour une surveillance pr\u00e9cise des heures de travail<\/li>\n<li>Gestion des fichiers avec contr\u00f4le de version pour le partage de documents organis\u00e9 et s\u00e9curis\u00e9<\/li>\n<li>Suivi des jalons pour mesurer les progr\u00e8s par rapport aux objectifs du projet<\/li>\n<li>Notifications par e-mail pour tenir tout le monde inform\u00e9 et \u00e0 jour<\/li>\n<li>Int\u00e9gration avec des outils populaires comme Slack et Zapier pour une productivit\u00e9 am\u00e9lior\u00e9e<\/li>\n<li>Rapports avanc\u00e9s pour l&rsquo;analyse et les informations compl\u00e8tes des projets.<\/li>\n<\/ul>\n","protected":false},"excerpt":{"rendered":"<p>WP Project Manager Pro est un plugin de gestion de projet incroyablement puissant con\u00e7u sp\u00e9cifiquement pour les utilisateurs de WordPress. Cet outil extraordinaire vous permet de superviser et de gouverner efficacement vos projets, clients et membres de l&rsquo;\u00e9quipe d&rsquo;une mani\u00e8re incroyablement efficace. L&rsquo;interface conviviale et intuitive vous permet de g\u00e9n\u00e9rer et de g\u00e9rer sans effort des t\u00e2ches, de surveiller \u00e9troitement les progr\u00e8s du projet, de collaborer sans effort avec les membres estim\u00e9s de l&rsquo;\u00e9quipe et d&rsquo;\u00e9tablir des voies de communication transparentes avec vos pr\u00e9cieux clients. En tirant parti des fonctionnalit\u00e9s avanc\u00e9es et de pointe telles que les graphiques Gantt, les capacit\u00e9s de suivi du temps, les fonctionnalit\u00e9s de gestion des fichiers et la possibilit\u00e9 de cr\u00e9er des rapports hautement personnalisables et informatifs, vous pouvez affirmer en toute confiance votre contr\u00f4le sur chaque facette de vos projets et assurer leur triomphant ach\u00e8vement. WP Project Manager Pro est sans aucun doute la solution par excellence pour les entreprises et les individus qui cherchent avec ferveur \u00e0 rationaliser leur processus de gestion de projet et s&rsquo;efforcent ardemment d&rsquo;atteindre leurs objectifs estim\u00e9s de mani\u00e8re plus opportun et efficace.<\/p>\n","protected":false},"featured_media":146189,"comment_status":"open","ping_status":"open","template":"","meta":[],"product_brand":[2689],"product_cat":[1189,1181,1186],"product_tag":[1497],"class_list":{"0":"post-111416","1":"product","2":"type-product","3":"status-publish","4":"has-post-thumbnail","6":"product_brand-wedevs","7":"product_cat-personnalisation","8":"product_cat-plugins","9":"product_cat-wordpress-plugins","10":"product_tag-wedevs","11":"member-discount","12":"discount-restricted","14":"first","15":"instock","16":"sale","17":"downloadable","18":"virtual","19":"sold-individually","20":"purchasable","21":"product-type-simple"},"_links":{"self":[{"href":"https:\/\/gpl-love.com\/fr\/wp-json\/wp\/v2\/product\/111416","targetHints":{"allow":["GET"]}}],"collection":[{"href":"https:\/\/gpl-love.com\/fr\/wp-json\/wp\/v2\/product"}],"about":[{"href":"https:\/\/gpl-love.com\/fr\/wp-json\/wp\/v2\/types\/product"}],"replies":[{"embeddable":true,"href":"https:\/\/gpl-love.com\/fr\/wp-json\/wp\/v2\/comments?post=111416"}],"wp:featuredmedia":[{"embeddable":true,"href":"https:\/\/gpl-love.com\/fr\/wp-json\/wp\/v2\/media\/146189"}],"wp:attachment":[{"href":"https:\/\/gpl-love.com\/fr\/wp-json\/wp\/v2\/media?parent=111416"}],"wp:term":[{"taxonomy":"product_brand","embeddable":true,"href":"https:\/\/gpl-love.com\/fr\/wp-json\/wp\/v2\/product_brand?post=111416"},{"taxonomy":"product_cat","embeddable":true,"href":"https:\/\/gpl-love.com\/fr\/wp-json\/wp\/v2\/product_cat?post=111416"},{"taxonomy":"product_tag","embeddable":true,"href":"https:\/\/gpl-love.com\/fr\/wp-json\/wp\/v2\/product_tag?post=111416"}],"curies":[{"name":"wp","href":"https:\/\/api.w.org\/{rel}","templated":true}]}}