{"id":111414,"date":"2024-12-17T00:00:00","date_gmt":"2024-12-16T23:00:00","guid":{"rendered":"http:\/\/gpl-love.com\/fr\/produit\/user-role-editor-pro\/"},"modified":"2026-03-20T23:42:45","modified_gmt":"2026-03-20T22:42:45","slug":"user-role-editor-pro","status":"publish","type":"product","link":"https:\/\/gpl-love.com\/fr\/produit\/user-role-editor-pro\/","title":{"rendered":"User Role Editor Pro 4.64.4"},"content":{"rendered":"<h3>User Role Editor Pro Traits<\/h3>\n<p>Le plugin Pro Editor Pro est un outil incroyablement robuste et efficace qui accorde aux administrateurs du site Web la capacit\u00e9 transparente \u00e0 superviser et \u00e0 manipuler efficacement les r\u00f4les et les autorisations utilisateur sur leur site WordPress. Ce plugin permet aux utilisateurs d&rsquo;adapter et de g\u00e9n\u00e9rer de nouveaux r\u00f4les, d&rsquo;\u00e9tablir des autorisations pr\u00e9cises et d&rsquo;imposer des restrictions sur des zones particuli\u00e8res du site. L&rsquo;interface conviviale assure la configuration sans effort des r\u00f4les, tandis que le plugin englobe en outre des fonctionnalit\u00e9s suppl\u00e9mentaires, y compris la capacit\u00e9 de reproduire des r\u00f4les ou d&rsquo;attribuer plusieurs r\u00f4les \u00e0 un utilisateur solitaire. Sans aucun doute, le r\u00e9dacteur en chef des r\u00f4les d&rsquo;utilisateur est un actif indispensable pour tout propri\u00e9taire de site WordPress exigeant qui cherche une autorit\u00e9 accrue pour d\u00e9terminer qui peut acc\u00e9der et modifier son site.<\/p>\n<ul>\n<li>Donne un contr\u00f4le ultime sur les r\u00f4les et les autorisations des utilisateurs sur les sites WordPress<\/li>\n<li>Permet de cr\u00e9er et de g\u00e9rer des r\u00f4les utilisateur personnalis\u00e9s avec les capacit\u00e9s souhait\u00e9es<\/li>\n<li>Permet une attribution et une r\u00e9vocation rapides et faciles de r\u00f4les utilisateur<\/li>\n<li>Donne l&rsquo;acc\u00e8s \u00e0 des sections et des fonctionnalit\u00e9s sp\u00e9cifiques de votre site aux r\u00f4les utilisateur d\u00e9sign\u00e9s uniquement<\/li>\n<li>Gagnez du temps en simplifiant le processus complexe de gestion des r\u00f4les utilisateur sur de grands sites WordPress<\/li>\n<li>Permet une affectation et une gestion s\u00e9lectives des r\u00f4les dans les installations WordPress multisite<\/li>\n<li>Fournit une documentation et un support approfondis des d\u00e9veloppeurs du plugin pour une exp\u00e9rience utilisateur fluide<\/li>\n<li>Compatible avec d&rsquo;autres plugins WordPress populaires, y compris WooCommerce et Yoast SEO.<\/li>\n<\/ul>\n","protected":false},"excerpt":{"rendered":"<p>User Role Editor Pro est un plugin WordPress exceptionnellement complet qui offre aux propri\u00e9taires de sites Web un moyen transparent de g\u00e9rer les r\u00f4les et les capacit\u00e9s des utilisateurs. Ce plugin exceptionnel permet aux utilisateurs de cr\u00e9er sans effort des r\u00f4les utilisateur personnalis\u00e9s, de stipuler pr\u00e9cis\u00e9ment quels r\u00f4les ont acc\u00e8s \u00e0 un contenu d\u00e9sign\u00e9 et de superviser efficacement les capacit\u00e9s utilisateur pour garantir la plus grande s\u00e9curit\u00e9 de leur site Web. Essentiellement, User Role Editor Pro agit comme un outil de r\u00e9duction des efforts et de r\u00e9duction des efforts qui rationalise la gestion des r\u00f4les des utilisateurs, lib\u00e9rant des ressources pr\u00e9cieuses pour que les propri\u00e9taires de sites Web se consacrent \u00e0 l&rsquo;\u00e9largissement de leur pr\u00e9sence en ligne. B\u00e9n\u00e9ficiant d&rsquo;une interface incroyablement conviviale et d&rsquo;une pl\u00e9thore de fonctionnalit\u00e9s avanc\u00e9es, User Role Editor Pro appara\u00eet comme la solution id\u00e9ale pour tout propri\u00e9taire de site Web WordPress exigeant qui aspire \u00e0 obtenir un contr\u00f4le complet sur les r\u00f4les et les autorisations utilisateur.<\/p>\n","protected":false},"featured_media":145697,"comment_status":"open","ping_status":"open","template":"","meta":[],"product_brand":[2682],"product_cat":[1300,1181,1186],"product_tag":[1495],"class_list":{"0":"post-111414","1":"product","2":"type-product","3":"status-publish","4":"has-post-thumbnail","6":"product_brand-user-role-editor","7":"product_cat-adhesion","8":"product_cat-plugins","9":"product_cat-wordpress-plugins","10":"product_tag-user-role-editor","11":"member-discount","12":"discount-restricted","14":"first","15":"instock","16":"sale","17":"downloadable","18":"virtual","19":"sold-individually","20":"purchasable","21":"product-type-simple"},"_links":{"self":[{"href":"https:\/\/gpl-love.com\/fr\/wp-json\/wp\/v2\/product\/111414","targetHints":{"allow":["GET"]}}],"collection":[{"href":"https:\/\/gpl-love.com\/fr\/wp-json\/wp\/v2\/product"}],"about":[{"href":"https:\/\/gpl-love.com\/fr\/wp-json\/wp\/v2\/types\/product"}],"replies":[{"embeddable":true,"href":"https:\/\/gpl-love.com\/fr\/wp-json\/wp\/v2\/comments?post=111414"}],"wp:featuredmedia":[{"embeddable":true,"href":"https:\/\/gpl-love.com\/fr\/wp-json\/wp\/v2\/media\/145697"}],"wp:attachment":[{"href":"https:\/\/gpl-love.com\/fr\/wp-json\/wp\/v2\/media?parent=111414"}],"wp:term":[{"taxonomy":"product_brand","embeddable":true,"href":"https:\/\/gpl-love.com\/fr\/wp-json\/wp\/v2\/product_brand?post=111414"},{"taxonomy":"product_cat","embeddable":true,"href":"https:\/\/gpl-love.com\/fr\/wp-json\/wp\/v2\/product_cat?post=111414"},{"taxonomy":"product_tag","embeddable":true,"href":"https:\/\/gpl-love.com\/fr\/wp-json\/wp\/v2\/product_tag?post=111414"}],"curies":[{"name":"wp","href":"https:\/\/api.w.org\/{rel}","templated":true}]}}