{"id":111412,"date":"2021-12-21T00:00:00","date_gmt":"2021-12-20T23:00:00","guid":{"rendered":"http:\/\/gpl-love.com\/fr\/produit\/ninja-beaver-addon-for-beaver-builder\/"},"modified":"2026-03-20T23:28:12","modified_gmt":"2026-03-20T22:28:12","slug":"ninja-beaver-addon-for-beaver-builder","status":"publish","type":"product","link":"https:\/\/gpl-love.com\/fr\/produit\/ninja-beaver-addon-for-beaver-builder\/","title":{"rendered":"Ninja Beaver Pro 3.6"},"content":{"rendered":"<h3>Ninja Beaver Pro Traits<\/h3>\n<p>Le Ninja Beaver Pro, un outil remarquable trait\u00e9 aux concepteurs et d\u00e9veloppeurs de sites Web, s&rsquo;av\u00e8re \u00eatre un atout inestimable dans le domaine de la cr\u00e9ation de sites Web visuellement captivants et r\u00e9actifs avec une plus grande efficacit\u00e9. B\u00e9n\u00e9ficiant d&rsquo;une vaste gamme d&rsquo;options personnalisables, aux c\u00f4t\u00e9s d&rsquo;une interface intuitive, ce plugin WordPress sert de puissance formidable dans l&rsquo;industrie. Avec son inclusion de mod\u00e8les pr\u00e9d\u00e9finis, de dispositions de pointe et d&rsquo;effets d&rsquo;animation fascinants, le Ninja Beaver Pro offre une flexibilit\u00e9 et une cr\u00e9ativit\u00e9 in\u00e9gal\u00e9es. De plus, ce plugin innovant rationalise davantage le processus de cr\u00e9ation du site Web via son constructeur de pages \u00e0 glisser-d\u00e9poser, permettant finalement aux utilisateurs de fa\u00e7onner sans effort des dispositions complexes tout en gagnant un temps pr\u00e9cieux. Quel que soit son niveau d&rsquo;expertise, que ce soit un noviciat ou un d\u00e9veloppeur chevronn\u00e9, cet outil indispensable assure la construction transparente de sites Web impressionnants. Par cons\u00e9quent, c&rsquo;est un ajout imp\u00e9ratif pour les personnes qui cherchent \u00e0 \u00e9lever leurs prouesses de conception Web \u00e0 des hauteurs sans pr\u00e9c\u00e9dent.<\/p>\n<ul>\n<li>Le Ninja Beaver Pro est un outil logiciel puissant et intuitif con\u00e7u pour les d\u00e9veloppeurs et les concepteurs de sites Web<\/li>\n<li>Il permet aux utilisateurs de cr\u00e9er et de personnaliser facilement une gamme d&rsquo;\u00e9l\u00e9ments de conception, y compris les dispositions, les en-t\u00eates, les pieds de page et plus<\/li>\n<li>Avec une interface de glisser-d\u00e9poser par des utilisateurs, la construction et la modification des pages Web sont rapides et efficaces<\/li>\n<li>Le logiciel propose une gamme de mod\u00e8les pr\u00e9d\u00e9finis et de blocs de conception pour vous aider \u00e0 d\u00e9marrer, ce qui signifie que vous pouvez cr\u00e9er des sites Web \u00e9poustouflants en un rien de temps<\/li>\n<li>Ninja Beaver Pro int\u00e8gre de mani\u00e8re transparente avec WordPress, ce qui en fait un excellent choix pour ceux qui utilisent cette plate-forme populaire<\/li>\n<li>Les utilisateurs peuvent \u00e9galement profiter d&rsquo;autres fonctionnalit\u00e9s telles que les styles mondiaux, les polices personnalis\u00e9es et les \u00e9l\u00e9ments de conception r\u00e9actifs pour cr\u00e9er des sites Web qui ont l&rsquo;air super sur n&rsquo;importe quel appareil<\/li>\n<li>Le logiciel est r\u00e9guli\u00e8rement mis \u00e0 jour avec de nouveaux mod\u00e8les et blocs de conception, vous pouvez donc toujours rester \u00e0 jour avec les derni\u00e8res tendances et techniques de conception<\/li>\n<li>Avec ses outils de conception puissants et sa interface facile \u00e0 utiliser, Ninja Beaver Pro est un excellent choix pour tous ceux qui cherchent \u00e0 cr\u00e9er des sites Web professionnels avec facilit\u00e9.<\/li>\n<\/ul>\n","protected":false},"excerpt":{"rendered":"<p>Le Ninja Beaver Pro, un dispositif d&rsquo;entr\u00e9e de pointe m\u00e9ticuleusement con\u00e7u pour amplifier et optimiser \u00e0 la fois votre productivit\u00e9 et votre flux de travail, poss\u00e8de un \u00e9ventail de boutons multifonctionnels qui peuvent \u00eatre adapt\u00e9s \u00e0 votre go\u00fbt, ainsi qu&rsquo;un capteur extr\u00eamement pr\u00e9cis vous permettant d&rsquo;efficacit\u00e9 et rapidement Traversez le terrain de votre ordinateur avec une rapidit\u00e9 et une pr\u00e9cision in\u00e9gal\u00e9es. Que vous vous identifiiez comme un graphiste, un \u00e9diteur vid\u00e9o ou un joueur passionn\u00e9, le Ninja Beaver protise gracieusement \u00e0 vous une exp\u00e9rience d&rsquo;entr\u00e9e impeccablement transparente et r\u00e9active qui est in\u00e9gal\u00e9e dans son excellence. Ainsi, si vous vous retrouvez \u00e0 la recherche d&rsquo;un dispositif d&rsquo;entr\u00e9e fiable et supr\u00eamement efficace qui promet de revigorer et d&rsquo;acc\u00e9l\u00e9rer vos efforts li\u00e9s \u00e0 l&rsquo;ordinateur, ne cherchez pas plus loin que l&rsquo;extraordinaire Ninja Beaver Pro, la quintessence de la plus grande distinction et de la sup\u00e9riorit\u00e9.<\/p>\n","protected":false},"featured_media":144753,"comment_status":"open","ping_status":"open","template":"","meta":[],"product_brand":[2604],"product_cat":[1189,1181,1186],"product_tag":[2351],"class_list":{"0":"post-111412","1":"product","2":"type-product","3":"status-publish","4":"has-post-thumbnail","6":"product_brand-ninja-beaver-addon","7":"product_cat-personnalisation","8":"product_cat-plugins","9":"product_cat-wordpress-plugins","10":"product_tag-ninja-beaver-addon","11":"member-discount","12":"discount-restricted","14":"first","15":"instock","16":"sale","17":"downloadable","18":"virtual","19":"sold-individually","20":"purchasable","21":"product-type-simple"},"_links":{"self":[{"href":"https:\/\/gpl-love.com\/fr\/wp-json\/wp\/v2\/product\/111412","targetHints":{"allow":["GET"]}}],"collection":[{"href":"https:\/\/gpl-love.com\/fr\/wp-json\/wp\/v2\/product"}],"about":[{"href":"https:\/\/gpl-love.com\/fr\/wp-json\/wp\/v2\/types\/product"}],"replies":[{"embeddable":true,"href":"https:\/\/gpl-love.com\/fr\/wp-json\/wp\/v2\/comments?post=111412"}],"wp:featuredmedia":[{"embeddable":true,"href":"https:\/\/gpl-love.com\/fr\/wp-json\/wp\/v2\/media\/144753"}],"wp:attachment":[{"href":"https:\/\/gpl-love.com\/fr\/wp-json\/wp\/v2\/media?parent=111412"}],"wp:term":[{"taxonomy":"product_brand","embeddable":true,"href":"https:\/\/gpl-love.com\/fr\/wp-json\/wp\/v2\/product_brand?post=111412"},{"taxonomy":"product_cat","embeddable":true,"href":"https:\/\/gpl-love.com\/fr\/wp-json\/wp\/v2\/product_cat?post=111412"},{"taxonomy":"product_tag","embeddable":true,"href":"https:\/\/gpl-love.com\/fr\/wp-json\/wp\/v2\/product_tag?post=111412"}],"curies":[{"name":"wp","href":"https:\/\/api.w.org\/{rel}","templated":true}]}}