{"id":111410,"date":"2026-02-23T00:00:00","date_gmt":"2026-02-22T23:00:00","guid":{"rendered":"http:\/\/gpl-love.com\/fr\/produit\/learndash-lms-toolkit-pro\/"},"modified":"2026-03-20T23:22:01","modified_gmt":"2026-03-20T22:22:01","slug":"learndash-lms-toolkit-pro","status":"publish","type":"product","link":"https:\/\/gpl-love.com\/fr\/produit\/learndash-lms-toolkit-pro\/","title":{"rendered":"LearnDash LMS Toolkit Pro 4.4"},"content":{"rendered":"<h3>LearnDash LMS Toolkit Pro Traits<\/h3>\n<p>Learndash LMS Toolkit Pro est un outil d&rsquo;enseignement tr\u00e8s avanc\u00e9 et complet qui offre une large gamme de fonctionnalit\u00e9s essentielles requises pour construire un syst\u00e8me de gestion d&rsquo;apprentissage robuste et efficace (LMS). Ce plugin exceptionnel est exclusivement con\u00e7u pour r\u00e9pondre aux besoins et exigences uniques de LearnDash LMS, qui est largement reconnu comme le plugin LMS le plus renomm\u00e9 et le plus largement utilis\u00e9 pour la plate-forme WordPress. En exploitant le pouvoir de Learndash LMS Toolkit Pro, vous pouvez cr\u00e9er sans effort et de mani\u00e8re transparente un \u00e9ventail diversifi\u00e9 de mat\u00e9riel d&rsquo;apprentissage, y compris des quiz, des rapports de progr\u00e8s des cours, des certificats personnalis\u00e9s et des livres de notes. De plus, cet outil exceptionnel poss\u00e8de \u00e9galement un assortiment de fonctionnalit\u00e9s d&rsquo;automatisation qui facilitent consid\u00e9rablement la gestion efficace des aspects cruciaux tels que l&rsquo;inscription des cours, les profils d&rsquo;utilisateurs et les notifications par e-mail. De plus, la cerise sur le g\u00e2teau est l&rsquo;interface facile \u00e0 naviguer et conviviale qui vous permet de personnaliser et d&rsquo;adapter votre LMS pour s&rsquo;aligner parfaitement avec vos exigences de marque unique. En conclusion, si votre objectif ultime est de cr\u00e9er un LMS in\u00e9gal\u00e9 et exceptionnel, alors sans la moindre doute, Learndash LMS Toolkit Pro appara\u00eet comme la solution ultime et la plus id\u00e9ale pour vous.<\/p>\n<ul>\n<li>Bo\u00eete \u00e0 outils compl\u00e8te pour am\u00e9liorer la fonctionnalit\u00e9 de LearnDash LMS<\/li>\n<li>Caract\u00e9ristiques avanc\u00e9es de reporting et d&rsquo;analyse pour un aper\u00e7u d\u00e9taill\u00e9 des progr\u00e8s des utilisateurs<\/li>\n<li>Certificats et badges personnalisables pour inciter l&rsquo;apprentissage et d\u00e9montrer la r\u00e9ussite<\/li>\n<li>Options de gamification pour garder les apprenants engag\u00e9s et motiv\u00e9s<\/li>\n<li>Fonctionnalit\u00e9 de contenu \u00e0 alimentation \u00e0 goutte \u00e0 goutte pour planifier la livraison de cours \u00e0 un rythme flexible<\/li>\n<li>Outils de gestion de groupe pour organiser les apprenants et contr\u00f4ler l&rsquo;acc\u00e8s au cours<\/li>\n<li>Examens de cours et options de r\u00e9troaction pour que les apprenants fournissent des commentaires et am\u00e9liorent l&rsquo;exp\u00e9rience d&rsquo;apprentissage<\/li>\n<li>Int\u00e9gration avec des passerelles de paiement populaires et des plugins d&rsquo;adh\u00e9sion pour une mon\u00e9tisation facile des cours<\/li>\n<li>Assistance robuste via la documentation en ligne et l&rsquo;\u00e9quipe de service client d\u00e9di\u00e9<\/li>\n<li>Mises \u00e0 jour r\u00e9guli\u00e8res et ajouts de fonctions pour garantir que la bo\u00eete \u00e0 outils reste \u00e0 la pointe et adaptable.<\/li>\n<\/ul>\n","protected":false},"excerpt":{"rendered":"<p>La bo\u00eete \u00e0 outils Learndash LMS Pro, une compilation compl\u00e8te d&rsquo;outils m\u00e9ticuleusement con\u00e7ue pour augmenter et enrichir vos efforts d&rsquo;apprentissage en ligne, est sur le point de r\u00e9volutionner votre parcours \u00e9ducatif. Que vous soyez charg\u00e9 d&rsquo;instruire un cours centr\u00e9 sur WordPress ou que vous n\u00e9cessitiez simplement une assistance pour g\u00e9rer efficacement vos \u00e9tudiants, cette bo\u00eete \u00e0 outils remarquable englobe une myriade de fonctionnalit\u00e9s qui vous propulseront sans aucun doute vers le succ\u00e8s retentissant. \u00c9quip\u00e9 de fonctionnalit\u00e9s de pointe telles que le suivi des progr\u00e8s, les outils d&rsquo;\u00e9valuation et la possibilit\u00e9 d&rsquo;accorder des certificats d&rsquo;ach\u00e8vement des cours, de surveiller et de superviser sans effort les progr\u00e8s des \u00e9tudiants n&rsquo;ont jamais \u00e9t\u00e9 aussi r\u00e9alisables. De plus, le Learndash LMS Toolkit Pro propose une gamme d&rsquo;outils inestimables, y compris des e-mails personnalisables, des capacit\u00e9s de notation automatis\u00e9es et des fonctionnalit\u00e9s d\u00e9goulinant de contenu, facilitant ainsi l&rsquo;interaction transparente avec vos \u00e9tudiants et leur offrant une exp\u00e9rience d&rsquo;apprentissage incommensurablement personnalis\u00e9e. Dans votre qu\u00eate pour \u00e9lever vos cours en ligne \u00e0 des hauteurs sans pr\u00e9c\u00e9dent, soyez assur\u00e9 que la bo\u00eete \u00e0 outils Learndash LMS est la solution par excellence \u00e0 vos aspirations p\u00e9dagogiques.<\/p>\n","protected":false},"featured_media":144346,"comment_status":"open","ping_status":"open","template":"","meta":[],"product_brand":[2581],"product_cat":[1189,1181,1186],"product_tag":[1785],"class_list":{"0":"post-111410","1":"product","2":"type-product","3":"status-publish","4":"has-post-thumbnail","6":"product_brand-uncanny-owl","7":"product_cat-personnalisation","8":"product_cat-plugins","9":"product_cat-wordpress-plugins","10":"product_tag-uncanny-owl","11":"member-discount","12":"discount-restricted","14":"first","15":"instock","16":"sale","17":"downloadable","18":"virtual","19":"sold-individually","20":"purchasable","21":"product-type-simple"},"_links":{"self":[{"href":"https:\/\/gpl-love.com\/fr\/wp-json\/wp\/v2\/product\/111410","targetHints":{"allow":["GET"]}}],"collection":[{"href":"https:\/\/gpl-love.com\/fr\/wp-json\/wp\/v2\/product"}],"about":[{"href":"https:\/\/gpl-love.com\/fr\/wp-json\/wp\/v2\/types\/product"}],"replies":[{"embeddable":true,"href":"https:\/\/gpl-love.com\/fr\/wp-json\/wp\/v2\/comments?post=111410"}],"wp:featuredmedia":[{"embeddable":true,"href":"https:\/\/gpl-love.com\/fr\/wp-json\/wp\/v2\/media\/144346"}],"wp:attachment":[{"href":"https:\/\/gpl-love.com\/fr\/wp-json\/wp\/v2\/media?parent=111410"}],"wp:term":[{"taxonomy":"product_brand","embeddable":true,"href":"https:\/\/gpl-love.com\/fr\/wp-json\/wp\/v2\/product_brand?post=111410"},{"taxonomy":"product_cat","embeddable":true,"href":"https:\/\/gpl-love.com\/fr\/wp-json\/wp\/v2\/product_cat?post=111410"},{"taxonomy":"product_tag","embeddable":true,"href":"https:\/\/gpl-love.com\/fr\/wp-json\/wp\/v2\/product_tag?post=111410"}],"curies":[{"name":"wp","href":"https:\/\/api.w.org\/{rel}","templated":true}]}}