{"id":111408,"date":"2026-03-02T00:00:00","date_gmt":"2026-03-01T23:00:00","guid":{"rendered":"http:\/\/gpl-love.com\/fr\/produit\/layerslider-responsive-wordpress-slider-plugin\/"},"modified":"2026-03-20T23:21:51","modified_gmt":"2026-03-20T22:21:51","slug":"layerslider-responsive-wordpress-slider","status":"publish","type":"product","link":"https:\/\/gpl-love.com\/fr\/produit\/layerslider-responsive-wordpress-slider\/","title":{"rendered":"LayerSlider Responsive WordPress Slider Plugin 8.2.0"},"content":{"rendered":"<h3>LayerSlider Responsive WordPress Slider Plugin Traits<\/h3>\n<p>Le plugin de curseur WordPress Responsive Lowerslider est un outil incroyablement robuste et puissant qui vous permet de concevoir et de construire sans effort des curseurs visuellement \u00e9tonnants et dynamiques pour votre site Web WordPress. \u00c9quip\u00e9e d&rsquo;une vaste gamme de fonctionnalit\u00e9s et d&rsquo;une abondance d&rsquo;options de personnalisation, ce plugin remarquable vous donne la possibilit\u00e9 de fabriquer sans effort des diaporamas r\u00e9actifs et captivants qui incorporent une fusion de texte, d&rsquo;images, de vid\u00e9os et d&rsquo;animations. De plus, ce plugin exceptionnel poss\u00e8de une multitude de mod\u00e8les et de transitions pr\u00e9-con\u00e7us qui peuvent \u00eatre adapt\u00e9s pour r\u00e9pondre \u00e0 vos besoins uniques. Layerslider facilite \u00e9galement l&rsquo;int\u00e9gration transparente avec une myriade d&rsquo;autres plugins WordPress estim\u00e9s et il fonctionne de mani\u00e8re transparente dans tous les navigateurs et appareils couramment utilis\u00e9s. Que vous soyez en train de d\u00e9velopper un blog personnel, une plate-forme de commerce \u00e9lectronique ou un site Web d&rsquo;entreprise, soyez assur\u00e9 que Layerslider est la solution parfaite pour vous aider \u00e0 g\u00e9n\u00e9rer une exp\u00e9rience visuelle exceptionnellement professionnelle et impressionnante qui captivera captivera exceptionnellement professionnel et impressionnante et saisir votre public estim\u00e9.<\/p>\n<ul>\n<li>Cr\u00e9e des curseurs \u00e9poustouflants, anim\u00e9s et r\u00e9actifs pour votre site Web WordPress<\/li>\n<li>Offre plus de 200 mod\u00e8les de diapositive pr\u00e9-con\u00e7us et animations<\/li>\n<li>Interface de glisser-d\u00e9poser pour une cr\u00e9ation de curseur facile et rapide<\/li>\n<li>Possibilit\u00e9 d&rsquo;ajouter du contenu multim\u00e9dia comme des images, des vid\u00e9os et des fichiers audio au curseur<\/li>\n<li>Options d&rsquo;animation avanc\u00e9es, y compris le contr\u00f4le total de la dur\u00e9e de la diapositive, du retard et des effets de transition<\/li>\n<li>S\u00e9o-adapt\u00e9 et compatible avec les navigateurs et les appareils mobiles populaires<\/li>\n<li>Fournit une documentation d\u00e9taill\u00e9e et un support client 24\/7<\/li>\n<li>Mises \u00e0 jour r\u00e9guli\u00e8res et correctifs de bogues pour assurer des performances optimales<\/li>\n<li>Prend en charge l&rsquo;int\u00e9gration avec des plugins tiers comme WooCommerce et WPML.<\/li>\n<\/ul>\n","protected":false},"excerpt":{"rendered":"<p>Le plugin de curseur WordPress compatible Layerslider est un outil extr\u00eamement puissant qui permet la cr\u00e9ation de curseurs visuellement frappants qui ont \u00e9t\u00e9 optimis\u00e9s pour une multitude d&rsquo;appareils, des tailles d&rsquo;\u00e9cran variables et diff\u00e9rents types de navigateurs. Son interface conviviale permet l&rsquo;ajout sans effort d&rsquo;images, de vid\u00e9os et de divers autres \u00e9l\u00e9ments multim\u00e9dias \u00e0 ces curseurs. De plus, les options de personnalisation sont abondantes, allant d&rsquo;une s\u00e9lection diversifi\u00e9e d&rsquo;effets aux animations captivantes et aux transitions transparentes. Peu importe que l&rsquo;on construise un portefeuille, pr\u00e9sente leurs derniers produits ou d\u00e9veloppe un diaporama de page d&rsquo;accueil, Layerslider offre une gamme compl\u00e8te de fonctionnalit\u00e9s qui sont garanties pour \u00e9lever la qualit\u00e9 de son contenu et captiver leur public pr\u00e9vu. De plus, la conception r\u00e9active du plugin garantit que ces curseurs appara\u00eetront visuellement attrayants sur un large \u00e9ventail d&rsquo;appareils, englobant les ordinateurs de bureau et les appareils portables tels que les smartphones et les tablettes.<\/p>\n","protected":false},"featured_media":144334,"comment_status":"open","ping_status":"closed","template":"","meta":[],"product_brand":[2578],"product_cat":[1189,1181,1186],"product_tag":[1491],"class_list":{"0":"post-111408","1":"product","2":"type-product","3":"status-publish","4":"has-post-thumbnail","6":"product_brand-kreatura","7":"product_cat-personnalisation","8":"product_cat-plugins","9":"product_cat-wordpress-plugins","10":"product_tag-kreatura","11":"member-discount","12":"discount-restricted","14":"first","15":"instock","16":"sale","17":"downloadable","18":"virtual","19":"sold-individually","20":"purchasable","21":"product-type-simple"},"_links":{"self":[{"href":"https:\/\/gpl-love.com\/fr\/wp-json\/wp\/v2\/product\/111408","targetHints":{"allow":["GET"]}}],"collection":[{"href":"https:\/\/gpl-love.com\/fr\/wp-json\/wp\/v2\/product"}],"about":[{"href":"https:\/\/gpl-love.com\/fr\/wp-json\/wp\/v2\/types\/product"}],"replies":[{"embeddable":true,"href":"https:\/\/gpl-love.com\/fr\/wp-json\/wp\/v2\/comments?post=111408"}],"wp:featuredmedia":[{"embeddable":true,"href":"https:\/\/gpl-love.com\/fr\/wp-json\/wp\/v2\/media\/144334"}],"wp:attachment":[{"href":"https:\/\/gpl-love.com\/fr\/wp-json\/wp\/v2\/media?parent=111408"}],"wp:term":[{"taxonomy":"product_brand","embeddable":true,"href":"https:\/\/gpl-love.com\/fr\/wp-json\/wp\/v2\/product_brand?post=111408"},{"taxonomy":"product_cat","embeddable":true,"href":"https:\/\/gpl-love.com\/fr\/wp-json\/wp\/v2\/product_cat?post=111408"},{"taxonomy":"product_tag","embeddable":true,"href":"https:\/\/gpl-love.com\/fr\/wp-json\/wp\/v2\/product_tag?post=111408"}],"curies":[{"name":"wp","href":"https:\/\/api.w.org\/{rel}","templated":true}]}}