{"id":111403,"date":"2021-05-05T00:00:00","date_gmt":"2021-05-04T22:00:00","guid":{"rendered":"http:\/\/gpl-love.com\/fr\/produit\/zephys-architecture-interior-wordpress-theme\/"},"modified":"2026-03-20T23:54:33","modified_gmt":"2026-03-20T22:54:33","slug":"zephys-architecture-interior-wordpress-theme","status":"publish","type":"product","link":"https:\/\/gpl-love.com\/fr\/produit\/zephys-architecture-interior-wordpress-theme\/","title":{"rendered":"Zephys \u2013 Architecture et Interior WordPress Theme 1.1.0"},"content":{"rendered":"<h3>Zephys \u2013 Architecture et Interior WordPress Theme Traits<\/h3>\n<p>Zephys, un th\u00e8me WordPress extr\u00eamement robuste et avanc\u00e9 \u00e0 des fins architecturales et int\u00e9rieures, poss\u00e8de un design extr\u00eamement poli et contemporain qui est sur mesure pour montrer votre portefeuille de conception exceptionnel. Gr\u00e2ce \u00e0 l&rsquo;utilisation de son constructeur de page de glisser-d\u00e9poser et de drop, vous pouvez fa\u00e7onner des pages et des mises en page impressionnantes sans l&rsquo;exigence intimidante d&rsquo;une expertise en programmation. Ce th\u00e8me exceptionnel comprend un tableau de pages, de widgets et de types de publication pr\u00e9-con\u00e7us, facilitant ainsi la cr\u00e9ation sans effort de contenu in\u00e9gal\u00e9 et captivant. De plus, Zephys est m\u00e9ticuleusement con\u00e7u pour \u00eatre pleinement r\u00e9actif, garantissant une exp\u00e9rience de navigation visuellement attrayante et sans couture sur tous les appareils. Que vous soyez un architecte estim\u00e9, un architecte d&rsquo;int\u00e9rieur visionnaire ou simplement un ardent admirateur de design, Zephys appara\u00eet comme le choix sans \u00e9quivoque pour pr\u00e9senter vos efforts artistiques et captiver les clients potentiels.<\/p>\n<ul>\n<li>Look moderne et sophistiqu\u00e9 qui est parfait pour les sites Web d&rsquo;architecture et de design d&rsquo;int\u00e9rieur<\/li>\n<li>Options de disposition de page d&rsquo;accueil personnalisables qui permettent une organisation facile de contenu<\/li>\n<li>Builder de page de glisser-d\u00e9poser visuelle pour une personnalisation facile sans avoir besoin de coder<\/li>\n<li>Portfolio et mod\u00e8les de blog int\u00e9gr\u00e9s pour pr\u00e9senter des projets et partager les informations de l&rsquo;industrie<\/li>\n<li>Options d&rsquo;en-t\u00eate et de pied de page \u00e0 choisir pour une conception unique de site Web<\/li>\n<li>Compatibilit\u00e9 WooCommerce pour une int\u00e9gration facile d&rsquo;une boutique en ligne<\/li>\n<li>La conception r\u00e9active garantit que votre site Web a fi\u00e8re allure sur n&rsquo;importe quel appareil<\/li>\n<li>SEO optimis\u00e9 pour am\u00e9liorer le classement des moteurs de recherche<\/li>\n<li>Fonction d&rsquo;importation de d\u00e9monstration en un clic pour la configuration de site Web facile<\/li>\n<li>\u00c9quipe de support client d\u00e9di\u00e9e disponible pour r\u00e9pondre \u00e0 toutes les questions ou probl\u00e8mes.<\/li>\n<\/ul>\n","protected":false},"excerpt":{"rendered":"<p>L&rsquo;architecture Zephys et le th\u00e8me int\u00e9rieur WordPress sont sp\u00e9cialement con\u00e7us pour r\u00e9pondre aux besoins des architectes et des designers d&rsquo;int\u00e9rieur qui souhaitent une conception de site Web qui d\u00e9gage la sophistication et la modernit\u00e9. Ce th\u00e8me WordPress exceptionnel poss\u00e8de une vaste gamme d&rsquo;\u00e9l\u00e9ments personnalisables qui permettent aux utilisateurs de personnaliser leurs sites Web en fonction de leurs pr\u00e9f\u00e9rences uniques. Ces \u00e9l\u00e9ments comprennent des mod\u00e8les pr\u00e9-con\u00e7us, des dispositions personnalisables et des widgets personnalisables, qui contribuent tous \u00e0 la cr\u00e9ation d&rsquo;une esth\u00e9tique polie et professionnelle. De plus, Zephys Architecture and Interior WordPress th\u00e8me poss\u00e8de une interface conviviale qui simplifie le processus de pr\u00e9sentation de ses projets, services et t\u00e9moignages. De plus, ce th\u00e8me int\u00e8gre une conception r\u00e9active qui garantit l&rsquo;affichage transparent de votre site Web sur une multitude d&rsquo;appareils, vous permettant ainsi de captiver efficacement les clients potentiels et de favoriser la croissance de votre entreprise. \u00c9levez votre pr\u00e9sence en ligne en embrassant les immenses capacit\u00e9s de l&rsquo;architecture Zephys et du th\u00e8me int\u00e9rieur WordPress.<\/p>\n","protected":false},"featured_media":146472,"comment_status":"open","ping_status":"open","template":"","meta":[],"product_brand":[2433],"product_cat":[1242,1212,1213],"product_tag":[1366],"class_list":{"0":"post-111403","1":"product","2":"type-product","3":"status-publish","4":"has-post-thumbnail","6":"product_brand-themeforest","7":"product_cat-creatif","8":"product_cat-themes","9":"product_cat-wordpress-themes","10":"product_tag-themeforest","11":"member-discount","12":"discount-restricted","14":"first","15":"instock","16":"sale","17":"downloadable","18":"virtual","19":"sold-individually","20":"purchasable","21":"product-type-simple"},"_links":{"self":[{"href":"https:\/\/gpl-love.com\/fr\/wp-json\/wp\/v2\/product\/111403","targetHints":{"allow":["GET"]}}],"collection":[{"href":"https:\/\/gpl-love.com\/fr\/wp-json\/wp\/v2\/product"}],"about":[{"href":"https:\/\/gpl-love.com\/fr\/wp-json\/wp\/v2\/types\/product"}],"replies":[{"embeddable":true,"href":"https:\/\/gpl-love.com\/fr\/wp-json\/wp\/v2\/comments?post=111403"}],"wp:featuredmedia":[{"embeddable":true,"href":"https:\/\/gpl-love.com\/fr\/wp-json\/wp\/v2\/media\/146472"}],"wp:attachment":[{"href":"https:\/\/gpl-love.com\/fr\/wp-json\/wp\/v2\/media?parent=111403"}],"wp:term":[{"taxonomy":"product_brand","embeddable":true,"href":"https:\/\/gpl-love.com\/fr\/wp-json\/wp\/v2\/product_brand?post=111403"},{"taxonomy":"product_cat","embeddable":true,"href":"https:\/\/gpl-love.com\/fr\/wp-json\/wp\/v2\/product_cat?post=111403"},{"taxonomy":"product_tag","embeddable":true,"href":"https:\/\/gpl-love.com\/fr\/wp-json\/wp\/v2\/product_tag?post=111403"}],"curies":[{"name":"wp","href":"https:\/\/api.w.org\/{rel}","templated":true}]}}