{"id":111401,"date":"2026-04-16T00:00:00","date_gmt":"2026-04-15T22:00:00","guid":{"rendered":"http:\/\/gpl-love.com\/fr\/produit\/thrive-quiz-builder\/"},"modified":"2026-04-17T00:31:11","modified_gmt":"2026-04-16T22:31:11","slug":"thrive-quiz-builder","status":"publish","type":"product","link":"https:\/\/gpl-love.com\/fr\/produit\/thrive-quiz-builder\/","title":{"rendered":"Thrive Quiz Builder 10.8.10"},"content":{"rendered":"<h3>Thrive Quiz Builder Traits<\/h3>\n<p>Thrive Quiz Builder est un outil logiciel extr\u00eamement puissant et avanc\u00e9 qui vous pr\u00e9sente l&rsquo;occasion remarquable de cr\u00e9er et de g\u00e9rer m\u00e9ticuleusement des quiz et des enqu\u00eates captivantes qui sont express\u00e9ment adapt\u00e9es \u00e0 votre site Web. Cet outil exceptionnel est \u00e9quip\u00e9 d&rsquo;une interface de glisser-d\u00e9poser incroyablement conviviale et intuitive, vous offrant la capacit\u00e9 transparente \u00e0 construire et \u00e0 \u00e9riger sans effort des quiz uniques et personnalis\u00e9s qui vous captivent et ne vous moquent efficacement de la curiosit\u00e9 de votre public estim\u00e9, tout en vous fournissant efficacement et en vous fournissant efficacement la curiosit\u00e9 de votre public estim\u00e9, tout en vous fournissant simultan\u00e9ment. avec des informations inestimables sur leurs pr\u00e9f\u00e9rences individuelles et leurs inclinations comportementales. De plus, ce logiciel multiforme poss\u00e8de un vaste r\u00e9pertoire de mod\u00e8les de quiz m\u00e9ticuleusement pr\u00e9-con\u00e7us et pr\u00e9fabriqu\u00e9s, qui peuvent \u00eatre facilement personnalis\u00e9s et marqu\u00e9s de votre empreinte num\u00e9rique distinctive, garantissant ainsi un alignement harmonieux et coh\u00e9rent avec vos exigences sp\u00e9cifiques et votre vision idiosyncratique. Alternativement, si vous poss\u00e9dez un penchant pour la cr\u00e9ativit\u00e9 et une inclination vers l&rsquo;innovation, vous avez \u00e9galement l&rsquo;option lib\u00e9ratrice et stimulante pour consolider m\u00e9ticuleusement et minutieusement vos propres conceptions de quiz sur mesure, se lan\u00e7ant ainsi dans un voyage exaltant d&rsquo;auto-expression et d&rsquo;originalit\u00e9. Ce logiciel r\u00e9volutionnaire est en outre fortifi\u00e9 avec une pl\u00e9thore de caract\u00e9ristiques pratiques, dont l&rsquo;une est la capacit\u00e9 in\u00e9gal\u00e9e \u00e0 amasser syst\u00e9matiquement et m\u00e9thodiquement et \u00e0 rassembler des donn\u00e9es pivots et cons\u00e9quentes, y compris, mais sans s&rsquo;y limiter, vous accordant ainsi un aper\u00e7u mod\u00e9reux et profond dans l&#8217;emballage dans l&#8217;emballage dans le Travaux int\u00e9rieurs et subtilit\u00e9s de la psych\u00e9 de votre public estim\u00e9. En outre, cet outil logiciel technologiquement avanc\u00e9 et de pointe s&rsquo;int\u00e8gre de mani\u00e8re transparente \u00e0 certaines des plates-formes et outils de marketing les plus largement reconnus et les plus universellement acclam\u00e9s, tels que le v\u00e9n\u00e9rable MailChimp et l&rsquo;illustre activecampampaign, garantissant ainsi que vos quiz et surveys m\u00e9ticuleusement fabriqu\u00e9s sont exquis en aucun et inextricablement li\u00e9 \u00e0 votre strat\u00e9gie marketing et \u00e0 votre vision marketing. Avec le pouvoir impressionnant et transformateur de Thrive Quiz Builder au bout des doigts, vous \u00eates impr\u00e9gn\u00e9 de la capacit\u00e9 indomptable \u00e0 accro\u00eetre et \u00e0 am\u00e9liorer l&rsquo;engagement du public \u00e0 des niveaux sans pr\u00e9c\u00e9dent, tout en g\u00e9n\u00e9rant et en cultivant simultan\u00e9ment un flux apparemment sans fin de plombs de haute qualit\u00e9, ainsi engendrant et en cr\u00e9ant ainsi un flux de plombs de haute qualit\u00e9, ce qui enget\u00e8re ainsi en cr\u00e9ation et en cr\u00e9ant ainsi un flux de hauts caract\u00e9ristiques de haute qualit\u00e9, ainsi engelant ainsi et favoriser le r\u00e9sultat inimitable et convoit\u00e9 de la conduite des conversions et de la propulsion de votre entreprise \u00e0 des sommets de succ\u00e8s et de prosp\u00e9rit\u00e9.<\/p>\n<ul>\n<li>Cr\u00e9er des quiz engageants pour g\u00e9n\u00e9rer du trafic et g\u00e9n\u00e9rer des fils<\/li>\n<li>Personnalisez les questions de quiz et r\u00e9pondez aux options pour s&rsquo;adapter \u00e0 votre marque et \u00e0 votre public<\/li>\n<li>Choisissez parmi divers types de quiz tels que les quiz de personnalit\u00e9, les quiz marqu\u00e9s et les quiz de r\u00e9sultat<\/li>\n<li>D\u00e9clencher des r\u00e9sultats sp\u00e9cifiques bas\u00e9s sur les r\u00e9sultats du quiz, tels que des recommandations personnalis\u00e9es ou des suggestions de produits<\/li>\n<li>Int\u00e9grez \u00e0 votre service de marketing par e-mail pour capturer les prospects et suivre les r\u00e9sultats du quiz<\/li>\n<li>Analyser les donn\u00e9es du quiz et utiliser des informations pour am\u00e9liorer votre strat\u00e9gie marketing<\/li>\n<li>Interface de glisser-d\u00e9poser facile \u00e0 utiliser sans codage requis<\/li>\n<li>Quizz convivial pour une exp\u00e9rience utilisateur sans couture<\/li>\n<li>Acc\u00e8s \u00e0 une grande biblioth\u00e8que de mod\u00e8les et conceptions de quiz pr\u00e9fabriqu\u00e9es<\/li>\n<li>Support client 24\/7 et tutoriels disponibles pour vous aider \u00e0 tirer le meilleur parti de vos quiz.<\/li>\n<\/ul>\n","protected":false},"excerpt":{"rendered":"<p>Thrive Quiz Builder, un plugin WordPress extr\u00eamement intuitif, permet aux utilisateurs la capacit\u00e9 transparente de fabriquer sans effort des quiz captivants qui am\u00e9liorent efficacement l&rsquo;engagement des utilisateurs sur leurs sites Web respectifs. En utilisant une interface de tra\u00een\u00e9e et de d\u00e9p\u00f4t remarquablement simple, on peut \u00e9laborer sans effort des quiz qui assimilent de mani\u00e8re transparente avec leur image de marque unique et compl\u00e9ter impeccablement l&rsquo;esth\u00e9tique globale de conception de leur site Web. Ce plugin r\u00e9volutionnaire permet non seulement l&rsquo;int\u00e9gration de divers formats de questions, tels que des images impressionnantes et des vid\u00e9os captivantes, mais il conf\u00e8re \u00e9galement aux utilisateurs la capacit\u00e9 extraordinaire d&rsquo;incorporer la logique de ramification complexe, conf\u00e9rant ainsi un degr\u00e9 de personnalisation in\u00e9gal\u00e9 sur leurs quiz. En outre, Thrive Quiz Builder pr\u00e9sente \u00e9galement une fonctionnalit\u00e9 exceptionnelle qui permet aux utilisateurs de d\u00e9clencher des campagnes personnalis\u00e9es en fonction des r\u00e9sultats individualis\u00e9s donn\u00e9s par chaque quiz, facilitant ainsi la transformation de simples visiteurs en clients d\u00e9vou\u00e9s.<\/p>\n","protected":false},"featured_media":145573,"comment_status":"open","ping_status":"open","template":"","meta":[],"product_brand":[2675],"product_cat":[1189,1181,1186],"product_tag":[1382],"class_list":{"0":"post-111401","1":"product","2":"type-product","3":"status-publish","4":"has-post-thumbnail","6":"product_brand-thrive-themes","7":"product_cat-personnalisation","8":"product_cat-plugins","9":"product_cat-wordpress-plugins","10":"product_tag-thrive-themes","11":"member-discount","12":"discount-restricted","14":"first","15":"instock","16":"sale","17":"downloadable","18":"virtual","19":"sold-individually","20":"purchasable","21":"product-type-simple"},"_links":{"self":[{"href":"https:\/\/gpl-love.com\/fr\/wp-json\/wp\/v2\/product\/111401","targetHints":{"allow":["GET"]}}],"collection":[{"href":"https:\/\/gpl-love.com\/fr\/wp-json\/wp\/v2\/product"}],"about":[{"href":"https:\/\/gpl-love.com\/fr\/wp-json\/wp\/v2\/types\/product"}],"replies":[{"embeddable":true,"href":"https:\/\/gpl-love.com\/fr\/wp-json\/wp\/v2\/comments?post=111401"}],"wp:featuredmedia":[{"embeddable":true,"href":"https:\/\/gpl-love.com\/fr\/wp-json\/wp\/v2\/media\/145573"}],"wp:attachment":[{"href":"https:\/\/gpl-love.com\/fr\/wp-json\/wp\/v2\/media?parent=111401"}],"wp:term":[{"taxonomy":"product_brand","embeddable":true,"href":"https:\/\/gpl-love.com\/fr\/wp-json\/wp\/v2\/product_brand?post=111401"},{"taxonomy":"product_cat","embeddable":true,"href":"https:\/\/gpl-love.com\/fr\/wp-json\/wp\/v2\/product_cat?post=111401"},{"taxonomy":"product_tag","embeddable":true,"href":"https:\/\/gpl-love.com\/fr\/wp-json\/wp\/v2\/product_tag?post=111401"}],"curies":[{"name":"wp","href":"https:\/\/api.w.org\/{rel}","templated":true}]}}