{"id":111399,"date":"2026-04-16T00:00:00","date_gmt":"2026-04-15T22:00:00","guid":{"rendered":"http:\/\/gpl-love.com\/fr\/produit\/thrive-leads\/"},"modified":"2026-04-17T00:31:10","modified_gmt":"2026-04-16T22:31:10","slug":"thrive-leads","status":"publish","type":"product","link":"https:\/\/gpl-love.com\/fr\/produit\/thrive-leads\/","title":{"rendered":"Thrive Leads 10.8.10"},"content":{"rendered":"<h3>Thrive Leads Traits<\/h3>\n<p>Thrive Leads, un plugin de g\u00e9n\u00e9ration de leads exceptionnel, con\u00e7u exclusivement pour WordPress, est un outil formidable qui permet aux entreprises de convertir sans effort les visiteurs du site Web en abonn\u00e9s d\u00e9vou\u00e9s et clients estim\u00e9s. Son \u00e9diteur de glisser-d\u00e9poser incroyablement convivial permet aux utilisateurs de fa\u00e7onner sans effort les formulaires d&rsquo;opt-in captivants, de pop-ups attirant l&rsquo;attention et de divers autres outils de capture de plomb de pointe qui sont adapt\u00e9s \u00e0 l&rsquo;amplification des conversions et \u00e0 la croissance in\u00e9gal\u00e9e de croissance in\u00e9gal\u00e9e dans leur liste de diffusion estim\u00e9e. Thrive Leads ne s&rsquo;arr\u00eate pas l\u00e0, car il accorde \u00e9galement aux utilisateurs avec un \u00e9ventail de fonctionnalit\u00e9s de ciblage avanc\u00e9es et la capacit\u00e9 de effectuer des tests A \/ B m\u00e9ticuleux, leur accordant ainsi le pouvoir de personnaliser leurs campagnes marketing et d&rsquo;augmenter leurs r\u00e9sultats de mani\u00e8re toujours en \u00e9volution . De plus, ce plugin remarquable s&rsquo;int\u00e8gre de mani\u00e8re transparente \u00e0 des plateformes de marketing par e-mail tr\u00e8s populaires telles que MailChimp, Aweber et GetResponse, rationalisant ainsi la gestion et l&rsquo;\u00e9ducation des prospects captur\u00e9s avec la plus grande facilit\u00e9. En exploitant les capacit\u00e9s exceptionnelles de prospects Thrive, les entreprises peuvent transcender l&rsquo;ordinaire et s&rsquo;aventurer dans des territoires inexplor\u00e9s de la g\u00e9n\u00e9ration de leads, tout en \u00e9tant assister \u00e0 des am\u00e9liorations tangibles et substantielles dans leurs r\u00e9sultats financiers.<\/p>\n<ul>\n<li>Boostez les conversions du site Web avec les formulaires d&rsquo;opt-in cibl\u00e9s de Thrive Leads<\/li>\n<li>Cr\u00e9er des formulaires personnalisables sans codage de connaissances<\/li>\n<li>Int\u00e9grez facilement \u00e0 vos plateformes de marketing par e-mail pr\u00e9f\u00e9r\u00e9es<\/li>\n<li>Afficher les formulaires sur des pages sp\u00e9cifiques ou sur un public sp\u00e9cifique<\/li>\n<li>Acc\u00e9der aux tests et analyses A \/ B complets pour optimiser les performances<\/li>\n<li>Choisissez parmi une vari\u00e9t\u00e9 de types de formulaires, y compris les fen\u00eatres contextuelles, les diapositives et les rubans collants<\/li>\n<li>Impl\u00e9mentez la technologie de sortie pour capturer les e-mails des visiteurs avant de quitter le site<\/li>\n<li>Utilisez des mod\u00e8les pr\u00e9-con\u00e7us ou concevez votre propre forme \u00e0 partir de z\u00e9ro<\/li>\n<li>Stockez et g\u00e9rez les coordonn\u00e9es dans le tableau de bord Thrive Leads<\/li>\n<li>Utiliser des options de ciblage avanc\u00e9es telles que les mises \u00e0 niveau de contenu et les liens intelligents<\/li>\n<li>Acc\u00e9dez \u00e0 l&rsquo;assistance et aux didacticiels de la communaut\u00e9 Thrive Leads Community and Customer Service Team.<\/li>\n<\/ul>\n","protected":false},"excerpt":{"rendered":"<p>Thrive Leads, un plugin d&rsquo;opt-in par e-mail impressionnant, sp\u00e9cialement con\u00e7u pour WordPress, fonctionne comme une solution tr\u00e8s efficace pour transformer de simples visiteurs de sites Web en abonn\u00e9s fid\u00e8les qui finissent par se convertir en clients pr\u00e9cieux. Cet outil remarquable offre une vaste s\u00e9lection de formulaires d&rsquo;opt-in, associ\u00e9e \u00e0 une gamme d&rsquo;options de ciblage et de test, ainsi que des fonctionnalit\u00e9s de rapport avanc\u00e9es. Par cons\u00e9quent, l&rsquo;utilisation de prospects Thrive permet une expansion transparente de votre liste de diffusion et l&rsquo;automatisation de votre processus de g\u00e9n\u00e9ration de leads. Que vous vous identifiiez comme un blogueur d\u00e9di\u00e9, un sp\u00e9cialiste du marketing avis\u00e9 ou un propri\u00e9taire d&rsquo;entreprise proactif, Thrive m\u00e8ne incontestablement la ressource ultime qui optimise et rationalise votre strat\u00e9gie de marketing par e-mail, ce qui entra\u00eene un coup de pouce substantiel \u00e0 votre r\u00e9sultat global.<\/p>\n","protected":false},"featured_media":145570,"comment_status":"open","ping_status":"open","template":"","meta":[],"product_brand":[2675],"product_cat":[1207,1181,1186],"product_tag":[1382],"class_list":{"0":"post-111399","1":"product","2":"type-product","3":"status-publish","4":"has-post-thumbnail","6":"product_brand-thrive-themes","7":"product_cat-commercialisation-wordpress-plugins","8":"product_cat-plugins","9":"product_cat-wordpress-plugins","10":"product_tag-thrive-themes","11":"member-discount","12":"discount-restricted","14":"first","15":"instock","16":"sale","17":"downloadable","18":"virtual","19":"sold-individually","20":"purchasable","21":"product-type-simple"},"_links":{"self":[{"href":"https:\/\/gpl-love.com\/fr\/wp-json\/wp\/v2\/product\/111399","targetHints":{"allow":["GET"]}}],"collection":[{"href":"https:\/\/gpl-love.com\/fr\/wp-json\/wp\/v2\/product"}],"about":[{"href":"https:\/\/gpl-love.com\/fr\/wp-json\/wp\/v2\/types\/product"}],"replies":[{"embeddable":true,"href":"https:\/\/gpl-love.com\/fr\/wp-json\/wp\/v2\/comments?post=111399"}],"wp:featuredmedia":[{"embeddable":true,"href":"https:\/\/gpl-love.com\/fr\/wp-json\/wp\/v2\/media\/145570"}],"wp:attachment":[{"href":"https:\/\/gpl-love.com\/fr\/wp-json\/wp\/v2\/media?parent=111399"}],"wp:term":[{"taxonomy":"product_brand","embeddable":true,"href":"https:\/\/gpl-love.com\/fr\/wp-json\/wp\/v2\/product_brand?post=111399"},{"taxonomy":"product_cat","embeddable":true,"href":"https:\/\/gpl-love.com\/fr\/wp-json\/wp\/v2\/product_cat?post=111399"},{"taxonomy":"product_tag","embeddable":true,"href":"https:\/\/gpl-love.com\/fr\/wp-json\/wp\/v2\/product_tag?post=111399"}],"curies":[{"name":"wp","href":"https:\/\/api.w.org\/{rel}","templated":true}]}}