{"id":111397,"date":"2026-04-16T00:00:00","date_gmt":"2026-04-15T22:00:00","guid":{"rendered":"http:\/\/gpl-love.com\/fr\/produit\/thrive-architect\/"},"modified":"2026-04-17T00:31:08","modified_gmt":"2026-04-16T22:31:08","slug":"wp-thrive-architect","status":"publish","type":"product","link":"https:\/\/gpl-love.com\/fr\/produit\/wp-thrive-architect\/","title":{"rendered":"Thrive Architect 10.8.10"},"content":{"rendered":"<h3>Thrive Architect Traits<\/h3>\n<p>Thrive Architect est un constructeur de sites Web robuste et tr\u00e8s efficace qui permet aux utilisateurs une vaste gamme de fonctionnalit\u00e9s pour \u00e9laborer sans effort visuellement \u00e9tonnant et captivant des pages Web. Avec sa s\u00e9lection diversifi\u00e9e de mod\u00e8les pr\u00e9-con\u00e7us, d&rsquo;\u00e9l\u00e9ments de conception personnalisables et d&rsquo;un \u00e9diteur de glisser-d\u00e9poser intuitif, la cr\u00e9ation de pages devient une exp\u00e9rience intuitive et transparente. En plus de ces fonctionnalit\u00e9s fondamentales, Thrive Architect va au-del\u00e0 en offrant des outils avanc\u00e9s visant \u00e0 am\u00e9liorer les taux de conversion, y compris les formulaires de g\u00e9n\u00e9ration de leads et les capacit\u00e9s de test A \/ B, qui permettent aux utilisateurs d&rsquo;optimiser les performances de leur site Web. Que vous soyez une aventure novice dans le monde de la conception Web ou un architecte professionnel chevronn\u00e9, Thrive vous fournit les outils n\u00e9cessaires pour cr\u00e9er des sites Web de haute qualit\u00e9 qui engagent efficacement votre public cible et de conduite des conversions.<\/p>\n<ul>\n<li>Pages de destination r\u00e9actives et personnalisables<\/li>\n<li>Interface de g\u00e9n\u00e9rateur de page glisser-d\u00e9poser<\/li>\n<li>Mod\u00e8les et \u00e9l\u00e9ments pr\u00e9-con\u00e7us pour une cr\u00e9ation facile<\/li>\n<li>S&rsquo;int\u00e8gre aux outils de marketing par e-mail populaires et de CRM<\/li>\n<li>Options pour les tests A \/ B et le suivi de la conversion<\/li>\n<li>Options de style et de conception avanc\u00e9es pour la marque unique<\/li>\n<li>Fonctionnalit\u00e9s de g\u00e9n\u00e9ration de leads int\u00e9gr\u00e9es telles que les formulaires d&rsquo;opt-in et les minuteries \u00e0 rebours<\/li>\n<li>Possibilit\u00e9 d&rsquo;\u00e9conomiser et de r\u00e9utiliser les \u00e9l\u00e9ments pour une conception de pages plus rapide<\/li>\n<li>R\u00e9guli\u00e8rement mis \u00e0 jour avec de nouvelles fonctionnalit\u00e9s et am\u00e9liorations<\/li>\n<li>Interface conviviale adapt\u00e9e aux d\u00e9butants et aux professionnels<\/li>\n<\/ul>\n","protected":false},"excerpt":{"rendered":"<p>Thrive Architect, un \u00e9diteur visuel incroyablement puissant et convivial, vous permet de g\u00e9n\u00e9rer sans effort des pages et des messages WordPress remarquables. Cet outil de pointe pr\u00e9sente une interface de glisser-d\u00e9poser, vous accordant le pouvoir d&rsquo;individualiser tous les aspects de votre conception, allant des \u00e9l\u00e9ments textuels et des images aux formulaires et aux boutons. Dot\u00e9 d&rsquo;une vaste gamme de mod\u00e8les personnalisables et de blocs de contenu pr\u00e9d\u00e9finis, vous pouvez rapidement produire des pages captivantes visuellement qui captivent efficacement et transforment les visiteurs de votre site Web. Tirant l&rsquo;extraction de Thrive Architect, vous poss\u00e9dez l&rsquo;arsenal complet n\u00e9cessaire pour \u00e9lever votre site Web \u00e0 des niveaux de distinction sans pr\u00e9c\u00e9dent, le tout sans avoir besoin d&rsquo;une expertise de codage ou de conception.<\/p>\n","protected":false},"featured_media":145566,"comment_status":"open","ping_status":"closed","template":"","meta":[],"product_brand":[2675],"product_cat":[1189,1181,1186],"product_tag":[1382],"class_list":{"0":"post-111397","1":"product","2":"type-product","3":"status-publish","4":"has-post-thumbnail","6":"product_brand-thrive-themes","7":"product_cat-personnalisation","8":"product_cat-plugins","9":"product_cat-wordpress-plugins","10":"product_tag-thrive-themes","11":"member-discount","12":"discount-restricted","14":"first","15":"instock","16":"sale","17":"downloadable","18":"virtual","19":"sold-individually","20":"purchasable","21":"product-type-simple"},"_links":{"self":[{"href":"https:\/\/gpl-love.com\/fr\/wp-json\/wp\/v2\/product\/111397","targetHints":{"allow":["GET"]}}],"collection":[{"href":"https:\/\/gpl-love.com\/fr\/wp-json\/wp\/v2\/product"}],"about":[{"href":"https:\/\/gpl-love.com\/fr\/wp-json\/wp\/v2\/types\/product"}],"replies":[{"embeddable":true,"href":"https:\/\/gpl-love.com\/fr\/wp-json\/wp\/v2\/comments?post=111397"}],"wp:featuredmedia":[{"embeddable":true,"href":"https:\/\/gpl-love.com\/fr\/wp-json\/wp\/v2\/media\/145566"}],"wp:attachment":[{"href":"https:\/\/gpl-love.com\/fr\/wp-json\/wp\/v2\/media?parent=111397"}],"wp:term":[{"taxonomy":"product_brand","embeddable":true,"href":"https:\/\/gpl-love.com\/fr\/wp-json\/wp\/v2\/product_brand?post=111397"},{"taxonomy":"product_cat","embeddable":true,"href":"https:\/\/gpl-love.com\/fr\/wp-json\/wp\/v2\/product_cat?post=111397"},{"taxonomy":"product_tag","embeddable":true,"href":"https:\/\/gpl-love.com\/fr\/wp-json\/wp\/v2\/product_tag?post=111397"}],"curies":[{"name":"wp","href":"https:\/\/api.w.org\/{rel}","templated":true}]}}