{"id":111395,"date":"2026-04-16T00:00:00","date_gmt":"2026-04-15T22:00:00","guid":{"rendered":"http:\/\/gpl-love.com\/fr\/produit\/thrive-apprentice\/"},"modified":"2026-04-17T00:31:07","modified_gmt":"2026-04-16T22:31:07","slug":"thrive-apprentice","status":"publish","type":"product","link":"https:\/\/gpl-love.com\/fr\/produit\/thrive-apprentice\/","title":{"rendered":"Thrive Apprentice 10.8.10"},"content":{"rendered":"<h3>Thrive Apprentice Traits<\/h3>\n<p>Thrive Apprentice, un cours en ligne robuste et constructeur de sites d&rsquo;adh\u00e9sion, sert d&rsquo;outil inestimable pour les entrepreneurs et les \u00e9ducateurs, facilitant la cr\u00e9ation et la vente sans effort de leurs cours en ligne. En utilisant Thrive Apprentice, les utilisateurs ont la possibilit\u00e9 de g\u00e9n\u00e9rer sans effort des cours visuellement \u00e9tonnants, d&rsquo;organiser efficacement leur contenu de mani\u00e8re coh\u00e9rente et compr\u00e9hensible et de surveiller \u00e9troitement les progr\u00e8s de leurs \u00e9tudiants. En outre, cette plate-forme fournit une gamme diversifi\u00e9e d&rsquo;options de personnalisation, englobant des mod\u00e8les pr\u00e9-con\u00e7us, des constructeurs de pages et des fonctionnalit\u00e9s d&rsquo;adh\u00e9sion, tels que le contenu goutte \u00e0 goutte, le contr\u00f4le d&rsquo;acc\u00e8s et les niveaux d&rsquo;adh\u00e9sion. En exploitant le pouvoir de Thrive Apprentice, les cr\u00e9ateurs de cours d\u00e9couvriront la mon\u00e9tisation transparente de leur contenu, l&rsquo;expansion de leur public et l&rsquo;\u00e9tablissement d&rsquo;une entreprise en ligne durable.<\/p>\n<ul>\n<li>Une plate-forme personnalisable et conviviale pour cr\u00e9er des cours en ligne et des sites d&rsquo;adh\u00e9sion<\/li>\n<li>Builder de cours de glisser-d\u00e9poser avec des mod\u00e8les pr\u00e9-con\u00e7us pour une configuration rapide et facile<\/li>\n<li>S&rsquo;int\u00e8gre aux outils de marketing par e-mail populaires comme Convertkit, MailChimp et ActiveCampaign<\/li>\n<li>Offre des fonctionnalit\u00e9s de gamification, telles que le suivi des progr\u00e8s, les badges et les certificats pour accro\u00eetre l&rsquo;engagement et la motivation<\/li>\n<li>Prend en charge diff\u00e9rents types de contenu, y compris des vid\u00e9os, des PDF, des quiz et des affectations<\/li>\n<li>Les fonctionnalit\u00e9s de la communaut\u00e9 int\u00e9gr\u00e9e, telles que les profils et les discussions des \u00e9tudiants, pour faciliter l&rsquo;interaction et la collaboration des \u00e9tudiants<\/li>\n<li>S\u00e9quences de messagerie automatis\u00e9es pour accueillir, engager et \u00e9duquer de nouveaux \u00e9tudiants<\/li>\n<li>Outils d&rsquo;analyse et de rapport pour suivre les progr\u00e8s, l&rsquo;engagement et les revenus des \u00e9l\u00e8ves<\/li>\n<li>Conception sensible au mobile pour une visualisation optimale sur n&rsquo;importe quel appareil<\/li>\n<li>Plans de prix abordables sans frais de transaction ni partage des revenus.<\/li>\n<\/ul>\n","protected":false},"excerpt":{"rendered":"<p>Thrive Apprentice est une plate-forme de cr\u00e9ation de cours en ligne incroyablement intuitive et remarquablement conviviale qui permet aux individus et aux entreprises de construire des cours captivants et tr\u00e8s interactifs. En offrant une gamme de fonctionnalit\u00e9s de glisser-d\u00e9poser qui sont exceptionnellement faciles \u00e0 utiliser, des mod\u00e8les personnalisables qui peuvent \u00eatre adapt\u00e9s pour r\u00e9pondre aux pr\u00e9f\u00e9rences sp\u00e9cifiques, et une vaste suite d&rsquo;outils de cr\u00e9ation de cours qui sont \u00e0 la fois puissants et polyvalents, Thrive Apprentice rationalise le processus de processus de D\u00e9velopper et vendre des cours en ligne qui nourrissent et am\u00e9liorent efficacement l&rsquo;exp\u00e9rience d&rsquo;apprentissage. Que vous soyez un \u00e9ducateur estim\u00e9 cherchant \u00e0 diffuser votre richesse de connaissances, un propri\u00e9taire d&rsquo;entreprise visionnaire visant \u00e0 am\u00e9liorer l&rsquo;ensemble des comp\u00e9tences de vos pr\u00e9cieux employ\u00e9s, ou un coach d\u00e9vou\u00e9 en d\u00e9sirant de fabriquer des ressources pr\u00e9cieuses pour vos clients estim\u00e9s, Thrive Apprentice offre un engagement global Solution qui englobe tous les composants n\u00e9cessaires n\u00e9cessaires pour fa\u00e7onner le contenu de cours convaincant et inspirant qui donne des r\u00e9sultats tangibles et remarquables.<\/p>\n","protected":false},"featured_media":145565,"comment_status":"open","ping_status":"open","template":"","meta":[],"product_brand":[2675],"product_cat":[1189,1181,1186],"product_tag":[1382],"class_list":{"0":"post-111395","1":"product","2":"type-product","3":"status-publish","4":"has-post-thumbnail","6":"product_brand-thrive-themes","7":"product_cat-personnalisation","8":"product_cat-plugins","9":"product_cat-wordpress-plugins","10":"product_tag-thrive-themes","11":"member-discount","12":"discount-restricted","14":"first","15":"instock","16":"sale","17":"downloadable","18":"virtual","19":"sold-individually","20":"purchasable","21":"product-type-simple"},"_links":{"self":[{"href":"https:\/\/gpl-love.com\/fr\/wp-json\/wp\/v2\/product\/111395","targetHints":{"allow":["GET"]}}],"collection":[{"href":"https:\/\/gpl-love.com\/fr\/wp-json\/wp\/v2\/product"}],"about":[{"href":"https:\/\/gpl-love.com\/fr\/wp-json\/wp\/v2\/types\/product"}],"replies":[{"embeddable":true,"href":"https:\/\/gpl-love.com\/fr\/wp-json\/wp\/v2\/comments?post=111395"}],"wp:featuredmedia":[{"embeddable":true,"href":"https:\/\/gpl-love.com\/fr\/wp-json\/wp\/v2\/media\/145565"}],"wp:attachment":[{"href":"https:\/\/gpl-love.com\/fr\/wp-json\/wp\/v2\/media?parent=111395"}],"wp:term":[{"taxonomy":"product_brand","embeddable":true,"href":"https:\/\/gpl-love.com\/fr\/wp-json\/wp\/v2\/product_brand?post=111395"},{"taxonomy":"product_cat","embeddable":true,"href":"https:\/\/gpl-love.com\/fr\/wp-json\/wp\/v2\/product_cat?post=111395"},{"taxonomy":"product_tag","embeddable":true,"href":"https:\/\/gpl-love.com\/fr\/wp-json\/wp\/v2\/product_tag?post=111395"}],"curies":[{"name":"wp","href":"https:\/\/api.w.org\/{rel}","templated":true}]}}