{"id":111393,"date":"2026-03-13T00:00:00","date_gmt":"2026-03-12T23:00:00","guid":{"rendered":"http:\/\/gpl-love.com\/fr\/produit\/restrict-content-pro\/"},"modified":"2026-04-10T18:38:04","modified_gmt":"2026-04-10T16:38:04","slug":"restrict-content-pro","status":"publish","type":"product","link":"https:\/\/gpl-love.com\/fr\/produit\/restrict-content-pro\/","title":{"rendered":"Restrict Content Pro 3.5.57"},"content":{"rendered":"<h3>Restrict Content Pro Traits<\/h3>\n<p>Restriver Content Pro, un plugin WordPress tr\u00e8s robuste, offre aux propri\u00e9taires de sites Web la capacit\u00e9 de limiter l&rsquo;entr\u00e9e \u00e0 des sections sp\u00e9cifiques de leur site Web. Avec cet outil remarquable, les utilisateurs peuvent \u00e9tablir sans effort des plans d&rsquo;adh\u00e9sion, imposer des restrictions sur des pages ou des publications particuli\u00e8res et m\u00eame r\u00e9glementer l&rsquo;acc\u00e8s \u00e0 des fichiers ou des t\u00e9l\u00e9chargements particuliers. Le plugin s&rsquo;int\u00e8gre de mani\u00e8re transparente aux passerelles de paiement bien appr\u00e9ci\u00e9es telles que PayPal et Stripe, simplifiant ainsi le processus de mon\u00e9tisation de votre site Web et de g\u00e9n\u00e9rer des revenus r\u00e9currents. En outre, le tableau de bord convivial et le syst\u00e8me de rapports complet permettent une gestion sans effort des plans d&rsquo;adh\u00e9sion, ainsi qu&rsquo;une surveillance m\u00e9ticuleuse des revenus et des abonnements. Que votre objectif soit de cr\u00e9er un site d&rsquo;adh\u00e9sion premium ou d&rsquo;exercer simplement un contr\u00f4le sur certains contenus, Restric Content Pro appara\u00eet comme une solution fiable et tr\u00e8s efficace.<\/p>\n<ul>\n<li>Permet aux propri\u00e9taires de sites Web de restreindre l&rsquo;acc\u00e8s au contenu de leur site Web<\/li>\n<li>Fournit un syst\u00e8me flexible pour cr\u00e9er et g\u00e9rer les niveaux d&rsquo;adh\u00e9sion<\/li>\n<li>Caract\u00e9ristiques des formulaires d&rsquo;inscription personnalisables pour les utilisateurs pour s&rsquo;inscrire \u00e0 l&rsquo;adh\u00e9sion<\/li>\n<li>Prend en charge plusieurs passerelles de paiement pour la collecte des frais d&rsquo;adh\u00e9sion<\/li>\n<li>Fournit des rapports d\u00e9taill\u00e9s et des analyses pour la gestion des membres<\/li>\n<li>S&rsquo;int\u00e8gre aux plateformes de marketing par e-mail populaires<\/li>\n<li>Comprend des modules compl\u00e9mentaires pour int\u00e9grer avec d&rsquo;autres plugins WordPress<\/li>\n<li>Offre un excellent support client et documentation.<\/li>\n<\/ul>\n","protected":false},"excerpt":{"rendered":"<p>Restriver Content Pro est un plugin WordPress exceptionnellement robuste et puissant qui offre aux propri\u00e9taires de sites Web la possibilit\u00e9 de limiter et de limiter l&rsquo;acc\u00e8s au contenu d\u00e9sign\u00e9 exclusivement pour s\u00e9lectionner des individus ou des groupes. La fonctionnalit\u00e9 et la polyvalence de ce plugin sont vraiment remarquables car elle permet aux utilisateurs de cr\u00e9er sans effort des domaines exclusifs strictement accessibles aux membres, de g\u00e9n\u00e9rer des revenus gr\u00e2ce \u00e0 la vente de produits num\u00e9riques, de concevoir et de mettre en \u0153uvre des plans d&rsquo;abonnement et de superviser avec comp\u00e9tence et de gouverner les comptes d&rsquo;utilisateurs. En vertu de sa nature hautement personnalisable et adaptable, Restricte Content Pro permet aux utilisateurs d&rsquo;adapter les plans \u00e0 leurs besoins sp\u00e9cifiques, d&rsquo;envoyer des rappels de renouvellement d&rsquo;abonnement en temps opportun et de s&rsquo;int\u00e9grer de mani\u00e8re transparente aux passerelles de paiement renomm\u00e9es. Essentiellement, ce plugin remarquable est destin\u00e9 sans \u00e9quivoque pour le succ\u00e8s car il s&rsquo;adresse \u00e0 un large \u00e9ventail d&rsquo;individus et d&rsquo;entit\u00e9s tels que les entreprises, les blogueurs et les sp\u00e9cialistes du marketing, qui sont ardemment pouss\u00e9s \u00e0 mon\u00e9tiser leur contenu tout en offrant simultan\u00e9ment une valeur exceptionnelle \u00e0 leurs abonn\u00e9s estim\u00e9s.<\/p>\n","protected":false},"featured_media":145111,"comment_status":"open","ping_status":"open","template":"","meta":[],"product_brand":[2644],"product_cat":[1300,1181,1186],"product_tag":[1488],"class_list":{"0":"post-111393","1":"product","2":"type-product","3":"status-publish","4":"has-post-thumbnail","6":"product_brand-restirct-content","7":"product_cat-adhesion","8":"product_cat-plugins","9":"product_cat-wordpress-plugins","10":"product_tag-restirct-content","11":"member-discount","12":"discount-restricted","14":"first","15":"instock","16":"sale","17":"downloadable","18":"virtual","19":"sold-individually","20":"purchasable","21":"product-type-simple"},"_links":{"self":[{"href":"https:\/\/gpl-love.com\/fr\/wp-json\/wp\/v2\/product\/111393","targetHints":{"allow":["GET"]}}],"collection":[{"href":"https:\/\/gpl-love.com\/fr\/wp-json\/wp\/v2\/product"}],"about":[{"href":"https:\/\/gpl-love.com\/fr\/wp-json\/wp\/v2\/types\/product"}],"replies":[{"embeddable":true,"href":"https:\/\/gpl-love.com\/fr\/wp-json\/wp\/v2\/comments?post=111393"}],"wp:featuredmedia":[{"embeddable":true,"href":"https:\/\/gpl-love.com\/fr\/wp-json\/wp\/v2\/media\/145111"}],"wp:attachment":[{"href":"https:\/\/gpl-love.com\/fr\/wp-json\/wp\/v2\/media?parent=111393"}],"wp:term":[{"taxonomy":"product_brand","embeddable":true,"href":"https:\/\/gpl-love.com\/fr\/wp-json\/wp\/v2\/product_brand?post=111393"},{"taxonomy":"product_cat","embeddable":true,"href":"https:\/\/gpl-love.com\/fr\/wp-json\/wp\/v2\/product_cat?post=111393"},{"taxonomy":"product_tag","embeddable":true,"href":"https:\/\/gpl-love.com\/fr\/wp-json\/wp\/v2\/product_tag?post=111393"}],"curies":[{"name":"wp","href":"https:\/\/api.w.org\/{rel}","templated":true}]}}