{"id":111391,"date":"2026-04-18T00:00:00","date_gmt":"2026-04-17T22:00:00","guid":{"rendered":"http:\/\/gpl-love.com\/fr\/produit\/formidable-forms-pro-wordpress-form-builder-plugin\/"},"modified":"2026-04-19T00:30:29","modified_gmt":"2026-04-18T22:30:29","slug":"formidable-forms-pro-wordpress-form","status":"publish","type":"product","link":"https:\/\/gpl-love.com\/fr\/produit\/formidable-forms-pro-wordpress-form\/","title":{"rendered":"Formidable Forms Pro 6.3"},"content":{"rendered":"<h3>Formidable Forms Pro Traits<\/h3>\n<p>Formidable Forms Pro est un plugin de g\u00e9n\u00e9rateur de formulaires tr\u00e8s sophistiqu\u00e9 et avanc\u00e9 qui offre aux utilisateurs la possibilit\u00e9 de cr\u00e9er sans effort des formulaires personnalis\u00e9s et personnalisables pour r\u00e9pondre aux besoins uniques de leurs sites Web. Ce plugin exceptionnel poss\u00e8de une interface glisser-d\u00e9poser conviviale, permettant aux utilisateurs d&rsquo;incorporer de mani\u00e8re transparente divers champs, d&rsquo;impl\u00e9menter une logique conditionnelle et m\u00eame d&rsquo;effectuer des calculs complexes dans leurs formulaires. En plus de ces fonctionnalit\u00e9s exceptionnelles, Formidable Forms Pro propose une gamme diversifi\u00e9e de mod\u00e8les de formulaires pr\u00e9-con\u00e7us qui servent un excellent point de d\u00e9part pour les utilisateurs, leur offrant la commodit\u00e9 d&rsquo;une fondation pr\u00eate \u00e0 l&#8217;emploi. Alternativement, les utilisateurs ont \u00e9galement la possibilit\u00e9 de construire leurs propres formulaires \u00e0 partir de z\u00e9ro, permettant un contr\u00f4le et une personnalisation maximaux. En outre, des formes formidables Pro s&rsquo;int\u00e8grent de mani\u00e8re transparente \u00e0 un vaste \u00e9ventail de services tiers, permettant une collecte sans effort de paiements et une gestion efficace de la correspondance par e-mail, entre autres fonctionnalit\u00e9s essentielles. Il est important de noter que ce plugin remarquable est enti\u00e8rement r\u00e9actif et harmonieusement compatible avec WordPress, s&rsquo;\u00e9tablissant ainsi comme un outil indispensable pour les personnes cherchant \u00e0 d\u00e9velopper des formes de haute qualit\u00e9 et de qualit\u00e9 professionnelle pour leurs sites Web.<\/p>\n<ul>\n<li>Permet aux utilisateurs de cr\u00e9er des formulaires complexes et personnalis\u00e9s rapidement et facilement<\/li>\n<li>Offre des options de personnalisation de formulaire avanc\u00e9e, y compris la logique conditionnelle, les calculs et les int\u00e9grations<\/li>\n<li>Comprend un g\u00e9n\u00e9rateur de formulaire de glisser-d\u00e9poser avec une interface conviviale<\/li>\n<li>Fournit plus de 30 champs de formulaire diff\u00e9rents \u00e0 choisir, y compris les t\u00e9l\u00e9chargements de fichiers, les boutons radio et les cueilleurs de date<\/li>\n<li>Permet des formulaires de plusieurs pages avec des indicateurs de barre de progression<\/li>\n<li>Offre des notifications par e-mail personnalisables et des porte-autores des utilisateurs et des administrateurs<\/li>\n<li>S&rsquo;int\u00e8gre \u00e0 des plateformes de marketing par e-mail populaires comme MailChimp, un contact constant et Aweber<\/li>\n<li>Fournit une soumission de formulaire s\u00e9curis\u00e9 avec la protection du spam et le cryptage SSL<\/li>\n<li>Propose des mod\u00e8les pr\u00e9-construits pour aider les utilisateurs \u00e0 d\u00e9marrer rapidement leurs formulaires<\/li>\n<li>Comprend des fonctionnalit\u00e9s de rapports et d&rsquo;analyse robustes pour suivre les donn\u00e9es de soumission des formulaires et mesurer le succ\u00e8s<\/li>\n<\/ul>\n","protected":false},"excerpt":{"rendered":"<p>Formidable Forms Pro, une extension WordPress extr\u00eamement performante, est un outil pr\u00e9cieux pour la cr\u00e9ation et la gestion efficace de formulaires avanc\u00e9s sur votre site web. Gr\u00e2ce \u00e0 son \u00e9diteur intuitif par glisser-d\u00e9poser, vous pouvez facilement concevoir des formulaires complexes, dot\u00e9s de champs personnalisables, de logique conditionnelle et de nombreuses autres fonctionnalit\u00e9s. De plus, cette extension offre une multitude d&rsquo;attributs avanc\u00e9s, tels que les formulaires multipages, des options d&rsquo;\u00e9dition en front-end et un ensemble d&rsquo;outils d&rsquo;analyse et de reporting puissants. Que vous ayez besoin d&rsquo;un simple formulaire de contact ou d&rsquo;un sondage sophistiqu\u00e9, Formidable Forms Pro vous fournit toutes les ressources n\u00e9cessaires pour cr\u00e9er des formulaires professionnels et parfaitement adapt\u00e9s \u00e0 vos besoins sp\u00e9cifiques.<\/p>\n","protected":false},"featured_media":143916,"comment_status":"open","ping_status":"closed","template":"","meta":[],"product_brand":[2555],"product_cat":[1191,1181,1186],"product_tag":[1484],"class_list":{"0":"post-111391","1":"product","2":"type-product","3":"status-publish","4":"has-post-thumbnail","6":"product_brand-formidable","7":"product_cat-formes","8":"product_cat-plugins","9":"product_cat-wordpress-plugins","10":"product_tag-formidable","11":"member-discount","12":"discount-restricted","14":"first","15":"instock","16":"sale","17":"downloadable","18":"virtual","19":"sold-individually","20":"purchasable","21":"product-type-simple"},"_links":{"self":[{"href":"https:\/\/gpl-love.com\/fr\/wp-json\/wp\/v2\/product\/111391","targetHints":{"allow":["GET"]}}],"collection":[{"href":"https:\/\/gpl-love.com\/fr\/wp-json\/wp\/v2\/product"}],"about":[{"href":"https:\/\/gpl-love.com\/fr\/wp-json\/wp\/v2\/types\/product"}],"replies":[{"embeddable":true,"href":"https:\/\/gpl-love.com\/fr\/wp-json\/wp\/v2\/comments?post=111391"}],"wp:featuredmedia":[{"embeddable":true,"href":"https:\/\/gpl-love.com\/fr\/wp-json\/wp\/v2\/media\/143916"}],"wp:attachment":[{"href":"https:\/\/gpl-love.com\/fr\/wp-json\/wp\/v2\/media?parent=111391"}],"wp:term":[{"taxonomy":"product_brand","embeddable":true,"href":"https:\/\/gpl-love.com\/fr\/wp-json\/wp\/v2\/product_brand?post=111391"},{"taxonomy":"product_cat","embeddable":true,"href":"https:\/\/gpl-love.com\/fr\/wp-json\/wp\/v2\/product_cat?post=111391"},{"taxonomy":"product_tag","embeddable":true,"href":"https:\/\/gpl-love.com\/fr\/wp-json\/wp\/v2\/product_tag?post=111391"}],"curies":[{"name":"wp","href":"https:\/\/api.w.org\/{rel}","templated":true}]}}