{"id":111389,"date":"2021-03-15T00:00:00","date_gmt":"2021-03-14T23:00:00","guid":{"rendered":"http:\/\/gpl-love.com\/fr\/produit\/formidable-forms-paypal-standard\/"},"modified":"2026-03-20T23:06:32","modified_gmt":"2026-03-20T22:06:32","slug":"formidable-forms-paypal-standard","status":"publish","type":"product","link":"https:\/\/gpl-love.com\/fr\/produit\/formidable-forms-paypal-standard\/","title":{"rendered":"Formidable Forms PayPal Standard 3.09"},"content":{"rendered":"<h3>Formidable Forms PayPal Standard Traits<\/h3>\n<p>Formidables Forms PayPal Standard est une solution de paiement en ligne exceptionnelle et de pointe qui a \u00e9t\u00e9 sp\u00e9cifiquement con\u00e7ue pour les entreprises et les personnes qui poss\u00e8dent le d\u00e9sir d&rsquo;adopter le domaine d&rsquo;accepter les paiements dans la sph\u00e8re num\u00e9rique. Ce plugin impressionnant s&rsquo;amalgate harmonieusement avec la plate-forme WordPress largement c\u00e9l\u00e8bre afin de fournir aux utilisateurs une m\u00e9thode vraiment remarquable, conviviale et tr\u00e8s efficace de fabrication de gage experte et de gestion sans effort. En exploitant la puissance de la norme PayPal, les individus sont d\u00e9sormais \u00e9quip\u00e9s de la capacit\u00e9 de g\u00e9n\u00e9rer sans effort des formes hautement personnalisables qui ont la capacit\u00e9 de remplir une myriade de fins, allant de la facilitation des commandes en ligne \u00e0 accepter gracieusement les dons et m\u00eame de traiter m\u00eame les paiements de sous-marins. Ce produit exceptionnel poss\u00e8de un \u00e9ventail de fonctionnalit\u00e9s exceptionnelles, y compris un syst\u00e8me de construction de formulaires de glisser-d\u00e9poser r\u00e9volutionnaire et intuitif, un m\u00e9canisme de traitement des paiements hautement s\u00e9curis\u00e9, ainsi que des notifications instantan\u00e9es qui saluent agr\u00e9ablement l&rsquo;utilisateur apr\u00e8s la r\u00e9ussite d&rsquo;un paiement. En outre, Formidable Forms PayPal Standard propose \u00e9galement un assortiment d&rsquo;outils avanc\u00e9s de rapports et d&rsquo;analyse qui garantissent que les utilisateurs ont la capacit\u00e9 in\u00e9gal\u00e9e de surveiller et d&rsquo;\u00e9valuer m\u00e9ticuleusement les performances globales et le succ\u00e8s de leurs formulaires et paiements respectifs. En incorporant les capacit\u00e9s formidables des formidables formulaires PayPal Standard dans votre processus de paiement en ligne, vous \u00eates d\u00e9sormais en mesure de rationaliser sans effort vos op\u00e9rations et de propulser efficacement votre croissance des revenus \u00e0 des sommets in\u00e9gal\u00e9s.<\/p>\n<ul>\n<li>Int\u00e9gration avec la passerelle de paiement standard PayPal<\/li>\n<li>Exp\u00e9rience de paiement sans couture pour les clients<\/li>\n<li>Possibilit\u00e9 de configurer plusieurs options de paiement<\/li>\n<li>Processus de configuration et de configuration facile<\/li>\n<li>Options de personnalisation avanc\u00e9es pour les formulaires de paiement<\/li>\n<li>Traitement des paiements s\u00e9curis\u00e9s avec cryptage SSL<\/li>\n<li>Journalisation et suivi des transactions automatiques<\/li>\n<li>Interface conviviale pour la gestion des donn\u00e9es de paiement<\/li>\n<li>Compatible avec tous les principaux th\u00e8mes et plugins WordPress<\/li>\n<li>Support client fiable et r\u00e9actif<\/li>\n<\/ul>\n","protected":false},"excerpt":{"rendered":"<p>Formidable Forms PayPal Standard offre une int\u00e9gration fluide des paiements PayPal \u00e0 votre site WordPress utilisant Formidable Forms. Gr\u00e2ce \u00e0 cette extension, vous pouvez cr\u00e9er facilement des formulaires de paiement personnalis\u00e9s et encaisser sans effort les paiements pour vos produits, services ou dons. La flexibilit\u00e9 de cette fonctionnalit\u00e9 vous permet d&rsquo;adapter votre formulaire de paiement \u00e0 vos besoins sp\u00e9cifiques et d&rsquo;accepter efficacement les paiements r\u00e9currents, tout en garantissant la s\u00e9curit\u00e9 de vos transactions via la plateforme fiable PayPal. Cette int\u00e9gration est un atout indispensable pour toute entreprise ou organisation souhaitant optimiser ses proc\u00e9dures de paiement et am\u00e9liorer ses r\u00e9sultats financiers.<\/p>\n","protected":false},"featured_media":143915,"comment_status":"open","ping_status":"open","template":"","meta":[],"product_brand":[2555],"product_cat":[1191,1181,1186],"product_tag":[1484],"class_list":{"0":"post-111389","1":"product","2":"type-product","3":"status-publish","4":"has-post-thumbnail","6":"product_brand-formidable","7":"product_cat-formes","8":"product_cat-plugins","9":"product_cat-wordpress-plugins","10":"product_tag-formidable","11":"member-discount","12":"discount-restricted","14":"first","15":"instock","16":"sale","17":"downloadable","18":"virtual","19":"sold-individually","20":"purchasable","21":"product-type-simple"},"_links":{"self":[{"href":"https:\/\/gpl-love.com\/fr\/wp-json\/wp\/v2\/product\/111389","targetHints":{"allow":["GET"]}}],"collection":[{"href":"https:\/\/gpl-love.com\/fr\/wp-json\/wp\/v2\/product"}],"about":[{"href":"https:\/\/gpl-love.com\/fr\/wp-json\/wp\/v2\/types\/product"}],"replies":[{"embeddable":true,"href":"https:\/\/gpl-love.com\/fr\/wp-json\/wp\/v2\/comments?post=111389"}],"wp:featuredmedia":[{"embeddable":true,"href":"https:\/\/gpl-love.com\/fr\/wp-json\/wp\/v2\/media\/143915"}],"wp:attachment":[{"href":"https:\/\/gpl-love.com\/fr\/wp-json\/wp\/v2\/media?parent=111389"}],"wp:term":[{"taxonomy":"product_brand","embeddable":true,"href":"https:\/\/gpl-love.com\/fr\/wp-json\/wp\/v2\/product_brand?post=111389"},{"taxonomy":"product_cat","embeddable":true,"href":"https:\/\/gpl-love.com\/fr\/wp-json\/wp\/v2\/product_cat?post=111389"},{"taxonomy":"product_tag","embeddable":true,"href":"https:\/\/gpl-love.com\/fr\/wp-json\/wp\/v2\/product_tag?post=111389"}],"curies":[{"name":"wp","href":"https:\/\/api.w.org\/{rel}","templated":true}]}}