{"id":111387,"date":"2024-08-22T00:00:00","date_gmt":"2024-08-21T22:00:00","guid":{"rendered":"http:\/\/gpl-love.com\/fr\/produit\/formidable-forms-mailpoet-newsletters\/"},"modified":"2026-03-20T23:06:32","modified_gmt":"2026-03-20T22:06:32","slug":"formidable-forms-mailpoet-newsletters","status":"publish","type":"product","link":"https:\/\/gpl-love.com\/fr\/produit\/formidable-forms-mailpoet-newsletters\/","title":{"rendered":"Formidable Forms MailPoet Newsletters 1.04"},"content":{"rendered":"<h3>Formidable Forms MailPoet Newsletters Traits<\/h3>\n<p>Formidable Forms MailPoet Newsletters est un outil incroyablement robuste et riche en fonctionnalit\u00e9s qui offre aux utilisateurs la capacit\u00e9 de g\u00e9n\u00e9rer et de concevoir sans effort des newsletters visuellement attrayants. En int\u00e9grant de mani\u00e8re transparente deux des plugins WordPress les plus utilis\u00e9s, \u00e0 savoir des formulaires formidables et MailPoet, ce plugin offre une exp\u00e9rience utilisateur in\u00e9gal\u00e9e et harmonieuse. Avec une interface facilement navigable et intuitive, les utilisateurs ont la possibilit\u00e9 de cr\u00e9er et de personnaliser rapidement et personnaliser leurs newsletters en simple clic de souris. De plus, le plugin englobe \u00e9galement une vaste gamme de mod\u00e8les et d&rsquo;options de conception qui servent \u00e0 am\u00e9liorer l&rsquo;attrait visuel et l&rsquo;engagement des newsletters produites. En plus de ses capacit\u00e9s de conception, le plugin accorde en outre aux utilisateurs la possibilit\u00e9 de cibler efficacement les abonn\u00e9s sp\u00e9cifiques et de surveiller m\u00e9ticuleusement les performances de leurs newsletters gr\u00e2ce \u00e0 la fourniture d&rsquo;analyses compl\u00e8tes et d\u00e9taill\u00e9es. En r\u00e9sum\u00e9, le formidable plume de newsletters Forms MailPoet sert de choix exceptionnel et tr\u00e8s avantageux pour les entreprises et les individus qui aspirent \u00e0 augmenter leurs efforts de sensibilisation et \u00e0 captiver avec succ\u00e8s leur public vis\u00e9.<\/p>\n<ul>\n<li>Connectez de mani\u00e8re transparente des formulaires formidables aux newsletters de MailPoet<\/li>\n<li>Automatiser les campagnes de marketing par e-mail avec facilit\u00e9<\/li>\n<li>Cr\u00e9er des listes de diffusion cibl\u00e9es en fonction des r\u00e9ponses des utilisateurs<\/li>\n<li>Personnaliser les e-mails avec les donn\u00e9es utilisateur \u00e0 partir de formulaires formidables<\/li>\n<li>Surveiller le succ\u00e8s de la campagne par e-mail avec les analyses d\u00e9taill\u00e9es de MailPoet<\/li>\n<li>\u00c9conomisez du temps et des efforts en rationalisant l&rsquo;int\u00e9gralit\u00e9 du processus de marketing par e-mail<\/li>\n<li>Utiliser des fonctionnalit\u00e9s puissantes telles que les porte-autoresceuses et la segmentation<\/li>\n<li>G\u00e9rez facilement votre liste de diffusion dans l&rsquo;interface conviviale de MailPoet<\/li>\n<\/ul>\n","protected":false},"excerpt":{"rendered":"<p>Gr\u00e2ce \u00e0 l&rsquo;int\u00e9gration de Formidable Forms avec MailPoet Newsletters, vous pouvez fusionner facilement vos formulaires avec MailPoet et ainsi optimiser l&rsquo;efficacit\u00e9 de vos campagnes d&#8217;emailing. Cette int\u00e9gration r\u00e9volutionnaire vous permet d&rsquo;int\u00e9grer sans effort les r\u00e9ponses aux formulaires dans MailPoet, de cat\u00e9goriser et de segmenter vos abonn\u00e9s en fonction de leurs r\u00e9ponses, et ainsi de cr\u00e9er et diffuser des emails cibl\u00e9s et personnalis\u00e9s pour une interaction plus efficace avec vos abonn\u00e9s. Dites adieu aux fastidieuses collectes de donn\u00e9es manuelles et constatez un gain consid\u00e9rable d&rsquo;efficacit\u00e9 op\u00e9rationnelle gr\u00e2ce \u00e0 l&rsquo;int\u00e9gration remarquable de Formidable Forms avec MailPoet Newsletters.<\/p>\n","protected":false},"featured_media":143914,"comment_status":"open","ping_status":"open","template":"","meta":[],"product_brand":[2555],"product_cat":[1191,1181,1186],"product_tag":[1484],"class_list":{"0":"post-111387","1":"product","2":"type-product","3":"status-publish","4":"has-post-thumbnail","6":"product_brand-formidable","7":"product_cat-formes","8":"product_cat-plugins","9":"product_cat-wordpress-plugins","10":"product_tag-formidable","11":"member-discount","12":"discount-restricted","14":"first","15":"instock","16":"sale","17":"downloadable","18":"virtual","19":"sold-individually","20":"purchasable","21":"product-type-simple"},"_links":{"self":[{"href":"https:\/\/gpl-love.com\/fr\/wp-json\/wp\/v2\/product\/111387","targetHints":{"allow":["GET"]}}],"collection":[{"href":"https:\/\/gpl-love.com\/fr\/wp-json\/wp\/v2\/product"}],"about":[{"href":"https:\/\/gpl-love.com\/fr\/wp-json\/wp\/v2\/types\/product"}],"replies":[{"embeddable":true,"href":"https:\/\/gpl-love.com\/fr\/wp-json\/wp\/v2\/comments?post=111387"}],"wp:featuredmedia":[{"embeddable":true,"href":"https:\/\/gpl-love.com\/fr\/wp-json\/wp\/v2\/media\/143914"}],"wp:attachment":[{"href":"https:\/\/gpl-love.com\/fr\/wp-json\/wp\/v2\/media?parent=111387"}],"wp:term":[{"taxonomy":"product_brand","embeddable":true,"href":"https:\/\/gpl-love.com\/fr\/wp-json\/wp\/v2\/product_brand?post=111387"},{"taxonomy":"product_cat","embeddable":true,"href":"https:\/\/gpl-love.com\/fr\/wp-json\/wp\/v2\/product_cat?post=111387"},{"taxonomy":"product_tag","embeddable":true,"href":"https:\/\/gpl-love.com\/fr\/wp-json\/wp\/v2\/product_tag?post=111387"}],"curies":[{"name":"wp","href":"https:\/\/api.w.org\/{rel}","templated":true}]}}