{"id":111385,"date":"2024-11-07T00:00:00","date_gmt":"2024-11-06T23:00:00","guid":{"rendered":"http:\/\/gpl-love.com\/fr\/produit\/formidable-forms-mailchimp\/"},"modified":"2026-03-20T23:06:30","modified_gmt":"2026-03-20T22:06:30","slug":"formidable-forms-mailchimp","status":"publish","type":"product","link":"https:\/\/gpl-love.com\/fr\/produit\/formidable-forms-mailchimp\/","title":{"rendered":"Formidable Forms MailChimp 2.10"},"content":{"rendered":"<h3>Formidable Forms MailChimp Traits<\/h3>\n<p>L&rsquo;int\u00e9gration entre les formulaires formidables et MailChimp est une fonctionnalit\u00e9 tr\u00e8s robuste et efficace qui connecte de mani\u00e8re transparente vos formulaires formidables avec votre compte MailChimp. En utilisant cette int\u00e9gration, vous pouvez collecter sans effort des donn\u00e9es essentielles aupr\u00e8s des visiteurs et des abonn\u00e9s de votre site Web, en le transmettant par la suite directement \u00e0 votre liste MailChimp. Cette pr\u00e9cieuse int\u00e9gration \u00e9limine le besoin de main-d&rsquo;\u0153uvre manuelle, ce qui vous permet de gagner du temps et des efforts pr\u00e9cieux qui seraient autrement d\u00e9pens\u00e9s pour ajouter de nouveaux contacts \u00e0 votre liste. De plus, le formidable formulaire MailChimp Integration vous permet de modeler des campagnes par e-mail personnalis\u00e9es et des porte-paroles, vous permettant de maintenir une communication constante avec vos abonn\u00e9s et d&rsquo;assurer leur engagement continu. En conclusion, cette int\u00e9gration constitue un atout inestimable \u00e0 tout site Web ou blog, car il optimise et rationalise vos efforts de marketing par e-mail, favorisant finalement le d\u00e9veloppement d&rsquo;une relation plus forte et plus significative avec votre public.<\/p>\n<ul>\n<li>Une puissante int\u00e9gration entre deux plateformes populaires<\/li>\n<li>Int\u00e9gration transparente avec votre compte MailChimp<\/li>\n<li>Capturez facilement les prospects et les informations clients \u00e0 l&rsquo;aide de formulaires personnalis\u00e9s cr\u00e9\u00e9s avec des formulaires formidables<\/li>\n<li>Automatisez facilement vos campagnes de marketing par e-mail<\/li>\n<li>Segmenter sans effort votre liste de diffusion pour le marketing cibl\u00e9<\/li>\n<li>Gagnez du temps et am\u00e9liorez l&rsquo;efficacit\u00e9 avec les workflows automatis\u00e9s<\/li>\n<li>Suivi complet et rapport pour des informations pr\u00e9cieuses sur les performances de la campagne de messagerie<\/li>\n<li>Gardez votre liste de diffusion \u00e0 jour avec la gestion automatique de la liste des e-mails<\/li>\n<li>Alimenter les taux de conversion avec des campagnes de marketing par e-mail efficaces<\/li>\n<li>Personnalisez vos efforts de marketing en s&rsquo;adressant aux clients par leur nom et \u00e0 d&rsquo;autres d\u00e9tails personnels.<\/li>\n<\/ul>\n","protected":false},"excerpt":{"rendered":"<p>L&rsquo;int\u00e9gration de Formidable Forms \u00e0 MailChimp offre une opportunit\u00e9 exceptionnelle de collecter et de synchroniser facilement les soumissions de formulaires directement avec votre liste de diffusion MailChimp. Gr\u00e2ce \u00e0 cette int\u00e9gration fluide, vous pouvez optimiser vos campagnes d&#8217;emailing, augmenter vos chances d&rsquo;obtenir de meilleurs taux de conversion et d\u00e9velopper votre client\u00e8le de mani\u00e8re professionnelle. De plus, les fonctionnalit\u00e9s avanc\u00e9es et les options de personnalisation facilitent la collecte et la segmentation des donn\u00e9es clients, permettant ainsi l&rsquo;envoi d&#8217;emails cibl\u00e9s et personnalis\u00e9s qui stimulent l&rsquo;engagement et, au final, augmentent le retour sur investissement. Fort de ces avantages, nous vous recommandons vivement d&rsquo;adopter cette solution d\u00e8s aujourd&rsquo;hui et d&rsquo;optimiser vos campagnes d&#8217;emailing gr\u00e2ce \u00e0 l&rsquo;int\u00e9gration performante de Formidable Forms et MailChimp.<\/p>\n","protected":false},"featured_media":143913,"comment_status":"open","ping_status":"open","template":"","meta":[],"product_brand":[2555],"product_cat":[1191,1181,1186],"product_tag":[1484],"class_list":{"0":"post-111385","1":"product","2":"type-product","3":"status-publish","4":"has-post-thumbnail","6":"product_brand-formidable","7":"product_cat-formes","8":"product_cat-plugins","9":"product_cat-wordpress-plugins","10":"product_tag-formidable","11":"member-discount","12":"discount-restricted","14":"first","15":"instock","16":"sale","17":"downloadable","18":"virtual","19":"sold-individually","20":"purchasable","21":"product-type-simple"},"_links":{"self":[{"href":"https:\/\/gpl-love.com\/fr\/wp-json\/wp\/v2\/product\/111385","targetHints":{"allow":["GET"]}}],"collection":[{"href":"https:\/\/gpl-love.com\/fr\/wp-json\/wp\/v2\/product"}],"about":[{"href":"https:\/\/gpl-love.com\/fr\/wp-json\/wp\/v2\/types\/product"}],"replies":[{"embeddable":true,"href":"https:\/\/gpl-love.com\/fr\/wp-json\/wp\/v2\/comments?post=111385"}],"wp:featuredmedia":[{"embeddable":true,"href":"https:\/\/gpl-love.com\/fr\/wp-json\/wp\/v2\/media\/143913"}],"wp:attachment":[{"href":"https:\/\/gpl-love.com\/fr\/wp-json\/wp\/v2\/media?parent=111385"}],"wp:term":[{"taxonomy":"product_brand","embeddable":true,"href":"https:\/\/gpl-love.com\/fr\/wp-json\/wp\/v2\/product_brand?post=111385"},{"taxonomy":"product_cat","embeddable":true,"href":"https:\/\/gpl-love.com\/fr\/wp-json\/wp\/v2\/product_cat?post=111385"},{"taxonomy":"product_tag","embeddable":true,"href":"https:\/\/gpl-love.com\/fr\/wp-json\/wp\/v2\/product_tag?post=111385"}],"curies":[{"name":"wp","href":"https:\/\/api.w.org\/{rel}","templated":true}]}}