{"id":111383,"date":"2024-06-12T00:00:00","date_gmt":"2024-06-11T22:00:00","guid":{"rendered":"http:\/\/gpl-love.com\/fr\/produit\/formidable-forms-highrise-crm\/"},"modified":"2026-04-24T12:30:29","modified_gmt":"2026-04-24T10:30:29","slug":"formidable-forms-highrise-crm","status":"publish","type":"product","link":"https:\/\/gpl-love.com\/fr\/produit\/formidable-forms-highrise-crm\/","title":{"rendered":"Formidable Forms Highrise CRM 1.06"},"content":{"rendered":"<h3>Formidable Forms Highrise CRM Traits<\/h3>\n<p>Formidables Forms Highrise CRM est un outil extraordinaire et hautement louable qui offre une assistance in\u00e9gal\u00e9e aux entreprises dans la gestion transparente de leurs relations avec les clients. En recourant \u00e0 ce logiciel avanc\u00e9, les entreprises peuvent concevoir sans effort des formes personnalis\u00e9es qui s&rsquo;int\u00e8grent de mani\u00e8re transparente \u00e0 leur compte CRM Highrise, leur permettant ainsi de rassembler sans effort des donn\u00e9es client cruciales et de rationaliser leurs processus de gestion \u00e0 des niveaux optimaux. Cet outil est une aubaine absolue pour les entreprises de chaque ampleur, qu&rsquo;ils soient des startups embryonnaires ou des soci\u00e9t\u00e9s gigantesques. En se pr\u00e9voyant de cette ressource inestimable, les entrepreneurs peuvent augmenter tangiblement leur exp\u00e9rience client et am\u00e9liorer consid\u00e9rablement leur productivit\u00e9 globale en automatisant leur flux de travail et en atteignant des informations sup\u00e9rieures sur leur client\u00e8le. Il va sans dire que gr\u00e2ce \u00e0 l&rsquo;utilisation de formes formidables Highrise CRM, les processus de gestion des clients d&rsquo;une entreprise donn\u00e9e peuvent \u00eatre compl\u00e8tement et compl\u00e8tement transform\u00e9s, ce qui les rend beaucoup plus rationalis\u00e9s, efficaces et efficaces que jamais.<\/p>\n<ul>\n<li>Int\u00e9gration transparente avec Highrise CRM<\/li>\n<li>Cr\u00e9er des formulaires personnalis\u00e9s pour Highrise CRM<\/li>\n<li>Capture les fils, les contacts et les informations de l&rsquo;entreprise \u00e0 partir des formulaires directement dans Highrise CRM<\/li>\n<li>Utiliser la logique conditionnelle pour cr\u00e9er des formulaires intelligents qui affichent ou masquent des questions en fonction des r\u00e9ponses des utilisateurs<\/li>\n<li>Formateur de formulaire de glisser-d\u00e9poser par des utilisateurs pour une personnalisation facile<\/li>\n<li>Formulaires sensibles aux mobiles pour une exp\u00e9rience utilisateur optimale sur n&rsquo;importe quel appareil<\/li>\n<li>Formulaires de plusieurs pages avec barre de progression pour emp\u00eacher l&rsquo;abandon de la forme<\/li>\n<li>Types de champ avanc\u00e9s tels que les t\u00e9l\u00e9chargements de fichiers et les pads de signature<\/li>\n<li>Notifications de soumission de formulaire et messages de confirmation personnalisables pour renforcer la notori\u00e9t\u00e9 de la marque<\/li>\n<li>Activer les notifications en temps r\u00e9el pour les soumissions de formulaires pour am\u00e9liorer le temps de r\u00e9ponse<\/li>\n<li>Option pour ajouter des soumissions de formulaires \u00e0 des \u00e9tapes de pipeline sp\u00e9cifiques dans un CRM Highrise pour un suivi de plomb efficace<\/li>\n<li>Les fonctionnalit\u00e9s de gain de temps incluent le remplissage automatique, les champs requis et les champs pr\u00e9-suppl\u00e9s<\/li>\n<li>Formulaires hautement s\u00e9curis\u00e9s avec des options pour la protection des spams, le cryptage SSL et le captcha<\/li>\n<li>Support client 24\/7 et base de connaissances disponibles pour l&rsquo;aide.<\/li>\n<\/ul>\n","protected":false},"excerpt":{"rendered":"<p>Donnez un nouvel \u00e9lan \u00e0 votre entreprise d\u00e8s aujourd&rsquo;hui gr\u00e2ce \u00e0 l&rsquo;efficacit\u00e9 in\u00e9gal\u00e9e de Formidable Forms Highrise CRM. Dot\u00e9 de fonctionnalit\u00e9s robustes, cet outil remarquable vous permet de g\u00e9rer et de fid\u00e9liser facilement vos clients, d&rsquo;optimiser vos processus op\u00e9rationnels et de d\u00e9velopper des canaux de communication performants avec votre pr\u00e9cieuse client\u00e8le. Int\u00e9grer cette solution dynamique \u00e0 vos op\u00e9rations commerciales n&rsquo;a jamais \u00e9t\u00e9 aussi simple, vous permettant ainsi d&rsquo;accro\u00eetre votre productivit\u00e9 et de stimuler votre chiffre d&rsquo;affaires comme jamais auparavant. Ne manquez pas cette opportunit\u00e9 unique\u00a0: exploitez pleinement le potentiel de Formidable Forms Highrise CRM d\u00e8s maintenant.<\/p>\n","protected":false},"featured_media":143912,"comment_status":"open","ping_status":"open","template":"","meta":[],"product_brand":[2555],"product_cat":[1191,1181,1186],"product_tag":[1484],"class_list":{"0":"post-111383","1":"product","2":"type-product","3":"status-publish","4":"has-post-thumbnail","6":"product_brand-formidable","7":"product_cat-formes","8":"product_cat-plugins","9":"product_cat-wordpress-plugins","10":"product_tag-formidable","11":"member-discount","12":"discount-restricted","14":"first","15":"instock","16":"sale","17":"downloadable","18":"virtual","19":"sold-individually","20":"purchasable","21":"product-type-simple"},"_links":{"self":[{"href":"https:\/\/gpl-love.com\/fr\/wp-json\/wp\/v2\/product\/111383","targetHints":{"allow":["GET"]}}],"collection":[{"href":"https:\/\/gpl-love.com\/fr\/wp-json\/wp\/v2\/product"}],"about":[{"href":"https:\/\/gpl-love.com\/fr\/wp-json\/wp\/v2\/types\/product"}],"replies":[{"embeddable":true,"href":"https:\/\/gpl-love.com\/fr\/wp-json\/wp\/v2\/comments?post=111383"}],"wp:featuredmedia":[{"embeddable":true,"href":"https:\/\/gpl-love.com\/fr\/wp-json\/wp\/v2\/media\/143912"}],"wp:attachment":[{"href":"https:\/\/gpl-love.com\/fr\/wp-json\/wp\/v2\/media?parent=111383"}],"wp:term":[{"taxonomy":"product_brand","embeddable":true,"href":"https:\/\/gpl-love.com\/fr\/wp-json\/wp\/v2\/product_brand?post=111383"},{"taxonomy":"product_cat","embeddable":true,"href":"https:\/\/gpl-love.com\/fr\/wp-json\/wp\/v2\/product_cat?post=111383"},{"taxonomy":"product_tag","embeddable":true,"href":"https:\/\/gpl-love.com\/fr\/wp-json\/wp\/v2\/product_tag?post=111383"}],"curies":[{"name":"wp","href":"https:\/\/api.w.org\/{rel}","templated":true}]}}