{"id":111381,"date":"2025-08-15T00:00:00","date_gmt":"2025-08-14T22:00:00","guid":{"rendered":"http:\/\/gpl-love.com\/fr\/produit\/formidable-forms-getresponse\/"},"modified":"2026-03-20T23:06:28","modified_gmt":"2026-03-20T22:06:28","slug":"formidable-forms-getresponse","status":"publish","type":"product","link":"https:\/\/gpl-love.com\/fr\/produit\/formidable-forms-getresponse\/","title":{"rendered":"Formidable Forms GetResponse 1.07"},"content":{"rendered":"<h3>Formidable Forms GetResponse Traits<\/h3>\n<p>Formidables Forms GetResponse est un instrument tr\u00e8s puissant que les entreprises peuvent utiliser pour rationaliser leurs efforts de collecte de donn\u00e9es et de marketing par e-mail. Ce plugin r\u00e9volutionnaire offre aux utilisateurs la commodit\u00e9 de concevoir sans effort des formulaires de contact personnalis\u00e9s, des enqu\u00eates et des sondages, qui peuvent tous s&rsquo;int\u00e9grer de mani\u00e8re transparente \u00e0 leur compte GetResponse. En utilisant des formulaires formidables GetResponse, les entreprises peuvent accumuler sans effort des informations client cruciales, les exploiter pour organiser des campagnes de messagerie cibl\u00e9es et g\u00e9n\u00e9rer par la suite des taux de conversion plus \u00e9lev\u00e9s et augmenter les ventes. Que votre objectif soit d&rsquo;augmenter vos abonn\u00e9s de newsletter, de solliciter des commentaires pr\u00e9cieux de votre client\u00e8le ou d&rsquo;am\u00e9liorer vos initiatives de marketing globales, des formulaires formidables GetResponse servent de solution id\u00e9ale. Par cons\u00e9quent, pourquoi tergiverser davantage? Commencez votre utilisation de formes formidables GetResponse aujourd&rsquo;hui et \u00e9levez votre jeu de marketing par e-mail \u00e0 des hauteurs sans pr\u00e9c\u00e9dent!<\/p>\n<ul>\n<li>Int\u00e8gre de mani\u00e8re transparente des formulaires formidables avec getResponse<\/li>\n<li>Ajoutez automatiquement des soumissions de formulaires \u00e0 vos listes GetResponse<\/li>\n<li>Cibler des segments sp\u00e9cifiques \u00e0 l&rsquo;aide de champs et de balises personnalis\u00e9es<\/li>\n<li>Cr\u00e9er des campagnes par e-mail personnalis\u00e9es en fonction des r\u00e9ponses au formulaire<\/li>\n<li>Augmenter les taux de conversion en suivant rapidement les pistes<\/li>\n<li>Rationalisez votre automatisation marketing en utilisant un outil pour les formulaires et le marketing par e-mail<\/li>\n<li>Aucune connaissance de codage ou technique requise pour configurer l&rsquo;int\u00e9gration<\/li>\n<li>Support 24\/7 disponible pour toutes les questions ou probl\u00e8mes que vous pouvez rencontrer.<\/li>\n<\/ul>\n","protected":false},"excerpt":{"rendered":"<p>L&rsquo;int\u00e9gration entre Formidable Forms et GetResponse est une solution performante et fiable pour optimiser la g\u00e9n\u00e9ration de leads. Ce plugin puissant, gr\u00e2ce \u00e0 l&rsquo;int\u00e9gration fluide de ces deux plateformes, permet de g\u00e9n\u00e9rer automatiquement des listes d&#8217;emails et de lancer des campagnes cibl\u00e9es en fonction des actions des utilisateurs. Son interface intuitive de type \u00ab glisser-d\u00e9poser \u00bb et sa gamme compl\u00e8te de fonctionnalit\u00e9s en font une solution id\u00e9ale pour les entreprises de toutes tailles, leur permettant d&rsquo;am\u00e9liorer leurs campagnes d&#8217;emailing. Alors n&rsquo;attendez plus\u00a0! Exploitez d\u00e8s maintenant tout le potentiel de Formidable Forms et GetResponse\u00a0!<\/p>\n","protected":false},"featured_media":143911,"comment_status":"open","ping_status":"open","template":"","meta":[],"product_brand":[2555],"product_cat":[1191,1181,1186],"product_tag":[1484],"class_list":{"0":"post-111381","1":"product","2":"type-product","3":"status-publish","4":"has-post-thumbnail","6":"product_brand-formidable","7":"product_cat-formes","8":"product_cat-plugins","9":"product_cat-wordpress-plugins","10":"product_tag-formidable","11":"member-discount","12":"discount-restricted","14":"first","15":"instock","16":"sale","17":"downloadable","18":"virtual","19":"sold-individually","20":"purchasable","21":"product-type-simple"},"_links":{"self":[{"href":"https:\/\/gpl-love.com\/fr\/wp-json\/wp\/v2\/product\/111381","targetHints":{"allow":["GET"]}}],"collection":[{"href":"https:\/\/gpl-love.com\/fr\/wp-json\/wp\/v2\/product"}],"about":[{"href":"https:\/\/gpl-love.com\/fr\/wp-json\/wp\/v2\/types\/product"}],"replies":[{"embeddable":true,"href":"https:\/\/gpl-love.com\/fr\/wp-json\/wp\/v2\/comments?post=111381"}],"wp:featuredmedia":[{"embeddable":true,"href":"https:\/\/gpl-love.com\/fr\/wp-json\/wp\/v2\/media\/143911"}],"wp:attachment":[{"href":"https:\/\/gpl-love.com\/fr\/wp-json\/wp\/v2\/media?parent=111381"}],"wp:term":[{"taxonomy":"product_brand","embeddable":true,"href":"https:\/\/gpl-love.com\/fr\/wp-json\/wp\/v2\/product_brand?post=111381"},{"taxonomy":"product_cat","embeddable":true,"href":"https:\/\/gpl-love.com\/fr\/wp-json\/wp\/v2\/product_cat?post=111381"},{"taxonomy":"product_tag","embeddable":true,"href":"https:\/\/gpl-love.com\/fr\/wp-json\/wp\/v2\/product_tag?post=111381"}],"curies":[{"name":"wp","href":"https:\/\/api.w.org\/{rel}","templated":true}]}}