{"id":111379,"date":"2025-09-13T00:00:00","date_gmt":"2025-09-12T22:00:00","guid":{"rendered":"http:\/\/gpl-love.com\/fr\/produit\/formidable-forms-digital-signature\/"},"modified":"2026-03-20T23:06:27","modified_gmt":"2026-03-20T22:06:27","slug":"formidable-forms-digital-signature","status":"publish","type":"product","link":"https:\/\/gpl-love.com\/fr\/produit\/formidable-forms-digital-signature\/","title":{"rendered":"Formidable Forms Digital Signature 3.0.6"},"content":{"rendered":"<h3>Formidable Forms Digital Signature Traits<\/h3>\n<p>Formidables Forms Digital Signature pr\u00e9sente un instrument extr\u00eamement puissant, offrant aux utilisateurs la capacit\u00e9 d&rsquo;obtenir des signatures \u00e9lectroniques directement \u00e0 partir de leurs formulaires. Ce plugin exceptionnel permet aux entreprises et aux organisations de g\u00e9n\u00e9rer sans effort des formulaires n\u00e9cessitant des signatures de leurs pr\u00e9cieux clients, clients ou employ\u00e9s. Ces signatures num\u00e9riques offrent \u00e0 la fois la contrainte l\u00e9gale et la plus grande s\u00e9curit\u00e9, \u00e9tablissant un moyen fiable et rapide de superviser les accords et les contrats. En outre, ce plugin s&rsquo;int\u00e8gre de mani\u00e8re transparente aux outils de marketing par e-mail renomm\u00e9s, aux syst\u00e8mes de gestion de la relation client (CRM) et aux passerelles de paiement, simplifiant ainsi l&rsquo;automatisation des flux de travail et les processus de rationalisation. En adoptant des formes formidables Signature num\u00e9rique, les utilisateurs peuvent optimiser leur utilisation du temps, minimiser les erreurs et \u00e9lever l&rsquo;exp\u00e9rience client globale \u00e0 des hauteurs sans pr\u00e9c\u00e9dent.<\/p>\n<ul>\n<li>Permet aux utilisateurs d&rsquo;ajouter facilement des signatures num\u00e9riques \u00e0 leurs formes formidables<\/li>\n<li>Am\u00e9liore la s\u00e9curit\u00e9 et l&rsquo;authenticit\u00e9 des soumissions de formulaires<\/li>\n<li>Fournit un moyen simple et rationalis\u00e9 pour les utilisateurs de signer des formulaires num\u00e9riquement<\/li>\n<li>Offre des options personnalisables pour le formatage de signature et le placement sur les formulaires<\/li>\n<li>Compatible avec une large gamme d&rsquo;appareils et de navigateurs<\/li>\n<li>Peut \u00eatre int\u00e9gr\u00e9 aux flux de travail et syst\u00e8mes existants<\/li>\n<li>Gave le temps et r\u00e9duit le besoin de collecte et de traitement manuels de signature<\/li>\n<li>Peut \u00eatre utilis\u00e9 \u00e0 diverses fins telles que des contrats, des d\u00e9rogations, des applications, et plus<\/li>\n<\/ul>\n","protected":false},"excerpt":{"rendered":"<p>D\u00e9couvrez Formidable Forms Digital Signature, une solution de pointe et pl\u00e9biscit\u00e9e, con\u00e7ue pour recueillir efficacement des signatures num\u00e9riques irr\u00e9prochables sur tous vos documents importants. Gr\u00e2ce \u00e0 son int\u00e9gration fluide \u00e0 votre environnement Formidable Forms existant, l&rsquo;obtention de signatures authentiques de vos clients, partenaires et collaborateurs est d\u00e9sormais simplifi\u00e9e et rapide, sans compromis sur la s\u00e9curit\u00e9. Dites adieu aux t\u00e2ches fastidieuses d&rsquo;impression, de num\u00e9risation et de stockage de formulaires papier et entrez dans une \u00e8re d&rsquo;efficacit\u00e9 et de fiabilit\u00e9 in\u00e9gal\u00e9es gr\u00e2ce \u00e0 la remarquable solution Formidable Forms Digital Signature. N&rsquo;attendez plus et lancez-vous d\u00e8s aujourd&rsquo;hui dans cette transformation pour optimiser votre flux de travail documentaire et atteindre l&rsquo;excellence\u00a0!<\/p>\n","protected":false},"featured_media":143909,"comment_status":"open","ping_status":"open","template":"","meta":[],"product_brand":[2555],"product_cat":[1191,1181,1186],"product_tag":[1484],"class_list":{"0":"post-111379","1":"product","2":"type-product","3":"status-publish","4":"has-post-thumbnail","6":"product_brand-formidable","7":"product_cat-formes","8":"product_cat-plugins","9":"product_cat-wordpress-plugins","10":"product_tag-formidable","11":"member-discount","12":"discount-restricted","14":"first","15":"instock","16":"sale","17":"downloadable","18":"virtual","19":"sold-individually","20":"purchasable","21":"product-type-simple"},"_links":{"self":[{"href":"https:\/\/gpl-love.com\/fr\/wp-json\/wp\/v2\/product\/111379","targetHints":{"allow":["GET"]}}],"collection":[{"href":"https:\/\/gpl-love.com\/fr\/wp-json\/wp\/v2\/product"}],"about":[{"href":"https:\/\/gpl-love.com\/fr\/wp-json\/wp\/v2\/types\/product"}],"replies":[{"embeddable":true,"href":"https:\/\/gpl-love.com\/fr\/wp-json\/wp\/v2\/comments?post=111379"}],"wp:featuredmedia":[{"embeddable":true,"href":"https:\/\/gpl-love.com\/fr\/wp-json\/wp\/v2\/media\/143909"}],"wp:attachment":[{"href":"https:\/\/gpl-love.com\/fr\/wp-json\/wp\/v2\/media?parent=111379"}],"wp:term":[{"taxonomy":"product_brand","embeddable":true,"href":"https:\/\/gpl-love.com\/fr\/wp-json\/wp\/v2\/product_brand?post=111379"},{"taxonomy":"product_cat","embeddable":true,"href":"https:\/\/gpl-love.com\/fr\/wp-json\/wp\/v2\/product_cat?post=111379"},{"taxonomy":"product_tag","embeddable":true,"href":"https:\/\/gpl-love.com\/fr\/wp-json\/wp\/v2\/product_tag?post=111379"}],"curies":[{"name":"wp","href":"https:\/\/api.w.org\/{rel}","templated":true}]}}