{"id":111377,"date":"2025-09-13T00:00:00","date_gmt":"2025-09-12T22:00:00","guid":{"rendered":"http:\/\/gpl-love.com\/fr\/produit\/formidable-forms-datepicker-options\/"},"modified":"2026-03-20T23:06:26","modified_gmt":"2026-03-20T22:06:26","slug":"formidable-forms-datepicker-options","status":"publish","type":"product","link":"https:\/\/gpl-love.com\/fr\/produit\/formidable-forms-datepicker-options\/","title":{"rendered":"Formidable Forms Datepicker Options 3.0"},"content":{"rendered":"<h3>Formidable Forms Datepicker Options Traits<\/h3>\n<p>Le formidable Forms DatePicker Options compl\u00e9ment est un outil exceptionnellement robuste qui am\u00e9liore consid\u00e9rablement l&rsquo;exp\u00e9rience de cr\u00e9ation de formulaires gr\u00e2ce \u00e0 la fourniture d&rsquo;un large \u00e9ventail d&rsquo;options DatePicker, offrant ainsi aux utilisateurs une vaste gamme de choix. Avec l&rsquo;aide de ce compl\u00e9ment remarquable, on est en mesure d&rsquo;incorporer de mani\u00e8re transparente les champs de date dans leurs formes, tout en ayant la capacit\u00e9 d&rsquo;adapter le format, la gamme et la langue de la date en fonction de leurs exigences sp\u00e9cifiques. De plus, ce module compl\u00e9mentaire facilite \u00e9galement l&rsquo;inclusion d&rsquo;une fonctionnalit\u00e9 de s\u00e9lecteur de temps, permettant ainsi la collecte de donn\u00e9es de temps en conjonction avec les informations de date. Notamment, les formidables formulaires DatePicker Options compl\u00e9ment sont enti\u00e8rement compatibles avec tous les champs de formulaires formidables, garantissant ainsi l&rsquo;int\u00e9gration sans effort dans les formulaires existants. Avec son interface conviviale et ses fonctionnalit\u00e9s tr\u00e8s intuitives, ce module compl\u00e9mentaire sert \u00e0 rationaliser le processus de collecte des informations de date et d&rsquo;heure des utilisateurs, ce qui le rend un outil inestimable.<\/p>\n<ul>\n<li>Options de datepicker faciles \u00e0 utiliser et personnalisables pour des formulaires formidables<\/li>\n<li>Permet aux utilisateurs de s\u00e9lectionner des dates allant de nos jours \u00e0 plusieurs ann\u00e9es dans le futur<\/li>\n<li>Options de format de date multiple, y compris le mois \/ jour \/ an, le jour \/ mois \/ an, et l&rsquo;ann\u00e9e \/ mois \/ jour<\/li>\n<li>Comprend un timepicker pour une fonctionnalit\u00e9 suppl\u00e9mentaire<\/li>\n<li>Permet aux utilisateurs de naviguer facilement entre des mois et des ann\u00e9es<\/li>\n<li>Capacit\u00e9 \u00e0 d\u00e9sactiver les dates sp\u00e9cifiques ou les gammes de dates<\/li>\n<li>Option pour restreindre les s\u00e9lections en semaine ou week-end<\/li>\n<li>Int\u00e9gre parfaitement avec des formulaires formidables, sans codage requis<\/li>\n<li>Mises \u00e0 jour r\u00e9guli\u00e8res et support client fourni.<\/li>\n<\/ul>\n","protected":false},"excerpt":{"rendered":"<p>Formidable Forms Datepicker Options est une extension incroyablement robuste et adaptable qui permet aux utilisateurs de personnaliser avec pr\u00e9cision le s\u00e9lecteur de dates de leurs formulaires WordPress. Offrant une multitude d&rsquo;options de s\u00e9lection de dates, telles que des menus d\u00e9roulants, des fen\u00eatres contextuelles et des calendriers int\u00e9gr\u00e9s, cette extension exceptionnelle permet de cr\u00e9er facilement des formulaires parfaitement adapt\u00e9s aux besoins sp\u00e9cifiques de chaque entreprise. De plus, gr\u00e2ce \u00e0 son design intuitif et son interface remarquablement conviviale, Formidable Forms Datepicker Options est la solution id\u00e9ale pour simplifier la cr\u00e9ation de formulaires et am\u00e9liorer consid\u00e9rablement l&rsquo;exp\u00e9rience utilisateur de vos clients.<\/p>\n","protected":false},"featured_media":143908,"comment_status":"open","ping_status":"open","template":"","meta":[],"product_brand":[2555],"product_cat":[1191,1181,1186],"product_tag":[1484],"class_list":{"0":"post-111377","1":"product","2":"type-product","3":"status-publish","4":"has-post-thumbnail","6":"product_brand-formidable","7":"product_cat-formes","8":"product_cat-plugins","9":"product_cat-wordpress-plugins","10":"product_tag-formidable","11":"member-discount","12":"discount-restricted","14":"first","15":"instock","16":"sale","17":"downloadable","18":"virtual","19":"sold-individually","20":"purchasable","21":"product-type-simple"},"_links":{"self":[{"href":"https:\/\/gpl-love.com\/fr\/wp-json\/wp\/v2\/product\/111377","targetHints":{"allow":["GET"]}}],"collection":[{"href":"https:\/\/gpl-love.com\/fr\/wp-json\/wp\/v2\/product"}],"about":[{"href":"https:\/\/gpl-love.com\/fr\/wp-json\/wp\/v2\/types\/product"}],"replies":[{"embeddable":true,"href":"https:\/\/gpl-love.com\/fr\/wp-json\/wp\/v2\/comments?post=111377"}],"wp:featuredmedia":[{"embeddable":true,"href":"https:\/\/gpl-love.com\/fr\/wp-json\/wp\/v2\/media\/143908"}],"wp:attachment":[{"href":"https:\/\/gpl-love.com\/fr\/wp-json\/wp\/v2\/media?parent=111377"}],"wp:term":[{"taxonomy":"product_brand","embeddable":true,"href":"https:\/\/gpl-love.com\/fr\/wp-json\/wp\/v2\/product_brand?post=111377"},{"taxonomy":"product_cat","embeddable":true,"href":"https:\/\/gpl-love.com\/fr\/wp-json\/wp\/v2\/product_cat?post=111377"},{"taxonomy":"product_tag","embeddable":true,"href":"https:\/\/gpl-love.com\/fr\/wp-json\/wp\/v2\/product_tag?post=111377"}],"curies":[{"name":"wp","href":"https:\/\/api.w.org\/{rel}","templated":true}]}}