{"id":111375,"date":"2024-06-12T00:00:00","date_gmt":"2024-06-11T22:00:00","guid":{"rendered":"http:\/\/gpl-love.com\/fr\/produit\/formidable-forms-constant-contact\/"},"modified":"2026-03-20T23:06:25","modified_gmt":"2026-03-20T22:06:25","slug":"formidable-forms-constant-contact","status":"publish","type":"product","link":"https:\/\/gpl-love.com\/fr\/produit\/formidable-forms-constant-contact\/","title":{"rendered":"Formidable Forms Constant Contact 1.07"},"content":{"rendered":"<h3>Formidable Forms Constant Contact Traits<\/h3>\n<p>Formes formidables Le contact constant est un outil incroyablement robuste et extr\u00eamement pr\u00e9cieux qui offre l&rsquo;int\u00e9gration transparente de vos formes formidables WordPress avec la plate-forme de contact constante tr\u00e8s populaire et largement utilis\u00e9e. Gr\u00e2ce \u00e0 cette int\u00e9gration exceptionnelle, vous b\u00e9n\u00e9ficiez de la commodit\u00e9 et de l&rsquo;efficacit\u00e9 incroyables d&rsquo;incorporer automatiquement de nouveaux abonn\u00e9s directement dans votre liste de diffusion, \u00e9liminant ainsi le besoin de saisie manuelle. De plus, ce plugin exceptionnel vous permet de g\u00e9n\u00e9rer sans effort des champs personnalis\u00e9s qui s&rsquo;alignent parfaitement avec les exigences uniques de vos formulaires, vous permettant de capturer et d&rsquo;organiser des donn\u00e9es d&rsquo;une mani\u00e8re parfaitement adapt\u00e9e \u00e0 vos besoins sp\u00e9cifiques. De plus, cette int\u00e9gration remarquable facilite la segmentation sans effort de votre public en fonction des id\u00e9es et des informations pr\u00e9cieuses glan\u00e9es de vos formulaires, garantissant ainsi une approche plus cibl\u00e9e et personnalis\u00e9e de la communication. L&rsquo;immense puissance et la polyvalence des formes formidables constantes r\u00e9volutionnent vraiment vos campagnes de marketing par e-mail, vous donnant une orientation d&rsquo;une avenue sans tracas et rationalis\u00e9e \u00e0 travers laquelle vous pouvez am\u00e9liorer votre communication globale avec votre public. En tirant parti de cet outil exceptionnel, vous ouvrez les portes \u00e0 des \u00e9conomies de temps et d&rsquo;efforts importantes, tout en permettant simultan\u00e9ment la cr\u00e9ation de campagnes de marketing plus engageantes, plus percutantes et personnalis\u00e9es individuellement.<\/p>\n<ul>\n<li>Int\u00e9gration transparente entre vos formes formidables et les comptes de contact constants<\/li>\n<li>Ajoutez automatiquement de nouvelles entr\u00e9es de formulaire \u00e0 vos listes de e-mail de contact constant<\/li>\n<li>Personnalisez les champs de formulaire MAP \u00e0 quels champs de contact constants<\/li>\n<li>La synchronisation unidirectionnelle garantit que toutes les donn\u00e9es de contact constantes sont tenues \u00e0 jour avec vos entr\u00e9es de formulaire<\/li>\n<li>Modifier ou supprimer facilement les contacts de contact constant \u00e0 l&rsquo;int\u00e9rieur des formulaires formidables<\/li>\n<li>Gagnez du temps et rationalisez vos efforts de marketing en capturant automatiquement les pistes dans vos campagnes de marketing par e-mail avec des formulaires formidables int\u00e9gration de contact constant.<\/li>\n<\/ul>\n","protected":false},"excerpt":{"rendered":"<p>L&rsquo;int\u00e9gration de Formidable Forms \u00e0 Constant Contact est une solution id\u00e9ale pour les entrepreneurs souhaitant optimiser leurs campagnes d&#8217;emailing. Gr\u00e2ce \u00e0 la connexion fluide de votre compte Formidable Forms \u00e0 vos listes de diffusion Constant Contact, vous pourrez acqu\u00e9rir facilement de nouveaux prospects et envoyer des emails personnalis\u00e9s \u00e0 vos abonn\u00e9s. Avec un ensemble de fonctionnalit\u00e9s, dont la synchronisation automatique des listes et les notifications email en temps r\u00e9el, cette int\u00e9gration vous lib\u00e8re des t\u00e2ches fastidieuses li\u00e9es \u00e0 la gestion de vos campagnes emailing, vous permettant ainsi de vous concentrer sur le d\u00e9veloppement de votre entreprise. Lancez-vous d\u00e8s aujourd&rsquo;hui et d\u00e9couvrez la simplicit\u00e9 d&rsquo;envoi d&#8217;emails\u00a0!<\/p>\n","protected":false},"featured_media":143907,"comment_status":"open","ping_status":"open","template":"","meta":[],"product_brand":[2555],"product_cat":[1191,1181,1186],"product_tag":[1484],"class_list":{"0":"post-111375","1":"product","2":"type-product","3":"status-publish","4":"has-post-thumbnail","6":"product_brand-formidable","7":"product_cat-formes","8":"product_cat-plugins","9":"product_cat-wordpress-plugins","10":"product_tag-formidable","11":"member-discount","12":"discount-restricted","14":"first","15":"instock","16":"sale","17":"downloadable","18":"virtual","19":"sold-individually","20":"purchasable","21":"product-type-simple"},"_links":{"self":[{"href":"https:\/\/gpl-love.com\/fr\/wp-json\/wp\/v2\/product\/111375","targetHints":{"allow":["GET"]}}],"collection":[{"href":"https:\/\/gpl-love.com\/fr\/wp-json\/wp\/v2\/product"}],"about":[{"href":"https:\/\/gpl-love.com\/fr\/wp-json\/wp\/v2\/types\/product"}],"replies":[{"embeddable":true,"href":"https:\/\/gpl-love.com\/fr\/wp-json\/wp\/v2\/comments?post=111375"}],"wp:featuredmedia":[{"embeddable":true,"href":"https:\/\/gpl-love.com\/fr\/wp-json\/wp\/v2\/media\/143907"}],"wp:attachment":[{"href":"https:\/\/gpl-love.com\/fr\/wp-json\/wp\/v2\/media?parent=111375"}],"wp:term":[{"taxonomy":"product_brand","embeddable":true,"href":"https:\/\/gpl-love.com\/fr\/wp-json\/wp\/v2\/product_brand?post=111375"},{"taxonomy":"product_cat","embeddable":true,"href":"https:\/\/gpl-love.com\/fr\/wp-json\/wp\/v2\/product_cat?post=111375"},{"taxonomy":"product_tag","embeddable":true,"href":"https:\/\/gpl-love.com\/fr\/wp-json\/wp\/v2\/product_tag?post=111375"}],"curies":[{"name":"wp","href":"https:\/\/api.w.org\/{rel}","templated":true}]}}