{"id":111373,"date":"2024-09-10T00:00:00","date_gmt":"2024-09-09T22:00:00","guid":{"rendered":"http:\/\/gpl-love.com\/fr\/produit\/formidable-forms-campaign-monitor\/"},"modified":"2026-03-20T23:06:24","modified_gmt":"2026-03-20T22:06:24","slug":"formidable-forms-campaign-monitor","status":"publish","type":"product","link":"https:\/\/gpl-love.com\/fr\/produit\/formidable-forms-campaign-monitor\/","title":{"rendered":"Formidable Forms Campaign Monitor 1.06"},"content":{"rendered":"<h3>Formidable Forms Campaign Monitor Traits<\/h3>\n<p>Le formidable Forms Campaign Monitor est une solution ing\u00e9nieuse qui offre aux entreprises l&rsquo;int\u00e9gration transparente de leurs formes formidables avec Campaign Monitor. Cet outil exceptionnellement robuste permet aux utilisateurs de cr\u00e9er et de g\u00e9rer sans effort des campagnes par e-mail directement dans le formidable plugin Forms, facilitant ainsi une communication efficace avec les clients et les prospects. Avec son interface remarquablement conviviale, ses mod\u00e8les personnalisables et ses capacit\u00e9s de rapports avanc\u00e9es, le formidable Forms Campaign Monitor se pr\u00e9sente comme une m\u00e9thode fiable et tr\u00e8s efficace pour rationaliser ses efforts de marketing par e-mail. Que l&rsquo;objectif soit d&rsquo;\u00e9largir la base des abonn\u00e9s ou d&rsquo;intensifier l&rsquo;engagement avec le public existant, cette int\u00e9gration englobe tous les composants essentiels n\u00e9cessaires pour atteindre ces objectifs. Par cons\u00e9quent, pourquoi h\u00e9siter? Prenez l&rsquo;initiative d&rsquo;explorer le potentiel sans limites du formidable moniteur de campagne des formulaires aujourd&rsquo;hui, et assistez \u00e0 vos efforts de marketing par e-mail sur des hauteurs sans pr\u00e9c\u00e9dent!<\/p>\n<ul>\n<li>-Une int\u00e9gration transparente entre les formes formidables et le moniteur de campagne<\/li>\n<li>-Automatiquement ajouter de nouveaux abonn\u00e9s \u00e0 votre liste de moniteurs de campagne car ils soumettent un formulaire formidable<\/li>\n<li>-S\u00e9lectionnez quelle liste de moniteurs de campagne pour ajouter de nouveaux abonn\u00e9s<\/li>\n<li>-MAP Formidable Forms Fields to Correspondant Campaign Monitor Fields<\/li>\n<li>-Suport pour les champs personnalis\u00e9s moniteur de campagne<\/li>\n<li>-Ption pour envoyer un e-mail de bienvenue aux nouveaux abonn\u00e9s<\/li>\n<li>-Ption pour permettre une double opt pour la protection suppl\u00e9mentaire des abonn\u00e9s<\/li>\n<li>&#8211; Mod\u00e8les d&rsquo;e-mail personnalisables avec un \u00e9diteur WYSIWYG<\/li>\n<li>-Send le test des e-mails avant d&rsquo;envoyer \u00e0 vos abonn\u00e9s<\/li>\n<li>-Prack votre campagne de campagne par e-mail avec des analyses et des rapports d\u00e9taill\u00e9s<\/li>\n<li>-Save le temps et les efforts en automatisant vos processus de g\u00e9n\u00e9ration de leads et de marketing par e-mail.<\/li>\n<\/ul>\n","protected":false},"excerpt":{"rendered":"<p>L&rsquo;extension Formidable Forms pour Campaign Monitor offre une solution pratique pour int\u00e9grer vos formulaires Formidable Forms \u00e0 votre compte Campaign Monitor, permettant une synchronisation fluide et sans effort des informations de contact entre vos formulaires et vos campagnes e-mail. Gr\u00e2ce \u00e0 cette extension, vous pouvez g\u00e9rer et superviser efficacement vos campagnes e-mail, tout en collectant des prospects et des informations pr\u00e9cieuses \u00e0 partir de vos formulaires, le tout sur une plateforme unifi\u00e9e. Cela permet non seulement une meilleure organisation, mais aussi un flux de travail simplifi\u00e9, optimisant ainsi votre productivit\u00e9 et votre efficacit\u00e9 globales.<\/p>\n","protected":false},"featured_media":143906,"comment_status":"open","ping_status":"open","template":"","meta":[],"product_brand":[2555],"product_cat":[1191,1181,1186],"product_tag":[1484],"class_list":{"0":"post-111373","1":"product","2":"type-product","3":"status-publish","4":"has-post-thumbnail","6":"product_brand-formidable","7":"product_cat-formes","8":"product_cat-plugins","9":"product_cat-wordpress-plugins","10":"product_tag-formidable","11":"member-discount","12":"discount-restricted","14":"first","15":"instock","16":"sale","17":"downloadable","18":"virtual","19":"sold-individually","20":"purchasable","21":"product-type-simple"},"_links":{"self":[{"href":"https:\/\/gpl-love.com\/fr\/wp-json\/wp\/v2\/product\/111373","targetHints":{"allow":["GET"]}}],"collection":[{"href":"https:\/\/gpl-love.com\/fr\/wp-json\/wp\/v2\/product"}],"about":[{"href":"https:\/\/gpl-love.com\/fr\/wp-json\/wp\/v2\/types\/product"}],"replies":[{"embeddable":true,"href":"https:\/\/gpl-love.com\/fr\/wp-json\/wp\/v2\/comments?post=111373"}],"wp:featuredmedia":[{"embeddable":true,"href":"https:\/\/gpl-love.com\/fr\/wp-json\/wp\/v2\/media\/143906"}],"wp:attachment":[{"href":"https:\/\/gpl-love.com\/fr\/wp-json\/wp\/v2\/media?parent=111373"}],"wp:term":[{"taxonomy":"product_brand","embeddable":true,"href":"https:\/\/gpl-love.com\/fr\/wp-json\/wp\/v2\/product_brand?post=111373"},{"taxonomy":"product_cat","embeddable":true,"href":"https:\/\/gpl-love.com\/fr\/wp-json\/wp\/v2\/product_cat?post=111373"},{"taxonomy":"product_tag","embeddable":true,"href":"https:\/\/gpl-love.com\/fr\/wp-json\/wp\/v2\/product_tag?post=111373"}],"curies":[{"name":"wp","href":"https:\/\/api.w.org\/{rel}","templated":true}]}}