{"id":111371,"date":"2025-05-01T00:00:00","date_gmt":"2025-04-30T22:00:00","guid":{"rendered":"http:\/\/gpl-love.com\/fr\/produit\/formidable-forms-bootstrap-modal\/"},"modified":"2026-03-20T23:06:24","modified_gmt":"2026-03-20T22:06:24","slug":"formidable-forms-bootstrap-modal","status":"publish","type":"product","link":"https:\/\/gpl-love.com\/fr\/produit\/formidable-forms-bootstrap-modal\/","title":{"rendered":"Formidable Forms Bootstrap Modal 3.0.3"},"content":{"rendered":"<h3>Formidable Forms Bootstrap Modal Traits<\/h3>\n<p>Le formidable formes Bootstrap Modal est un outil extr\u00eamement puissant qui r\u00e9pond aux besoins des d\u00e9veloppeurs Web aspirant \u00e0 fabriquer des formes esth\u00e9tiquement agr\u00e9ables et fonctionnelles sur leurs sites Web. Ce plugin particulier permet aux utilisateurs de forger sans effort des formes personnalisables en exploitant le langage de conception intuitif en vigueur de Bootstrap. En vertu de son interface de glisser-d\u00e9poser, les utilisateurs sont dot\u00e9s de la possibilit\u00e9 de construire et d&rsquo;adapter rapidement les formulaires pour s&rsquo;aligner sur leurs exigences uniques. En outre, le formidable formes bootstrap modal englobe un tableau de fonctionnalit\u00e9s sophistiqu\u00e9es, y compris la logique conditionnelle et les formes multipages, entre autres, s&rsquo;\u00e9tablissant ainsi comme un outil indispensable pour les sites Web n\u00e9cessitant la compilation de donn\u00e9es complexes. En substance, les formidables formes Bootstrap Modal constituent un plugin ind\u00e9fectible et centr\u00e9 sur l&rsquo;utilisateur, rationalisant avec diligence le processus ardu de construire des formes et d&rsquo;autonomiser les d\u00e9veloppeurs \u00e0 engendrer sans effort des formes de calibre de qualit\u00e9 professionnelle dans un d\u00e9lai acc\u00e9l\u00e9r\u00e9.<\/p>\n<ul>\n<li>Int\u00e9gration de formes formidables avec des modaux bootstrap<\/li>\n<li>Permet une cr\u00e9ation facile et \u00e9l\u00e9gante de formulaires pop-up sans avoir besoin de coder<\/li>\n<li>Conceptions personnalisables avec toute la puissance de Bootstrap CSS<\/li>\n<li>Exp\u00e9rience utilisateur am\u00e9lior\u00e9e avec des formulaires pop-up interactifs et attirant l&rsquo;attention<\/li>\n<li>Compatible avec tous les appareils et tailles d&rsquo;\u00e9cran pour une port\u00e9e maximale<\/li>\n<li>Int\u00e9gration transparente avec des capacit\u00e9s de cr\u00e9ation de formulaires formidables<\/li>\n<li>Permet une int\u00e9gration facile de formulaires n&rsquo;importe o\u00f9 sur votre site Web<\/li>\n<li>Taux de rebond r\u00e9duits et conversions accrues avec des formulaires pop-up conviviaux<\/li>\n<li>Processus de soumission de formulaire simplifi\u00e9 pour les utilisateurs avec des \u00e9tapes moindres et une conception engageante<\/li>\n<li>Les fonctionnalit\u00e9s de s\u00e9curit\u00e9 maintenues des formes formidables pour la protection des donn\u00e9es.<\/li>\n<\/ul>\n","protected":false},"excerpt":{"rendered":"<p>Le module Formidable Forms Bootstrap Modal est un outil incroyablement puissant et efficace qui vous permet de g\u00e9n\u00e9rer facilement des formulaires personnalis\u00e9s pour votre site web. Ce plugin remarquable facilite la cr\u00e9ation de formulaires modaux qui s&rsquo;int\u00e8grent parfaitement \u00e0 l&rsquo;esth\u00e9tique et au design de votre site. De plus, il s&rsquo;int\u00e8gre parfaitement au tr\u00e8s populaire plugin Formidable Forms, vous offrant ainsi la possibilit\u00e9 d&rsquo;incorporer des fonctionnalit\u00e9s avanc\u00e9es telles que la logique conditionnelle et le t\u00e9l\u00e9chargement de fichiers. Gr\u00e2ce \u00e0 son design Bootstrap Modal, vos formulaires conservent leur excellente qualit\u00e9 visuelle quel que soit l&rsquo;appareil utilis\u00e9, ordinateur ou appareil mobile. En tirant parti des capacit\u00e9s de Formidable Forms Bootstrap Modal, vous pouvez simplifier et optimiser les flux de travail des formulaires sur votre site web, rendant ainsi la collecte d&rsquo;informations pr\u00e9cieuses aupr\u00e8s de vos utilisateurs extr\u00eamement facile.<\/p>\n","protected":false},"featured_media":143905,"comment_status":"open","ping_status":"open","template":"","meta":[],"product_brand":[2555],"product_cat":[1191,1181,1186],"product_tag":[1484],"class_list":{"0":"post-111371","1":"product","2":"type-product","3":"status-publish","4":"has-post-thumbnail","6":"product_brand-formidable","7":"product_cat-formes","8":"product_cat-plugins","9":"product_cat-wordpress-plugins","10":"product_tag-formidable","11":"member-discount","12":"discount-restricted","14":"first","15":"instock","16":"sale","17":"downloadable","18":"virtual","19":"sold-individually","20":"purchasable","21":"product-type-simple"},"_links":{"self":[{"href":"https:\/\/gpl-love.com\/fr\/wp-json\/wp\/v2\/product\/111371","targetHints":{"allow":["GET"]}}],"collection":[{"href":"https:\/\/gpl-love.com\/fr\/wp-json\/wp\/v2\/product"}],"about":[{"href":"https:\/\/gpl-love.com\/fr\/wp-json\/wp\/v2\/types\/product"}],"replies":[{"embeddable":true,"href":"https:\/\/gpl-love.com\/fr\/wp-json\/wp\/v2\/comments?post=111371"}],"wp:featuredmedia":[{"embeddable":true,"href":"https:\/\/gpl-love.com\/fr\/wp-json\/wp\/v2\/media\/143905"}],"wp:attachment":[{"href":"https:\/\/gpl-love.com\/fr\/wp-json\/wp\/v2\/media?parent=111371"}],"wp:term":[{"taxonomy":"product_brand","embeddable":true,"href":"https:\/\/gpl-love.com\/fr\/wp-json\/wp\/v2\/product_brand?post=111371"},{"taxonomy":"product_cat","embeddable":true,"href":"https:\/\/gpl-love.com\/fr\/wp-json\/wp\/v2\/product_cat?post=111371"},{"taxonomy":"product_tag","embeddable":true,"href":"https:\/\/gpl-love.com\/fr\/wp-json\/wp\/v2\/product_tag?post=111371"}],"curies":[{"name":"wp","href":"https:\/\/api.w.org\/{rel}","templated":true}]}}