{"id":111369,"date":"2022-09-27T00:00:00","date_gmt":"2022-09-26T22:00:00","guid":{"rendered":"http:\/\/gpl-love.com\/fr\/produit\/formidable-forms-bootstrap-form-styling\/"},"modified":"2026-04-21T06:30:28","modified_gmt":"2026-04-21T04:30:28","slug":"formidable-forms-bootstrap-form-styling","status":"publish","type":"product","link":"https:\/\/gpl-love.com\/fr\/produit\/formidable-forms-bootstrap-form-styling\/","title":{"rendered":"Formidable Forms Bootstrap Form Styling 1.0.3"},"content":{"rendered":"<h3>Formidable Forms Bootstrap Form Styling Traits<\/h3>\n<p>Formidables Formes Bootstrap Form Styling est un plugin incroyablement polyvalent et dynamique qui offre aux utilisateurs la possibilit\u00e9 de g\u00e9n\u00e9rer sans effort des formulaires attrayants visuellement. Offrant une vaste gamme de fonctionnalit\u00e9s personnalisables, ce plugin assure une exp\u00e9rience de cr\u00e9ation de formulaire transparente et professionnelle. Soutenant un \u00e9ventail de types de formulaires allant des formulaires de contact aux enqu\u00eates et aux quiz, les utilisateurs ont la libert\u00e9 de s\u00e9lectionner parmi un large assortiment de mod\u00e8les de formulaire, puis de les adapter \u00e0 leurs pr\u00e9f\u00e9rences individuelles. Remarquablement, ce plugin a \u00e9t\u00e9 m\u00e9ticuleusement con\u00e7u pour s&rsquo;int\u00e9grer de mani\u00e8re transparente au framework bootstrap, accordant ainsi aux utilisateurs l&rsquo;acc\u00e8s \u00e0 une vaste gamme d&rsquo;options de conception qui garantissent que leurs formes correspondent harmonieusement \u00e0 l&rsquo;esth\u00e9tique globale de leur site Web. B\u00e9n\u00e9ficiant d&rsquo;une interface conviviale et d&rsquo;une impressionnante gamme de capacit\u00e9s de personnalisation, de formidables formulaires Le style de forme bootstrap est sans aucun doute un outil indispensable pour les personnes cherchant \u00e0 g\u00e9n\u00e9rer sans effort des formes de premier ordre et polis.<\/p>\n<ul>\n<li>Styles de forme bootstrap con\u00e7us professionnellement et r\u00e9actifs<\/li>\n<li>Options de conception personnalisables pour s&rsquo;adapter \u00e0 l&rsquo;aspect et \u00e0 la sensation de votre marque<\/li>\n<li>Int\u00e9gration transparente avec des formes formidables pour une cr\u00e9ation et une gestion faciles<\/li>\n<li>Compatible avec les deux formes formidables versions gratuites et premium<\/li>\n<li>Aucune comp\u00e9tence de codage requise, ce qui le rend accessible pour tous les niveaux de comp\u00e9tence<\/li>\n<li>Solution de gain de temps pour cr\u00e9er des formes belles et efficaces<\/li>\n<li>Conversions accrues et engagement des utilisateurs avec des formulaires visuellement attrayants<\/li>\n<li>Mises \u00e0 jour et support r\u00e9guliers pour assurer la compatibilit\u00e9 avec les derni\u00e8res versions de formes formidables et de framework bootstrap.<\/li>\n<\/ul>\n","protected":false},"excerpt":{"rendered":"<p>Vous pouvez moderniser l&rsquo;apparence de vos formulaires WordPress standard gr\u00e2ce \u00e0 l&rsquo;extension Formidable Forms Bootstrap Form Styling d&rsquo;Input. Cette extension conviviale vous permet de personnaliser le style et la mise en page de vos formulaires en fonction de l&rsquo;identit\u00e9 visuelle et de l&rsquo;esth\u00e9tique de votre site web. C&rsquo;est donc la solution id\u00e9ale pour les entreprises et les institutions qui souhaitent optimiser l&rsquo;efficacit\u00e9 et la coh\u00e9rence de leur pr\u00e9sence en ligne. Avec ses nombreuses options de personnalisation et son interface intuitive, Formidable Forms Bootstrap Form Styling est un outil indispensable pour tout utilisateur WordPress d\u00e9sireux d&rsquo;am\u00e9liorer la qualit\u00e9 de ses formulaires.<\/p>\n","protected":false},"featured_media":143904,"comment_status":"open","ping_status":"open","template":"","meta":[],"product_brand":[2555],"product_cat":[1191,1181,1186],"product_tag":[1484],"class_list":{"0":"post-111369","1":"product","2":"type-product","3":"status-publish","4":"has-post-thumbnail","6":"product_brand-formidable","7":"product_cat-formes","8":"product_cat-plugins","9":"product_cat-wordpress-plugins","10":"product_tag-formidable","11":"member-discount","12":"discount-restricted","14":"first","15":"instock","16":"sale","17":"downloadable","18":"virtual","19":"sold-individually","20":"purchasable","21":"product-type-simple"},"_links":{"self":[{"href":"https:\/\/gpl-love.com\/fr\/wp-json\/wp\/v2\/product\/111369","targetHints":{"allow":["GET"]}}],"collection":[{"href":"https:\/\/gpl-love.com\/fr\/wp-json\/wp\/v2\/product"}],"about":[{"href":"https:\/\/gpl-love.com\/fr\/wp-json\/wp\/v2\/types\/product"}],"replies":[{"embeddable":true,"href":"https:\/\/gpl-love.com\/fr\/wp-json\/wp\/v2\/comments?post=111369"}],"wp:featuredmedia":[{"embeddable":true,"href":"https:\/\/gpl-love.com\/fr\/wp-json\/wp\/v2\/media\/143904"}],"wp:attachment":[{"href":"https:\/\/gpl-love.com\/fr\/wp-json\/wp\/v2\/media?parent=111369"}],"wp:term":[{"taxonomy":"product_brand","embeddable":true,"href":"https:\/\/gpl-love.com\/fr\/wp-json\/wp\/v2\/product_brand?post=111369"},{"taxonomy":"product_cat","embeddable":true,"href":"https:\/\/gpl-love.com\/fr\/wp-json\/wp\/v2\/product_cat?post=111369"},{"taxonomy":"product_tag","embeddable":true,"href":"https:\/\/gpl-love.com\/fr\/wp-json\/wp\/v2\/product_tag?post=111369"}],"curies":[{"name":"wp","href":"https:\/\/api.w.org\/{rel}","templated":true}]}}