{"id":111367,"date":"2025-06-24T00:00:00","date_gmt":"2025-06-23T22:00:00","guid":{"rendered":"http:\/\/gpl-love.com\/fr\/produit\/formidable-forms-action-automation-addon\/"},"modified":"2026-03-20T23:06:21","modified_gmt":"2026-03-20T22:06:21","slug":"formidable-forms-action-automation-addon","status":"publish","type":"product","link":"https:\/\/gpl-love.com\/fr\/produit\/formidable-forms-action-automation-addon\/","title":{"rendered":"Formidable Forms Action Automation Addon 2.0.9"},"content":{"rendered":"<h3>Formidable Forms Action Automation Addon Traits<\/h3>\n<p>Le formidable Forms Action Automation Addon est un outil incroyablement robuste et efficace qui sert \u00e0 automatiser diverses actions cruciales sur votre site Web WordPress. Cet addon remarquable vous permet d&rsquo;automatiser sans effort une multitude de t\u00e2ches, y compris la r\u00e9partition des e-mails, la mise \u00e0 jour des enregistrements ou m\u00eame la cr\u00e9ation de messages, tous bas\u00e9s sur les soumissions d&rsquo;utilisateurs. Sa compatibilit\u00e9 transparente avec des formes formidables garantit que vous pouvez \u00e9tablir et ex\u00e9cuter sans effort des workflows complexes, automatisant et optimisant ainsi vos processus m\u00e9tier. Dot\u00e9 d&rsquo;une interface qui est \u00e0 la fois conviviale et intuitive, ainsi qu&rsquo;une pl\u00e9thore d&rsquo;outils qui sont incroyablement faciles \u00e0 naviguer et \u00e0 utiliser, le formidable Forms Action Automation Addon repr\u00e9sente la quintessence de l&rsquo;efficacit\u00e9 et de l&rsquo;efficacit\u00e9 pour toute personne qui cherche \u00e0 rationaliser son site Web et \u00e0 am\u00e9liorer et \u00e0 am\u00e9liorer leur flux de travail global. Donc, si vous vous trouvez \u00e0 la recherche d&rsquo;un outil d&rsquo;automatisation qui est non seulement extr\u00eamement puissant mais \u00e9galement excessivement convivial pour votre site Web WordPress, il n&rsquo;est vraiment pas n\u00e9cessaire de chercher plus loin que le formidable formulaires de formes Addon Action Automation.<\/p>\n<ul>\n<li>Automatise les actions en fonction des soumissions de formulaires<\/li>\n<li>Permet \u00e0 la logique conditionnelle de d\u00e9clencher diff\u00e9rentes actions<\/li>\n<li>S&rsquo;int\u00e8gre aux services de marketing par e-mail populaires comme MailChimp et un contact constant<\/li>\n<li>Offre des fonctionnalit\u00e9s WebHook pour se connecter avec d&rsquo;autres logiciels et services<\/li>\n<li>Prend en charge la cr\u00e9ation d&rsquo;actions personnalis\u00e9es en utilisant des extraits de code<\/li>\n<li>Fournit une journalisation d\u00e9taill\u00e9e et des rapports d&rsquo;erreurs pour le d\u00e9pannage<\/li>\n<li>Comprend une vari\u00e9t\u00e9 d&rsquo;actions pr\u00e9d\u00e9finies telles que la redirection vers une page de remerciement ou l&rsquo;envoi d&rsquo;un e-mail de confirmation<\/li>\n<li>Permet la planification des actions pour une date et une heure sp\u00e9cifiques<\/li>\n<li>Interface conviviale pour la configuration des actions sans codage<\/li>\n<li>\u00c9quipe d&rsquo;assistance r\u00e9active pour une assistance pour la configuration et la personnalisation.<\/li>\n<\/ul>\n","protected":false},"excerpt":{"rendered":"<p>L&rsquo;extension Formidable Forms Action Automation, une solution performante pour l&rsquo;automatisation des soumissions de formulaires, offre un large \u00e9ventail de fonctionnalit\u00e9s facilement configurables pour s&rsquo;ex\u00e9cuter d\u00e8s la soumission d&rsquo;un formulaire. Ces fonctionnalit\u00e9s couvrent de nombreuses actions, notamment l&rsquo;envoi d&rsquo;e-mails, la cr\u00e9ation de t\u00e2ches et la mise \u00e0 jour des enregistrements. En int\u00e9grant cette extension \u00e0 votre flux de travail, vous simplifiez et acc\u00e9l\u00e9rez vos processus en \u00e9liminant la saisie manuelle de donn\u00e9es et autres t\u00e2ches r\u00e9p\u00e9titives. De plus, son interface intuitive et ses options personnalisables permettent d&rsquo;adapter facilement cette extension aux besoins sp\u00e9cifiques de votre entreprise. Que vous soyez un entrepreneur \u00e0 la t\u00eate d&rsquo;une PME ou une grande entreprise, l&rsquo;extension Formidable Forms Action Automation est un outil indispensable pour optimiser vos soumissions de formulaires.<\/p>\n","protected":false},"featured_media":143903,"comment_status":"open","ping_status":"open","template":"","meta":[],"product_brand":[2555],"product_cat":[1191,1181,1186],"product_tag":[1484],"class_list":{"0":"post-111367","1":"product","2":"type-product","3":"status-publish","4":"has-post-thumbnail","6":"product_brand-formidable","7":"product_cat-formes","8":"product_cat-plugins","9":"product_cat-wordpress-plugins","10":"product_tag-formidable","11":"member-discount","12":"discount-restricted","14":"first","15":"instock","16":"sale","17":"downloadable","18":"virtual","19":"sold-individually","20":"purchasable","21":"product-type-simple"},"_links":{"self":[{"href":"https:\/\/gpl-love.com\/fr\/wp-json\/wp\/v2\/product\/111367","targetHints":{"allow":["GET"]}}],"collection":[{"href":"https:\/\/gpl-love.com\/fr\/wp-json\/wp\/v2\/product"}],"about":[{"href":"https:\/\/gpl-love.com\/fr\/wp-json\/wp\/v2\/types\/product"}],"replies":[{"embeddable":true,"href":"https:\/\/gpl-love.com\/fr\/wp-json\/wp\/v2\/comments?post=111367"}],"wp:featuredmedia":[{"embeddable":true,"href":"https:\/\/gpl-love.com\/fr\/wp-json\/wp\/v2\/media\/143903"}],"wp:attachment":[{"href":"https:\/\/gpl-love.com\/fr\/wp-json\/wp\/v2\/media?parent=111367"}],"wp:term":[{"taxonomy":"product_brand","embeddable":true,"href":"https:\/\/gpl-love.com\/fr\/wp-json\/wp\/v2\/product_brand?post=111367"},{"taxonomy":"product_cat","embeddable":true,"href":"https:\/\/gpl-love.com\/fr\/wp-json\/wp\/v2\/product_cat?post=111367"},{"taxonomy":"product_tag","embeddable":true,"href":"https:\/\/gpl-love.com\/fr\/wp-json\/wp\/v2\/product_tag?post=111367"}],"curies":[{"name":"wp","href":"https:\/\/api.w.org\/{rel}","templated":true}]}}