{"id":111365,"date":"2021-02-09T00:00:00","date_gmt":"2021-02-08T23:00:00","guid":{"rendered":"http:\/\/gpl-love.com\/fr\/produit\/facetwp-user-post-type\/"},"modified":"2026-03-20T23:05:36","modified_gmt":"2026-03-20T22:05:36","slug":"facetwp-user-post-type","status":"publish","type":"product","link":"https:\/\/gpl-love.com\/fr\/produit\/facetwp-user-post-type\/","title":{"rendered":"FacetWP User Post Type 0.7.2"},"content":{"rendered":"<h3>FacetWP User Post Type Traits<\/h3>\n<p>Le type de publication d&rsquo;utilisateur FACETWP est un outil incroyablement puissant qui offre aux utilisateurs la possibilit\u00e9 de g\u00e9n\u00e9rer des types de publication personnalis\u00e9s pour leur site WordPress. Ce plugin innovant permet l&rsquo;ajout transparent de nouveaux types de publication, la personnalisation des mod\u00e8les de publication et la cr\u00e9ation de champs personnalis\u00e9s sp\u00e9cialement con\u00e7us pour recueillir les informations n\u00e9cessaires des utilisateurs. L&rsquo;interface utilisateur de ce plugin est incroyablement intuitive, ce qui le rend sans effort facile \u00e0 naviguer. En outre, les options de configuration flexibles fournies par le type de poste utilisateur FACETWP permettent une exp\u00e9rience vraiment personnalis\u00e9e, permettant aux utilisateurs d&rsquo;adapter leur site \u00e0 r\u00e9pondre \u00e0 leurs besoins uniques. Que l&rsquo;on construise un blog, un portefeuille ou un site de commerce \u00e9lectronique, ce plugin est un outil indispensable qui assure une pr\u00e9sence en ligne professionnelle et personnalis\u00e9e. N&rsquo;h\u00e9sitez plus &#8211; saisissez l&rsquo;opportunit\u00e9 de r\u00e9volutionner votre site WordPress en t\u00e9l\u00e9chargeant le type de publication d&rsquo;utilisateur FACETWP aujourd&rsquo;hui et commencez \u00e0 cr\u00e9er des types de publication personnalis\u00e9s \u00e0 couper le souffle.<\/p>\n<ul>\n<li>FACETWP User Type Post permet aux utilisateurs de classer et de filtrer facilement les publications en fonction des champs personnalis\u00e9s, des taxonomies et d&rsquo;autres donn\u00e9es.<\/li>\n<li>Avec le type de publication d&rsquo;utilisateur FACETWP, les utilisateurs peuvent cr\u00e9er des types de publication personnalis\u00e9s avec leurs propres champs et param\u00e8tres uniques pour mieux organiser et rationaliser leur contenu.<\/li>\n<li>Le plugin comprend divers outils et fonctionnalit\u00e9s puissants pour aider les utilisateurs \u00e0 cr\u00e9er des fonctionnalit\u00e9s de recherche et de filtrage dynamiques robustes pour leurs publications.<\/li>\n<li>Les utilisateurs peuvent cr\u00e9er un large \u00e9ventail de facettes et de filtres, y compris des listes d\u00e9roulantes, des cases \u00e0 cocher, des gammes, etc., pour aider les t\u00e9l\u00e9spectateurs \u00e0 trouver rapidement le contenu qu&rsquo;ils recherchent.<\/li>\n<li>FACETWP User Type Post s&rsquo;int\u00e8gre parfaitement aux syst\u00e8mes de gestion de contenu populaires comme WordPress, ce qui facilite l&rsquo;utilisation et la personnalisation de l&rsquo;expertise technique.<\/li>\n<li>Le plugin est r\u00e9guli\u00e8rement mis \u00e0 jour et pris en charge par une \u00e9quipe d\u00e9di\u00e9e de d\u00e9veloppeurs, garantissant que les utilisateurs peuvent toujours compter sur celui-ci pour fournir des r\u00e9sultats coh\u00e9rents et fiables.<\/li>\n<li>En fin de compte, le type de publication d&rsquo;utilisateur FACETWP est un outil essentiel pour quiconque cherche \u00e0 maximiser l&rsquo;utilit\u00e9 et les fonctionnalit\u00e9s de ses messages tout en am\u00e9liorant l&rsquo;exp\u00e9rience utilisateur de ses t\u00e9l\u00e9spectateurs.<\/li>\n<\/ul>\n","protected":false},"excerpt":{"rendered":"<p>Le module compl\u00e9mentaire FACETWP User Type de type est un outil tr\u00e8s efficace qui permet aux utilisateurs de filtrer et affiner sans effort leurs r\u00e9sultats de recherche pour les types de publication personnalis\u00e9s. En exploitant le plein potentiel de cet outil robuste, vous pourrez construire sans effort une exp\u00e9rience de recherche intuitive pour les utilisateurs, simplifiant ainsi le processus de localisation du contenu souhait\u00e9. Que vous superposiez un blog ou une boutique en ligne, le module compl\u00e9mentaire de la publication d&rsquo;utilisateur FACETWP peut fournir \u00e0 votre site Web un avantage hautement personnalisable et en \u00e9volution dynamique. Par cons\u00e9quent, si vous cherchez \u00e0 \u00e9lever les capacit\u00e9s de recherche de votre site Web, ce module compl\u00e9mentaire est sans \u00e9quivoque la solution id\u00e9ale pour vous.<\/p>\n","protected":false},"featured_media":143851,"comment_status":"open","ping_status":"open","template":"","meta":[],"product_brand":[2543],"product_cat":[1189,1181,1186],"product_tag":[1482],"class_list":{"0":"post-111365","1":"product","2":"type-product","3":"status-publish","4":"has-post-thumbnail","6":"product_brand-facetwp","7":"product_cat-personnalisation","8":"product_cat-plugins","9":"product_cat-wordpress-plugins","10":"product_tag-facetwp","11":"member-discount","12":"discount-restricted","14":"first","15":"instock","16":"sale","17":"downloadable","18":"virtual","19":"sold-individually","20":"purchasable","21":"product-type-simple"},"_links":{"self":[{"href":"https:\/\/gpl-love.com\/fr\/wp-json\/wp\/v2\/product\/111365","targetHints":{"allow":["GET"]}}],"collection":[{"href":"https:\/\/gpl-love.com\/fr\/wp-json\/wp\/v2\/product"}],"about":[{"href":"https:\/\/gpl-love.com\/fr\/wp-json\/wp\/v2\/types\/product"}],"replies":[{"embeddable":true,"href":"https:\/\/gpl-love.com\/fr\/wp-json\/wp\/v2\/comments?post=111365"}],"wp:featuredmedia":[{"embeddable":true,"href":"https:\/\/gpl-love.com\/fr\/wp-json\/wp\/v2\/media\/143851"}],"wp:attachment":[{"href":"https:\/\/gpl-love.com\/fr\/wp-json\/wp\/v2\/media?parent=111365"}],"wp:term":[{"taxonomy":"product_brand","embeddable":true,"href":"https:\/\/gpl-love.com\/fr\/wp-json\/wp\/v2\/product_brand?post=111365"},{"taxonomy":"product_cat","embeddable":true,"href":"https:\/\/gpl-love.com\/fr\/wp-json\/wp\/v2\/product_cat?post=111365"},{"taxonomy":"product_tag","embeddable":true,"href":"https:\/\/gpl-love.com\/fr\/wp-json\/wp\/v2\/product_tag?post=111365"}],"curies":[{"name":"wp","href":"https:\/\/api.w.org\/{rel}","templated":true}]}}