{"id":111363,"date":"2024-12-17T00:00:00","date_gmt":"2024-12-16T23:00:00","guid":{"rendered":"http:\/\/gpl-love.com\/fr\/produit\/facetwp-time-since\/"},"modified":"2026-03-20T23:05:35","modified_gmt":"2026-03-20T22:05:35","slug":"facetwp-time-since","status":"publish","type":"product","link":"https:\/\/gpl-love.com\/fr\/produit\/facetwp-time-since\/","title":{"rendered":"FacetWP Time Since 1.7.2"},"content":{"rendered":"<h3>FacetWP Time Since Traits<\/h3>\n<p>FACETWP TEMPS \u00c9tant donn\u00e9 qu&rsquo;il est un outil extr\u00eamement robuste et efficace qui pr\u00e9sente une approche innovante de la filtration de contenu bas\u00e9e sur des facteurs temporels, accordant ainsi aux utilisateurs un moyen rationalis\u00e9 et tr\u00e8s efficace pour rechercher des informations pertinentes. Ce plugin exceptionnel permet aux utilisateurs de parcourir sans effort le contenu en \u00e9valuant la dur\u00e9e depuis sa publication ou sa modification, facilitant ainsi la d\u00e9couverte des \u00e9l\u00e9ments les plus r\u00e9cents ou les plus mis \u00e0 jour. Au moyen du temps FACETWP depuis, les utilisateurs ont la possibilit\u00e9 de fabriquer des facettes personnalis\u00e9es qui peuvent \u00eatre int\u00e9gr\u00e9es de mani\u00e8re transparente dans les requ\u00eates de recherche, offrant ainsi une exp\u00e9rience de recherche profond\u00e9ment personnalis\u00e9e et largement efficace. Que l&rsquo;on recherche des articles de blog, des articles de presse ou toute autre vari\u00e9t\u00e9 de contenu, ce plugin in\u00e9gal\u00e9 fait de la t\u00e2che de d\u00e9nicher rapidement et sans effort sans effort les informations souhait\u00e9es une brise absolue.<\/p>\n<ul>\n<li>Options de filtrage dynamique pour le contenu bas\u00e9 sur les dates<\/li>\n<li>Permet aux utilisateurs de filtrer le contenu en fonction du temps depuis la cr\u00e9ation, la modification ou la publication<\/li>\n<li>Interface intuitive pour s\u00e9lectionner et ajuster facilement les plages de date<\/li>\n<li>Offre une flexibilit\u00e9 pour afficher le contenu filtr\u00e9 par les minutes, les heures, les jours, les semaines, les mois ou les ann\u00e9es<\/li>\n<li>Peut \u00eatre utilis\u00e9 conjointement avec d&rsquo;autres filtres FACETWP pour cr\u00e9er des exp\u00e9riences de recherche personnalis\u00e9es<\/li>\n<li>Prise en charge int\u00e9gr\u00e9e pour les plates-formes de syst\u00e8mes de gestion de contenu populaires comme WordPress et Shopify<\/li>\n<li>Compatible avec une gamme de sources de donn\u00e9es, y compris des champs personnalis\u00e9s, des taxonomies et des types de poste<\/li>\n<li>Offre des capacit\u00e9s de recherche et de filtrage rapides et efficaces, en r\u00e9duisant les temps de chargement et en am\u00e9liorant l&rsquo;exp\u00e9rience utilisateur.<\/li>\n<\/ul>\n","protected":false},"excerpt":{"rendered":"<p>Le temps FACETWP, car le module compl\u00e9mentaire poss\u00e8de un tableau impressionnant de fonctionnalit\u00e9s qui permettent aux utilisateurs de filtrer et d&rsquo;exposer efficacement le contenu en fonction de sa r\u00e9cence. Cet outil exceptionnel s&rsquo;av\u00e8re particuli\u00e8rement b\u00e9n\u00e9fique pour les sites Web qui s&rsquo;appuient fortement sur l&rsquo;afflux coh\u00e9rent de contenu frais. En int\u00e9grant ce module compl\u00e9mentaire dans leur plate-forme, les utilisateurs re\u00e7oivent une m\u00e9thode pratique et rapide pour pr\u00e9senter leurs messages, produits ou \u00e9v\u00e9nements les plus r\u00e9cents. La polyvalence du temps FACETWP depuis vraiment sa capacit\u00e9 \u00e0 faciliter la cr\u00e9ation de filtres personnalis\u00e9s ax\u00e9s sur le temps, permettant aux utilisateurs d&rsquo;organiser sans effort leur contenu par des heures, des jours, des mois ou m\u00eame des ann\u00e9es. Que vous soyez un entrepreneur de commerce \u00e9lectronique, que vous cherchiez avec impatience \u00e0 pr\u00e9senter vos derni\u00e8res offres de produits, ou un blogueur passionn\u00e9, ferme dans votre engagement \u00e0 captiver et \u00e0 conserver votre lectorat, FacetWP, car il r\u00e9pond sans \u00e9quivoque et d\u00e9passe les attentes.<\/p>\n","protected":false},"featured_media":143850,"comment_status":"open","ping_status":"open","template":"","meta":[],"product_brand":[2543],"product_cat":[1189,1181,1186],"product_tag":[1482],"class_list":{"0":"post-111363","1":"product","2":"type-product","3":"status-publish","4":"has-post-thumbnail","6":"product_brand-facetwp","7":"product_cat-personnalisation","8":"product_cat-plugins","9":"product_cat-wordpress-plugins","10":"product_tag-facetwp","11":"member-discount","12":"discount-restricted","14":"first","15":"instock","16":"sale","17":"downloadable","18":"virtual","19":"sold-individually","20":"purchasable","21":"product-type-simple"},"_links":{"self":[{"href":"https:\/\/gpl-love.com\/fr\/wp-json\/wp\/v2\/product\/111363","targetHints":{"allow":["GET"]}}],"collection":[{"href":"https:\/\/gpl-love.com\/fr\/wp-json\/wp\/v2\/product"}],"about":[{"href":"https:\/\/gpl-love.com\/fr\/wp-json\/wp\/v2\/types\/product"}],"replies":[{"embeddable":true,"href":"https:\/\/gpl-love.com\/fr\/wp-json\/wp\/v2\/comments?post=111363"}],"wp:featuredmedia":[{"embeddable":true,"href":"https:\/\/gpl-love.com\/fr\/wp-json\/wp\/v2\/media\/143850"}],"wp:attachment":[{"href":"https:\/\/gpl-love.com\/fr\/wp-json\/wp\/v2\/media?parent=111363"}],"wp:term":[{"taxonomy":"product_brand","embeddable":true,"href":"https:\/\/gpl-love.com\/fr\/wp-json\/wp\/v2\/product_brand?post=111363"},{"taxonomy":"product_cat","embeddable":true,"href":"https:\/\/gpl-love.com\/fr\/wp-json\/wp\/v2\/product_cat?post=111363"},{"taxonomy":"product_tag","embeddable":true,"href":"https:\/\/gpl-love.com\/fr\/wp-json\/wp\/v2\/product_tag?post=111363"}],"curies":[{"name":"wp","href":"https:\/\/api.w.org\/{rel}","templated":true}]}}